{"id":9931,"date":"2022-12-14T11:11:07","date_gmt":"2022-12-14T10:11:07","guid":{"rendered":"https:\/\/www.fleurop-home.ch\/?product=flechten-kiste-a-ca-500-gramm"},"modified":"2025-10-22T11:21:01","modified_gmt":"2025-10-22T09:21:01","slug":"tresses-caisse-a-environ-500-grammes","status":"publish","type":"product","link":"https:\/\/www.fleurop-home.ch\/fr-ch\/p\/flechten-kiste-a-ca-500-gramm","title":{"rendered":"Bo\u00eete de tresses d'environ 500gr"},"content":{"rendered":"<p><strong>Tresses s\u00e8ches - Naturelles, non trait\u00e9es et d\u00e9coratives de multiples fa\u00e7ons<br \/>\n<\/strong><br \/>\nLes lichens s\u00e9ch\u00e9s apportent la beaut\u00e9 intacte de la nature dans ta d\u00e9coration. Avec leur structure filigrane et leurs teintes terreuses naturelles, elles sont parfaites pour les projets cr\u00e9atifs les plus divers, que ce soit pour des compositions florales, des couronnes de l'Avent ou comme accent dans les d\u00e9corations de table.<\/p>\n<p><strong>D\u00e9tails du produit :<\/strong><br \/>\n- Mat\u00e9riel : lichen s\u00e9ch\u00e9 naturellement et non trait\u00e9<br \/>\n- Couleur : tons naturels terreux et subtils<br \/>\n- Caract\u00e9ristiques : durable, stable et polyvalent<br \/>\n- Utilisation : Id\u00e9al pour les couronnes, les arrangements, les d\u00e9corations de table et les travaux manuels<\/p>\n<p><strong>La conservation :<\/strong><br \/>\n- Conserver au sec et \u00e0 l'abri de la lumi\u00e8re - ainsi, les lichens conserveront leur forme originale pendant des mois, voire des ann\u00e9es.<\/p>\n<p><strong>Particularit\u00e9 :<\/strong><br \/>\n- Chaque tresse est unique - de l\u00e9g\u00e8res variations de forme et de couleur soulignent son origine naturelle.<\/p>\n<p><strong>Conseil<\/strong> Combine les lichens avec d'autres mat\u00e9riaux naturels comme la mousse, les pommes de pin ou les fruits s\u00e9ch\u00e9s pour cr\u00e9er une d\u00e9coration harmonieuse et proche de la nature.<\/p>\n<p>Un \u00e9l\u00e9ment de d\u00e9coration intemporel qui apporte la beaut\u00e9 de la nature \u00e0 tes cr\u00e9ations !<\/p>","protected":false},"excerpt":{"rendered":"<p>Tresses s\u00e8ches - Naturelles, non trait\u00e9es et d\u00e9coratives de multiples fa\u00e7ons<\/p>","protected":false},"featured_media":48954,"template":"","meta":[],"product_brand":[],"product_cat":[29,23,1178,1196,909,914,911],"product_tag":[289],"woo-feed-brand":[],"class_list":{"0":"post-9931","1":"product","2":"type-product","3":"status-publish","4":"has-post-thumbnail","6":"product_cat-do-it-yourself","7":"product_cat-home-living","8":"product_cat-diy","9":"product_cat-natur-deko","10":"product_cat-weihnachten","11":"product_cat-wintergruen","12":"product_cat-accessoires","13":"product_tag-blumengarten-kung-ag","15":"first","16":"instock","17":"taxable","18":"shipping-taxable","19":"purchasable","20":"product-type-simple"},"_links":{"self":[{"href":"https:\/\/www.fleurop-home.ch\/fr-ch\/wp-json\/wp\/v2\/product\/9931","targetHints":{"allow":["GET"]}}],"collection":[{"href":"https:\/\/www.fleurop-home.ch\/fr-ch\/wp-json\/wp\/v2\/product"}],"about":[{"href":"https:\/\/www.fleurop-home.ch\/fr-ch\/wp-json\/wp\/v2\/types\/product"}],"wp:featuredmedia":[{"embeddable":true,"href":"https:\/\/www.fleurop-home.ch\/fr-ch\/wp-json\/wp\/v2\/media\/48954"}],"wp:attachment":[{"href":"https:\/\/www.fleurop-home.ch\/fr-ch\/wp-json\/wp\/v2\/media?parent=9931"}],"wp:term":[{"taxonomy":"product_brand","embeddable":true,"href":"https:\/\/www.fleurop-home.ch\/fr-ch\/wp-json\/wp\/v2\/product_brand?post=9931"},{"taxonomy":"product_cat","embeddable":true,"href":"https:\/\/www.fleurop-home.ch\/fr-ch\/wp-json\/wp\/v2\/product_cat?post=9931"},{"taxonomy":"product_tag","embeddable":true,"href":"https:\/\/www.fleurop-home.ch\/fr-ch\/wp-json\/wp\/v2\/product_tag?post=9931"},{"taxonomy":"woo-feed-brand","embeddable":true,"href":"https:\/\/www.fleurop-home.ch\/fr-ch\/wp-json\/wp\/v2\/woo-feed-brand?post=9931"}],"curies":[{"name":"wp","href":"https:\/\/api.w.org\/{rel}","templated":true}]}}