{"id":9929,"date":"2022-12-14T11:11:06","date_gmt":"2022-12-14T10:11:06","guid":{"rendered":"https:\/\/www.fleurop-home.ch\/?product=klumpenmoos-kiste-a-500-gramm"},"modified":"2025-10-22T11:21:01","modified_gmt":"2025-10-22T09:21:01","slug":"boite-de-mousse-en-mottes-a-500-grammes","status":"publish","type":"product","link":"https:\/\/www.fleurop-home.ch\/fr-ch\/p\/klumpenmoos-kiste-a-500-gramm","title":{"rendered":"Mousse en mottes bo\u00eete de 500 grammes"},"content":{"rendered":"<p><strong>Mousse en mottes s\u00e8che - Naturelle, durable et polyvalente<br \/>\n<\/strong><br \/>\nLa mousse en mottes s\u00e9ch\u00e9e est un produit naturel de haute qualit\u00e9, id\u00e9al pour les d\u00e9corations cr\u00e9atives et les travaux floraux. Avec sa structure dense et douce et son aspect naturel, elle est parfaite pour les couronnes, les arrangements, le mod\u00e9lisme ou les d\u00e9corations de table.<\/p>\n<p><strong>D\u00e9tails du produit :<\/strong><br \/>\n- Mat\u00e9riel : mousse agglom\u00e9rante naturelle, non trait\u00e9e<br \/>\n- Caract\u00e9ristiques : Structure douce et dense pour de multiples possibilit\u00e9s de design<br \/>\n- Utilisation : Id\u00e9al pour les d\u00e9corations, le bricolage et les projets floraux<\/p>\n<p><strong>La conservation :<\/strong><br \/>\n- Conserver au sec et \u00e0 l'abri de la lumi\u00e8re - la mousse conservera ainsi sa qualit\u00e9 pendant des mois, voire des ann\u00e9es.<\/p>\n<p><strong>Conseil d'utilisation :<\/strong><br \/>\n- Humidifie l\u00e9g\u00e8rement la mousse avant de la travailler. Elle sera ainsi plus souple et plus facile \u00e0 fa\u00e7onner et \u00e0 travailler.<\/p>\n<p><strong>Conseil<\/strong> Combine la mousse en mottes avec d'autres mat\u00e9riaux naturels comme l'\u00e9corce, les c\u00f4nes ou les fruits secs pour des cr\u00e9ations harmonieuses et proches de la nature.<\/p>\n<p>Un \u00e9l\u00e9ment indispensable pour tous ceux qui souhaitent apporter une esth\u00e9tique naturelle \u00e0 leurs id\u00e9es de d\u00e9coration !<\/p>","protected":false},"excerpt":{"rendered":"<p>Mousse en mottes s\u00e8che - Naturelle, durable et polyvalente<\/p>","protected":false},"featured_media":48947,"template":"","meta":[],"product_brand":[],"product_cat":[29,23,1178,1196,909,914,911],"product_tag":[289],"woo-feed-brand":[],"class_list":{"0":"post-9929","1":"product","2":"type-product","3":"status-publish","4":"has-post-thumbnail","6":"product_cat-do-it-yourself","7":"product_cat-home-living","8":"product_cat-diy","9":"product_cat-natur-deko","10":"product_cat-weihnachten","11":"product_cat-wintergruen","12":"product_cat-accessoires","13":"product_tag-blumengarten-kung-ag","15":"first","16":"instock","17":"taxable","18":"shipping-taxable","19":"purchasable","20":"product-type-simple"},"_links":{"self":[{"href":"https:\/\/www.fleurop-home.ch\/fr-ch\/wp-json\/wp\/v2\/product\/9929","targetHints":{"allow":["GET"]}}],"collection":[{"href":"https:\/\/www.fleurop-home.ch\/fr-ch\/wp-json\/wp\/v2\/product"}],"about":[{"href":"https:\/\/www.fleurop-home.ch\/fr-ch\/wp-json\/wp\/v2\/types\/product"}],"wp:featuredmedia":[{"embeddable":true,"href":"https:\/\/www.fleurop-home.ch\/fr-ch\/wp-json\/wp\/v2\/media\/48947"}],"wp:attachment":[{"href":"https:\/\/www.fleurop-home.ch\/fr-ch\/wp-json\/wp\/v2\/media?parent=9929"}],"wp:term":[{"taxonomy":"product_brand","embeddable":true,"href":"https:\/\/www.fleurop-home.ch\/fr-ch\/wp-json\/wp\/v2\/product_brand?post=9929"},{"taxonomy":"product_cat","embeddable":true,"href":"https:\/\/www.fleurop-home.ch\/fr-ch\/wp-json\/wp\/v2\/product_cat?post=9929"},{"taxonomy":"product_tag","embeddable":true,"href":"https:\/\/www.fleurop-home.ch\/fr-ch\/wp-json\/wp\/v2\/product_tag?post=9929"},{"taxonomy":"woo-feed-brand","embeddable":true,"href":"https:\/\/www.fleurop-home.ch\/fr-ch\/wp-json\/wp\/v2\/woo-feed-brand?post=9929"}],"curies":[{"name":"wp","href":"https:\/\/api.w.org\/{rel}","templated":true}]}}