{"id":9823,"date":"2022-11-14T15:28:12","date_gmt":"2022-11-14T14:28:12","guid":{"rendered":"https:\/\/www.fleurop-home.ch\/?product=schokoladen-fondue-kit-300-g"},"modified":"2026-02-05T14:42:10","modified_gmt":"2026-02-05T13:42:10","slug":"kit-fondue-au-chocolat-300-g","status":"publish","type":"product","link":"https:\/\/www.fleurop-home.ch\/fr-ch\/p\/schokoladen-fondue-kit-300-g","title":{"rendered":"Kit fondue au chocolat 300 g"},"content":{"rendered":"<ul>\n<li>Set de fondue au chocolat avec du riche chocolat noir suisse<\/li>\n<li>Pot et soucoupe avec espace pour une bougie inclus<\/li>\n<li>Contenu : 300 g<\/li>\n<li>Fabriqu\u00e9 avec des ingr\u00e9dients naturels \u00e0 Gen\u00e8ve<\/li>\n<li>Il suffit de tremper des fruits ou des guimauves dans la qualit\u00e9 du chocolat et de les savourer.<\/li>\n<li>Id\u00e9al pour offrir<\/li>\n<\/ul>\n<p>Fabriqu\u00e9 en Suisse par Maestrani Chocolats Suisses SA<\/p>\n<p><strong>Ingr\u00e9dients :<br \/>\n<\/strong>sucre, p\u00e2te de cacao, beurre de cacao, huile de tournesol, amandes, \u00e9mulsifiant (l\u00e9cithine), extrait de vanille<\/p>\n<p>Info allergies : peut contenir des amandes, du lait, du soja.<\/p>\n<p>Cacao : 52% minimum dans le chocolat<\/p>\n<p><strong>Valeurs nutritives pour 100g :<\/strong><\/p>\n<table width=\"349\">\n<tbody>\n<tr>\n<td><span lang=\"FR-CH\">Valeur \u00e9nerg\u00e9tique<\/span><\/td>\n<td>2370 kJ (570 kcal)<\/td>\n<\/tr>\n<tr>\n<td>Graisse<\/td>\n<td>39g<\/td>\n<\/tr>\n<tr>\n<td>dont acides gras satur\u00e9s<\/td>\n<td>20g<\/td>\n<\/tr>\n<tr>\n<td>Hydrates de carbone<\/td>\n<td>45g<\/td>\n<\/tr>\n<tr>\n<td>dont sucre<\/td>\n<td>42g<\/td>\n<\/tr>\n<tr>\n<td>Prot\u00e9ines<\/td>\n<td>5.6g<\/td>\n<\/tr>\n<tr>\n<td>Sel<\/td>\n<td>0.0g<\/td>\n<\/tr>\n<\/tbody>\n<\/table>","protected":false},"excerpt":{"rendered":"<p>Set de fondue au chocolat<\/p>","protected":false},"featured_media":9824,"template":"","meta":[],"product_brand":[],"product_cat":[53,984,993,909,916,42,114,885,52,1225],"product_tag":[285],"woo-feed-brand":[],"class_list":{"0":"post-9823","1":"product","2":"type-product","3":"status-publish","4":"has-post-thumbnail","6":"product_cat-geschenksets","7":"product_cat-silvester","8":"product_cat-silvestergeschenke","9":"product_cat-weihnachten","10":"product_cat-praesente","11":"product_cat-kueche","12":"product_cat-schokolade-sweets","13":"product_cat-koestlichkeiten","14":"product_cat-geschenke","15":"product_cat-genuss","16":"product_tag-maestrani-schweizer-schokoladen-ag","18":"first","19":"instock","20":"featured","21":"taxable","22":"shipping-taxable","23":"purchasable","24":"product-type-simple"},"_links":{"self":[{"href":"https:\/\/www.fleurop-home.ch\/fr-ch\/wp-json\/wp\/v2\/product\/9823","targetHints":{"allow":["GET"]}}],"collection":[{"href":"https:\/\/www.fleurop-home.ch\/fr-ch\/wp-json\/wp\/v2\/product"}],"about":[{"href":"https:\/\/www.fleurop-home.ch\/fr-ch\/wp-json\/wp\/v2\/types\/product"}],"wp:featuredmedia":[{"embeddable":true,"href":"https:\/\/www.fleurop-home.ch\/fr-ch\/wp-json\/wp\/v2\/media\/9824"}],"wp:attachment":[{"href":"https:\/\/www.fleurop-home.ch\/fr-ch\/wp-json\/wp\/v2\/media?parent=9823"}],"wp:term":[{"taxonomy":"product_brand","embeddable":true,"href":"https:\/\/www.fleurop-home.ch\/fr-ch\/wp-json\/wp\/v2\/product_brand?post=9823"},{"taxonomy":"product_cat","embeddable":true,"href":"https:\/\/www.fleurop-home.ch\/fr-ch\/wp-json\/wp\/v2\/product_cat?post=9823"},{"taxonomy":"product_tag","embeddable":true,"href":"https:\/\/www.fleurop-home.ch\/fr-ch\/wp-json\/wp\/v2\/product_tag?post=9823"},{"taxonomy":"woo-feed-brand","embeddable":true,"href":"https:\/\/www.fleurop-home.ch\/fr-ch\/wp-json\/wp\/v2\/woo-feed-brand?post=9823"}],"curies":[{"name":"wp","href":"https:\/\/api.w.org\/{rel}","templated":true}]}}