{"id":9820,"date":"2022-11-11T15:15:11","date_gmt":"2022-11-11T14:15:11","guid":{"rendered":"https:\/\/www.fleurop-home.ch\/?product=confiseur-tafel-geschenkverpackung-180g"},"modified":"2025-09-22T12:09:17","modified_gmt":"2025-09-22T10:09:17","slug":"tablette-confiseur-emballage-cadeau-180g","status":"publish","type":"product","link":"https:\/\/www.fleurop-home.ch\/fr-ch\/p\/confiseur-tafel-geschenkverpackung-180g","title":{"rendered":"Tablette confiseur emballage cadeau 180g"},"content":{"rendered":"<p>Le site <strong>Confiseur tablette de chocolat<\/strong> est un cadeau d'anniversaire tr\u00e8s appr\u00e9ci\u00e9. Elle est fabriqu\u00e9e \u00e0 la main et d\u00e9cor\u00e9e avec amour avec des noyaux. Chaque tableau est unique et est soigneusement \u00e9tiquet\u00e9 \u00e0 la main. Ce doux cadeau est emball\u00e9 dans un emballage cadeau de haute qualit\u00e9 en marron. Un point fort pour chaque enfant qui f\u00eate son anniversaire.<\/p>\n<p>Fabriqu\u00e9 en Suisse par Maestrani Chocolats Suisses SA.<\/p>\n<p><strong>Ingr\u00e9dients :<br \/>\n<\/strong>Chocolat au lait : sucre, lait entier en poudre, beurre de cacao, p\u00e2te de cacao, noisettes, \u00e9mulsifiant (l\u00e9cithine de soja), ar\u00f4me naturel.<\/p>\n<p>Info allergies : peut contenir du GLUTEN, des ANGELES, des PISTACIES.<\/p>\n<p>Cacao : 30% minimum dans le chocolat.<\/p>\n<p>M\u00e9lange de graines : graines de citrouille, perles de c\u00e9r\u00e9ales croustillantes Ruby [couverture de chocolat 84% (sucre, beurre de cacao, lait \u00e9cr\u00e9m\u00e9 en poudre, lait entier en poudre, p\u00e2te de cacao, \u00e9mulsifiant : l\u00e9cithine de soja), acidifiant (acide citrique), ar\u00f4me naturel de vanille), croquant de c\u00e9r\u00e9ales (farine de bl\u00e9, sucre, amidon de malt de bl\u00e9, amidon de bl\u00e9, poudre \u00e0 lever (bicarbonate de sodium), sel, beurre de cacao, ar\u00f4me naturel de vanille), sirop de glucose, sucre, agent d'enrobage (gomme arabique), amidon modifi\u00e9, graisse v\u00e9g\u00e9tale (coco)<\/p>\n<p><strong>Valeur nutritive :<\/strong><\/p>\n<table width=\"349\">\n<tbody>\n<tr>\n<td><span lang=\"FR-CH\">Valeur \u00e9nerg\u00e9tique<\/span><\/td>\n<td>2286 kJ (548 kcal)<\/td>\n<\/tr>\n<tr>\n<td>Graisse<\/td>\n<td>33g<\/td>\n<\/tr>\n<tr>\n<td>dont acides gras satur\u00e9s<\/td>\n<td>20g<\/td>\n<\/tr>\n<tr>\n<td>Hydrates de carbone<\/td>\n<td>52g<\/td>\n<\/tr>\n<tr>\n<td>dont sucre<\/td>\n<td>51g<\/td>\n<\/tr>\n<tr>\n<td>Prot\u00e9ines<\/td>\n<td>8,5g<\/td>\n<\/tr>\n<tr>\n<td>Sel<\/td>\n<td>0.25g<\/td>\n<\/tr>\n<\/tbody>\n<\/table>","protected":false},"excerpt":{"rendered":"<p>Tablette Confiseur Emballage cadeau 180g (5 tablettes de chocolat \u00e0 180g)<\/p>","protected":false},"featured_media":9821,"template":"","meta":[],"product_brand":[],"product_cat":[54,42,114,885,52],"product_tag":[285],"woo-feed-brand":[],"class_list":{"0":"post-9820","1":"product","2":"type-product","3":"status-publish","4":"has-post-thumbnail","6":"product_cat-feinkost","7":"product_cat-kueche","8":"product_cat-schokolade-sweets","9":"product_cat-koestlichkeiten","10":"product_cat-geschenke","11":"product_tag-maestrani-schweizer-schokoladen-ag","13":"first","14":"instock","15":"taxable","16":"shipping-taxable","17":"purchasable","18":"product-type-simple"},"_links":{"self":[{"href":"https:\/\/www.fleurop-home.ch\/fr-ch\/wp-json\/wp\/v2\/product\/9820","targetHints":{"allow":["GET"]}}],"collection":[{"href":"https:\/\/www.fleurop-home.ch\/fr-ch\/wp-json\/wp\/v2\/product"}],"about":[{"href":"https:\/\/www.fleurop-home.ch\/fr-ch\/wp-json\/wp\/v2\/types\/product"}],"wp:featuredmedia":[{"embeddable":true,"href":"https:\/\/www.fleurop-home.ch\/fr-ch\/wp-json\/wp\/v2\/media\/9821"}],"wp:attachment":[{"href":"https:\/\/www.fleurop-home.ch\/fr-ch\/wp-json\/wp\/v2\/media?parent=9820"}],"wp:term":[{"taxonomy":"product_brand","embeddable":true,"href":"https:\/\/www.fleurop-home.ch\/fr-ch\/wp-json\/wp\/v2\/product_brand?post=9820"},{"taxonomy":"product_cat","embeddable":true,"href":"https:\/\/www.fleurop-home.ch\/fr-ch\/wp-json\/wp\/v2\/product_cat?post=9820"},{"taxonomy":"product_tag","embeddable":true,"href":"https:\/\/www.fleurop-home.ch\/fr-ch\/wp-json\/wp\/v2\/product_tag?post=9820"},{"taxonomy":"woo-feed-brand","embeddable":true,"href":"https:\/\/www.fleurop-home.ch\/fr-ch\/wp-json\/wp\/v2\/woo-feed-brand?post=9820"}],"curies":[{"name":"wp","href":"https:\/\/api.w.org\/{rel}","templated":true}]}}