{"id":9790,"date":"2022-11-10T16:24:34","date_gmt":"2022-11-10T15:24:34","guid":{"rendered":"https:\/\/www.fleurop-home.ch\/?product=tablett-aus-birkenholz-jungleful-27-x-20-cm"},"modified":"2025-12-01T10:35:05","modified_gmt":"2025-12-01T09:35:05","slug":"plateau-en-bois-de-bouleau-jungleful-27-x-20-cm","status":"publish","type":"product","link":"https:\/\/www.fleurop-home.ch\/fr-ch\/p\/tablett-aus-birkenholz-jungleful-27-x-20-cm","title":{"rendered":"Plateau en bois de bouleau \"Jungleful\", 27 x 20 cm"},"content":{"rendered":"<p>Jungleful' se distingue par son \u00e9l\u00e9gance simple. Les motifs r\u00e9currents et les teintes soigneusement s\u00e9lectionn\u00e9es cr\u00e9ent une atmosph\u00e8re calme et \u00e9l\u00e9gante. Ce design est id\u00e9al pour ceux qui pr\u00e9f\u00e8rent une esth\u00e9tique subtile mais efficace. Que ce soit dans un environnement moderne ou traditionnel, 'Jungleful' cr\u00e9e des accents \u00e9l\u00e9gants qui restent intemporels.<\/p>\n<p>La taille rectangulaire compacte est id\u00e9ale pour la pause caf\u00e9 quotidienne, avec de la place pour une boisson et un snack par exemple. Chaque plateau est fabriqu\u00e9 \u00e0 la main en Su\u00e8de \u00e0 partir d'un placage de bouleau durable de haute qualit\u00e9, il est approuv\u00e9 pour le contact avec les aliments, il r\u00e9siste \u00e0 la chaleur et aux taches et peut \u00eatre lav\u00e9 en toute s\u00e9curit\u00e9 dans le lave-vaisselle.<\/p>\n<p>Transforme les moments ordinaires en exp\u00e9riences extraordinaires avec ce plateau classique.<\/p>\n<p style=\"text-align: left\"><em>Cr\u00e9ateur :<\/em> Andreas Frei\/HappyTrays<\/p>\n<p style=\"text-align: left\"><em>Mat\u00e9riel :<\/em> Placage bouleau, rev\u00eatement m\u00e9lamine<\/p>\n<p style=\"text-align: left\"><em>Mod\u00e8le :<\/em>\u00a0Jungleful<\/p>\n<p style=\"text-align: left\"><em>Forme :<\/em> Rectangulaire<\/p>\n<p style=\"text-align: left\"><em>La taille :<\/em> 27 x 20 cm<\/p>","protected":false},"excerpt":{"rendered":"<p>Plateau de haute qualit\u00e9 en bois de bouleau durable avec un design vivant en \u00e9dition limit\u00e9e. Con\u00e7u en Suisse, fabriqu\u00e9 \u00e0 la main en Su\u00e8de. \u00d8 46 cm.<\/p>","protected":false},"featured_media":9791,"template":"","meta":[],"product_brand":[],"product_cat":[1108,23,1190,30,42,1104,43],"product_tag":[314],"woo-feed-brand":[],"class_list":{"0":"post-9790","1":"product","2":"type-product","3":"status-publish","4":"has-post-thumbnail","6":"product_cat-tabletts","7":"product_cat-home-living","8":"product_cat-dekoobjekte","9":"product_cat-deko-accessoires","10":"product_cat-kueche","11":"product_cat-tischakzente","12":"product_cat-gedeckter-tisch","13":"product_tag-happytrays","15":"first","16":"instock","17":"taxable","18":"shipping-taxable","19":"purchasable","20":"product-type-simple"},"_links":{"self":[{"href":"https:\/\/www.fleurop-home.ch\/fr-ch\/wp-json\/wp\/v2\/product\/9790","targetHints":{"allow":["GET"]}}],"collection":[{"href":"https:\/\/www.fleurop-home.ch\/fr-ch\/wp-json\/wp\/v2\/product"}],"about":[{"href":"https:\/\/www.fleurop-home.ch\/fr-ch\/wp-json\/wp\/v2\/types\/product"}],"wp:featuredmedia":[{"embeddable":true,"href":"https:\/\/www.fleurop-home.ch\/fr-ch\/wp-json\/wp\/v2\/media\/9791"}],"wp:attachment":[{"href":"https:\/\/www.fleurop-home.ch\/fr-ch\/wp-json\/wp\/v2\/media?parent=9790"}],"wp:term":[{"taxonomy":"product_brand","embeddable":true,"href":"https:\/\/www.fleurop-home.ch\/fr-ch\/wp-json\/wp\/v2\/product_brand?post=9790"},{"taxonomy":"product_cat","embeddable":true,"href":"https:\/\/www.fleurop-home.ch\/fr-ch\/wp-json\/wp\/v2\/product_cat?post=9790"},{"taxonomy":"product_tag","embeddable":true,"href":"https:\/\/www.fleurop-home.ch\/fr-ch\/wp-json\/wp\/v2\/product_tag?post=9790"},{"taxonomy":"woo-feed-brand","embeddable":true,"href":"https:\/\/www.fleurop-home.ch\/fr-ch\/wp-json\/wp\/v2\/woo-feed-brand?post=9790"}],"curies":[{"name":"wp","href":"https:\/\/api.w.org\/{rel}","templated":true}]}}