{"id":9786,"date":"2022-11-10T15:06:34","date_gmt":"2022-11-10T15:06:34","guid":{"rendered":"https:\/\/www.fleurop-home.ch\/?product=untersetzer-birkenfurnier-jungleful-4er-set"},"modified":"2026-03-18T13:54:45","modified_gmt":"2026-03-18T12:54:45","slug":"dessous-de-plat-en-placage-de-bouleau-jungleful-set-de-4-pieces","status":"publish","type":"product","link":"https:\/\/www.fleurop-home.ch\/fr-ch\/p\/untersetzer-birkenfurnier-jungleful-4er-set","title":{"rendered":"Dessous de plat en placage de bouleau \"Jungleful\", set de 4 pi\u00e8ces"},"content":{"rendered":"<p style=\"text-align: left\">Ces dessous de verre de haute qualit\u00e9 en placage de bouleau sont livr\u00e9s en lot de 4. Les designs vivants font tous partie d'une \u00e9dition limit\u00e9e et sont id\u00e9aux pour donner une touche individuelle \u00e0 la maison. Ils sont con\u00e7us en Suisse et fabriqu\u00e9s \u00e0 la main en Su\u00e8de \u00e0 partir de mat\u00e9riaux durables.<\/p>\n<p style=\"text-align: left\"><em>Cr\u00e9ateur :<\/em> Andreas Frei\/HappyTrays<\/p>\n<p style=\"text-align: left\"><em>Mat\u00e9riel :\u00a0<\/em>Placage bouleau, rev\u00eatement m\u00e9lamine<\/p>\n<p style=\"text-align: left\"><em>Mod\u00e8le :<\/em>\u00a0Jungleful<\/p>\n<p style=\"text-align: left\"><em>Forme :<\/em>\u00a0Carr\u00e9<\/p>\n<p style=\"text-align: left\"><em>La taille :<\/em>\u00a09 x 9 cm<\/p>","protected":false},"excerpt":{"rendered":"<p>Dessous de verre de haute qualit\u00e9 en placage de bouleau durable avec un design vivant en \u00e9dition limit\u00e9e. Con\u00e7u en Suisse, fabriqu\u00e9 \u00e0 la main en Su\u00e8de. Lot de 4, 9 x 9 cm.<\/p>","protected":false},"featured_media":9787,"template":"","meta":[],"product_brand":[],"product_cat":[1106,1019,1018,1208,909,915,42,1104,43,52,53],"product_tag":[314],"woo-feed-brand":[],"class_list":{"0":"post-9786","1":"product","2":"type-product","3":"status-publish","4":"has-post-thumbnail","6":"product_cat-untersetzer","7":"product_cat-osterbrunch","8":"product_cat-ostern","9":"product_cat-ueber-25-chf","10":"product_cat-weihnachten","11":"product_cat-wichteln","12":"product_cat-kueche","13":"product_cat-tischakzente","14":"product_cat-gedeckter-tisch","15":"product_cat-geschenke","16":"product_cat-geschenksets","17":"product_tag-happytrays","19":"first","20":"instock","21":"taxable","22":"shipping-taxable","23":"purchasable","24":"product-type-simple"},"_links":{"self":[{"href":"https:\/\/www.fleurop-home.ch\/fr-ch\/wp-json\/wp\/v2\/product\/9786","targetHints":{"allow":["GET"]}}],"collection":[{"href":"https:\/\/www.fleurop-home.ch\/fr-ch\/wp-json\/wp\/v2\/product"}],"about":[{"href":"https:\/\/www.fleurop-home.ch\/fr-ch\/wp-json\/wp\/v2\/types\/product"}],"wp:featuredmedia":[{"embeddable":true,"href":"https:\/\/www.fleurop-home.ch\/fr-ch\/wp-json\/wp\/v2\/media\/9787"}],"wp:attachment":[{"href":"https:\/\/www.fleurop-home.ch\/fr-ch\/wp-json\/wp\/v2\/media?parent=9786"}],"wp:term":[{"taxonomy":"product_brand","embeddable":true,"href":"https:\/\/www.fleurop-home.ch\/fr-ch\/wp-json\/wp\/v2\/product_brand?post=9786"},{"taxonomy":"product_cat","embeddable":true,"href":"https:\/\/www.fleurop-home.ch\/fr-ch\/wp-json\/wp\/v2\/product_cat?post=9786"},{"taxonomy":"product_tag","embeddable":true,"href":"https:\/\/www.fleurop-home.ch\/fr-ch\/wp-json\/wp\/v2\/product_tag?post=9786"},{"taxonomy":"woo-feed-brand","embeddable":true,"href":"https:\/\/www.fleurop-home.ch\/fr-ch\/wp-json\/wp\/v2\/woo-feed-brand?post=9786"}],"curies":[{"name":"wp","href":"https:\/\/api.w.org\/{rel}","templated":true}]}}