{"id":9695,"date":"2022-10-13T20:09:54","date_gmt":"2022-10-13T20:09:54","guid":{"rendered":"https:\/\/www.fleurop-home.ch\/?product=trendiges-pampasgras-mit-vase"},"modified":"2026-03-19T08:13:40","modified_gmt":"2026-03-19T07:13:40","slug":"herbe-de-la-pampa-avec-vase","status":"publish","type":"product","link":"https:\/\/www.fleurop-home.ch\/fr-ch\/p\/pampasgras-mit-vase","title":{"rendered":"Herbe de la pampa avec vase"},"content":{"rendered":"<p>Le magnifique vase en verre d\u00e9cor\u00e9 avec de l'herbe de la pampa convient comme d\u00e9coration durable et accessoire d'int\u00e9rieur tout au long de l'ann\u00e9e.<\/p>\n<p>Le prix se r\u00e9f\u00e8re au vase orn\u00e9 de 3 pi\u00e8ces d'herbe de la pampa. Tu recevras les fleurs individuellement\/ouvertes et tu pourras les disposer dans le vase selon tes souhaits.<\/p>\n<p>L'herbe de la pampa est un produit naturel et peut varier en termes de disposition, de couleur et de taille des \"touffes\" individuelles. Les herbes en touffes individuelles peuvent aussi \u00eatre entam\u00e9es par le processus de s\u00e9chage ou contenir des restes secs de l'enveloppe du bourgeon \/ des graines.<\/p>\n<p><strong>Note bien<\/strong><\/p>\n<p>- Retire soigneusement les fleurs s\u00e9ch\u00e9es du papier. Les branches s\u00e9ch\u00e9es sont plus fragiles que celles qui sont encore vertes.<br \/>\n- Les fleurs s\u00e9ch\u00e9es sont un produit naturel et les bouquets \/ fleurs individuelles sont compos\u00e9s individuellement selon la saison et peuvent donc varier dans le choix des fleurs, leur disposition et leur couleur.<br \/>\n- Le vase en verre ne passe pas au lave-vaisselle<\/p>\n<p>Il pourrait y avoir des diff\u00e9rences entre la couleur illustr\u00e9e sur le site web et la couleur r\u00e9elle, ceci en raison de l'incidence de la lumi\u00e8re, de la luminosit\u00e9 du moniteur, du r\u00e9glage du contraste, etc. De m\u00eame que la disposition des mat\u00e9riaux et des articles de d\u00e9coration.<\/p>","protected":false},"excerpt":{"rendered":"<p>Magnifique herbe de la pampa tendance, y compris un vase en verre transparent cool (herbe de la pampa pour fleurs s\u00e9ch\u00e9es avec vase \u00d8 env.12cm H env.70 cm. \/ vase en verre H env.25cm)<\/p>","protected":false},"featured_media":9696,"template":"","meta":[],"product_brand":[],"product_cat":[117,23],"product_tag":[290],"woo-feed-brand":[],"class_list":{"0":"post-9695","1":"product","2":"type-product","3":"status-publish","4":"has-post-thumbnail","6":"product_cat-trockenblumen","7":"product_cat-home-living","8":"product_tag-atelier-leutwyler","10":"first","11":"instock","12":"taxable","13":"shipping-taxable","14":"purchasable","15":"product-type-simple"},"_links":{"self":[{"href":"https:\/\/www.fleurop-home.ch\/fr-ch\/wp-json\/wp\/v2\/product\/9695","targetHints":{"allow":["GET"]}}],"collection":[{"href":"https:\/\/www.fleurop-home.ch\/fr-ch\/wp-json\/wp\/v2\/product"}],"about":[{"href":"https:\/\/www.fleurop-home.ch\/fr-ch\/wp-json\/wp\/v2\/types\/product"}],"wp:featuredmedia":[{"embeddable":true,"href":"https:\/\/www.fleurop-home.ch\/fr-ch\/wp-json\/wp\/v2\/media\/9696"}],"wp:attachment":[{"href":"https:\/\/www.fleurop-home.ch\/fr-ch\/wp-json\/wp\/v2\/media?parent=9695"}],"wp:term":[{"taxonomy":"product_brand","embeddable":true,"href":"https:\/\/www.fleurop-home.ch\/fr-ch\/wp-json\/wp\/v2\/product_brand?post=9695"},{"taxonomy":"product_cat","embeddable":true,"href":"https:\/\/www.fleurop-home.ch\/fr-ch\/wp-json\/wp\/v2\/product_cat?post=9695"},{"taxonomy":"product_tag","embeddable":true,"href":"https:\/\/www.fleurop-home.ch\/fr-ch\/wp-json\/wp\/v2\/product_tag?post=9695"},{"taxonomy":"woo-feed-brand","embeddable":true,"href":"https:\/\/www.fleurop-home.ch\/fr-ch\/wp-json\/wp\/v2\/woo-feed-brand?post=9695"}],"curies":[{"name":"wp","href":"https:\/\/api.w.org\/{rel}","templated":true}]}}