{"id":9590,"date":"2022-10-07T14:58:45","date_gmt":"2022-10-07T12:58:45","guid":{"rendered":"https:\/\/www.fleurop-home.ch\/?product=eucalyptus-cinerea-bund-500-gramm"},"modified":"2026-04-01T14:47:15","modified_gmt":"2026-04-01T12:47:15","slug":"eucalyptus-cinerea-bund-500-grammes","status":"publish","type":"product","link":"https:\/\/www.fleurop-home.ch\/fr-ch\/p\/eucalyptus-cinerea-bund-500-gramm","title":{"rendered":"Eucalyptus \u201acinerea\u2018 botte 500gr"},"content":{"rendered":"<p>Eucalyptus cinerea - botte fra\u00eeche d'Italie<\/p>\n<p>Disponible en botte de 500g ou 100g, notre Eucalyptus Cinerea apporte fra\u00eecheur et naturel directement d'Italie \u00e0 ta maison. Cette botte, compos\u00e9e de plusieurs branches de diff\u00e9rentes tailles, est id\u00e9ale pour les d\u00e9corations et ajoute une touche verte \u00e9l\u00e9gante \u00e0 n'importe quelle pi\u00e8ce.<\/p>\n<p>L'eucalyptus se s\u00e8che merveilleusement bien tout en conservant sa beaut\u00e9 naturelle et son agr\u00e9able parfum, ce qui cr\u00e9e une ambiance rafra\u00eechissante.<\/p>\n<p>Parfaitement adapt\u00e9 aux compositions florales, aux bouquets secs ou comme \u00e9l\u00e9ment d\u00e9coratif seul, l'eucalyptus cinerea est polyvalent et attire tous les regards !<\/p>","protected":false},"excerpt":{"rendered":"<p>Une botte fra\u00eeche d'Italie<\/p>","protected":false},"featured_media":36576,"template":"","meta":[],"product_brand":[],"product_cat":[113,23,797,1024,1021,1018,909,914,911,26],"product_tag":[289],"woo-feed-brand":[],"class_list":{"0":"post-9590","1":"product","2":"type-product","3":"status-publish","4":"has-post-thumbnail","6":"product_cat-schnittgruen","7":"product_cat-home-living","8":"product_cat-muttertag","9":"product_cat-muttertagsdeko","10":"product_cat-osterdeko","11":"product_cat-ostern","12":"product_cat-weihnachten","13":"product_cat-wintergruen","14":"product_cat-accessoires","15":"product_cat-blumen-pflanzen","16":"product_tag-blumengarten-kung-ag","18":"first","19":"instock","20":"taxable","21":"shipping-taxable","22":"purchasable","23":"product-type-simple"},"_links":{"self":[{"href":"https:\/\/www.fleurop-home.ch\/fr-ch\/wp-json\/wp\/v2\/product\/9590","targetHints":{"allow":["GET"]}}],"collection":[{"href":"https:\/\/www.fleurop-home.ch\/fr-ch\/wp-json\/wp\/v2\/product"}],"about":[{"href":"https:\/\/www.fleurop-home.ch\/fr-ch\/wp-json\/wp\/v2\/types\/product"}],"wp:featuredmedia":[{"embeddable":true,"href":"https:\/\/www.fleurop-home.ch\/fr-ch\/wp-json\/wp\/v2\/media\/36576"}],"wp:attachment":[{"href":"https:\/\/www.fleurop-home.ch\/fr-ch\/wp-json\/wp\/v2\/media?parent=9590"}],"wp:term":[{"taxonomy":"product_brand","embeddable":true,"href":"https:\/\/www.fleurop-home.ch\/fr-ch\/wp-json\/wp\/v2\/product_brand?post=9590"},{"taxonomy":"product_cat","embeddable":true,"href":"https:\/\/www.fleurop-home.ch\/fr-ch\/wp-json\/wp\/v2\/product_cat?post=9590"},{"taxonomy":"product_tag","embeddable":true,"href":"https:\/\/www.fleurop-home.ch\/fr-ch\/wp-json\/wp\/v2\/product_tag?post=9590"},{"taxonomy":"woo-feed-brand","embeddable":true,"href":"https:\/\/www.fleurop-home.ch\/fr-ch\/wp-json\/wp\/v2\/woo-feed-brand?post=9590"}],"curies":[{"name":"wp","href":"https:\/\/api.w.org\/{rel}","templated":true}]}}