{"id":9588,"date":"2022-10-07T14:58:44","date_gmt":"2022-10-07T12:58:44","guid":{"rendered":"https:\/\/www.fleurop-home.ch\/?product=eucalyptus-rinde-100gr"},"modified":"2025-10-22T11:21:05","modified_gmt":"2025-10-22T09:21:05","slug":"ecorce-deucalyptus-100gr","status":"publish","type":"product","link":"https:\/\/www.fleurop-home.ch\/fr-ch\/p\/eucalyptus-rinde-100gr","title":{"rendered":"Eucalyptus \u201a\u00e9corce\u2018 100gr"},"content":{"rendered":"<p><strong>\u00c9corce de lyptus s\u00e8che - \u00e9l\u00e9ment de d\u00e9coration naturel pour une d\u00e9coration polyvalente<br \/>\n<\/strong><br \/>\nL'\u00e9corce d'eucalyptus s\u00e9ch\u00e9e est un produit naturel de grande qualit\u00e9, id\u00e9al pour les d\u00e9corations cr\u00e9atives. Que ce soit pour les couronnes de l'Avent, les compositions florales ou les d\u00e9corations de table, la structure unique et la couleur naturelle de l'\u00e9corce apportent des accents particuliers.<\/p>\n<p><strong>D\u00e9tails du produit :<\/strong><br \/>\n- Mat\u00e9riel : \u00e9corce s\u00e9ch\u00e9e d'eucalyptus<br \/>\n- Couleur : brun naturel avec un grain caract\u00e9ristique<br \/>\n- Caract\u00e9ristiques : stable, durable et facile \u00e0 travailler<br \/>\n- Utilisation : Pour les couronnes, les arrangements, les projets de bricolage et les d\u00e9corations de table<\/p>\n<p><strong>Des indices :<\/strong><br \/>\n- Conservation : conserver au sec et \u00e0 l'abri de l'humidit\u00e9.<br \/>\n- Entretien : ne convient pas pour un contact direct avec l'eau, car cela peut affecter la structure.<\/p>\n<p><strong>Conseil<\/strong> Combine l'\u00e9corce avec d'autres mat\u00e9riaux naturels comme la mousse, les pommes de pin ou les fruits secs pour cr\u00e9er un ensemble harmonieux.<\/p>\n<p>Un point fort naturel qui ajoute une touche \u00e9l\u00e9gante et rustique \u00e0 ta d\u00e9coration !<\/p>","protected":false},"excerpt":{"rendered":"<p>\u00c9corce de lyptus s\u00e8che - \u00e9l\u00e9ment de d\u00e9coration naturel pour une d\u00e9coration polyvalente<\/p>","protected":false},"featured_media":48970,"template":"","meta":[],"product_brand":[],"product_cat":[29,23,1178,1196,909,914,911],"product_tag":[289],"woo-feed-brand":[],"class_list":{"0":"post-9588","1":"product","2":"type-product","3":"status-publish","4":"has-post-thumbnail","6":"product_cat-do-it-yourself","7":"product_cat-home-living","8":"product_cat-diy","9":"product_cat-natur-deko","10":"product_cat-weihnachten","11":"product_cat-wintergruen","12":"product_cat-accessoires","13":"product_tag-blumengarten-kung-ag","15":"first","16":"instock","17":"taxable","18":"shipping-taxable","19":"purchasable","20":"product-type-simple"},"_links":{"self":[{"href":"https:\/\/www.fleurop-home.ch\/fr-ch\/wp-json\/wp\/v2\/product\/9588","targetHints":{"allow":["GET"]}}],"collection":[{"href":"https:\/\/www.fleurop-home.ch\/fr-ch\/wp-json\/wp\/v2\/product"}],"about":[{"href":"https:\/\/www.fleurop-home.ch\/fr-ch\/wp-json\/wp\/v2\/types\/product"}],"wp:featuredmedia":[{"embeddable":true,"href":"https:\/\/www.fleurop-home.ch\/fr-ch\/wp-json\/wp\/v2\/media\/48970"}],"wp:attachment":[{"href":"https:\/\/www.fleurop-home.ch\/fr-ch\/wp-json\/wp\/v2\/media?parent=9588"}],"wp:term":[{"taxonomy":"product_brand","embeddable":true,"href":"https:\/\/www.fleurop-home.ch\/fr-ch\/wp-json\/wp\/v2\/product_brand?post=9588"},{"taxonomy":"product_cat","embeddable":true,"href":"https:\/\/www.fleurop-home.ch\/fr-ch\/wp-json\/wp\/v2\/product_cat?post=9588"},{"taxonomy":"product_tag","embeddable":true,"href":"https:\/\/www.fleurop-home.ch\/fr-ch\/wp-json\/wp\/v2\/product_tag?post=9588"},{"taxonomy":"woo-feed-brand","embeddable":true,"href":"https:\/\/www.fleurop-home.ch\/fr-ch\/wp-json\/wp\/v2\/woo-feed-brand?post=9588"}],"curies":[{"name":"wp","href":"https:\/\/api.w.org\/{rel}","templated":true}]}}