{"id":9498,"date":"2022-10-04T12:26:50","date_gmt":"2022-10-04T12:26:50","guid":{"rendered":"https:\/\/www.fleurop-home.ch\/?product=metalldose-seife-des-gartners-100g"},"modified":"2025-04-01T06:22:37","modified_gmt":"2025-04-01T04:22:37","slug":"boite-en-metal-de-savon-du-gartner-100g","status":"publish","type":"product","link":"https:\/\/www.fleurop-home.ch\/fr-ch\/p\/metalldose-seife-des-gartners-100g","title":{"rendered":"Bo\u00eete en m\u00e9tal &amp; savon du jardinier 100g"},"content":{"rendered":"<p><strong>DESCRIPTION<\/strong><\/p>\n<p>Ce savon de 100g est LE savon pour les jardiniers ! Enrichi en glyc\u00e9rine et en talc, ce savon est parfait pour les mains rugueuses qui viennent de sortir du jardin. Les mains sales appartiennent au pass\u00e9 !<\/p>\n<p>Ce savon est \u00e9galement enrichi en beurre de karit\u00e9 BIO, qui adoucit et prot\u00e8ge la peau, et en huile d'olive de Nyons, qui hydrate et nourrit la peau. Il convient \u00e0 tous les types de peau.<\/p>\n<p>Ce savon est livr\u00e9 dans une bo\u00eete en m\u00e9tal vintage.<\/p>\n<p><strong>Conseils d'utilisation<\/strong><\/p>\n<p>Appliquer le savon sur la peau humide. Faire mousser et rincer abondamment \u00e0 l'eau. \u00c9vite le contact avec les yeux. En cas de contact, rince soigneusement les yeux \u00e0 l'eau claire.<\/p>\n<p>Savon 100g<\/p>\n<p>Taille : 7,5 x 7,5 x 3,5cm<\/p>","protected":false},"excerpt":{"rendered":"<p>Savon pour jardinier 100g dans une bo\u00eete m\u00e9tallique d\u00e9cor\u00e9e<\/p>","protected":false},"featured_media":9499,"template":"","meta":[],"product_brand":[],"product_cat":[49,48],"product_tag":[905],"woo-feed-brand":[],"class_list":{"0":"post-9498","1":"product","2":"type-product","3":"status-publish","4":"has-post-thumbnail","6":"product_cat-seifen","7":"product_cat-bad-wellness","8":"product_tag-la-rose-dor","10":"first","11":"instock","12":"taxable","13":"shipping-taxable","14":"purchasable","15":"product-type-simple"},"_links":{"self":[{"href":"https:\/\/www.fleurop-home.ch\/fr-ch\/wp-json\/wp\/v2\/product\/9498","targetHints":{"allow":["GET"]}}],"collection":[{"href":"https:\/\/www.fleurop-home.ch\/fr-ch\/wp-json\/wp\/v2\/product"}],"about":[{"href":"https:\/\/www.fleurop-home.ch\/fr-ch\/wp-json\/wp\/v2\/types\/product"}],"wp:featuredmedia":[{"embeddable":true,"href":"https:\/\/www.fleurop-home.ch\/fr-ch\/wp-json\/wp\/v2\/media\/9499"}],"wp:attachment":[{"href":"https:\/\/www.fleurop-home.ch\/fr-ch\/wp-json\/wp\/v2\/media?parent=9498"}],"wp:term":[{"taxonomy":"product_brand","embeddable":true,"href":"https:\/\/www.fleurop-home.ch\/fr-ch\/wp-json\/wp\/v2\/product_brand?post=9498"},{"taxonomy":"product_cat","embeddable":true,"href":"https:\/\/www.fleurop-home.ch\/fr-ch\/wp-json\/wp\/v2\/product_cat?post=9498"},{"taxonomy":"product_tag","embeddable":true,"href":"https:\/\/www.fleurop-home.ch\/fr-ch\/wp-json\/wp\/v2\/product_tag?post=9498"},{"taxonomy":"woo-feed-brand","embeddable":true,"href":"https:\/\/www.fleurop-home.ch\/fr-ch\/wp-json\/wp\/v2\/woo-feed-brand?post=9498"}],"curies":[{"name":"wp","href":"https:\/\/api.w.org\/{rel}","templated":true}]}}