{"id":9493,"date":"2022-10-04T11:49:22","date_gmt":"2022-10-04T11:49:22","guid":{"rendered":"https:\/\/www.fleurop-home.ch\/?product=metalldose-zitronengras-seife"},"modified":"2025-04-01T06:22:40","modified_gmt":"2025-04-01T04:22:40","slug":"boite-metallique-de-savon-a-la-citronnelle","status":"publish","type":"product","link":"https:\/\/www.fleurop-home.ch\/fr-ch\/p\/metalldose-zitronengras-seife","title":{"rendered":"Bo\u00eete en m\u00e9tal &amp; savon \u00e0 la citronnelle"},"content":{"rendered":"<p><strong>DESCRIPTION<\/strong><\/p>\n<p>Ce savon artisanal de 100g au parfum de citronnelle est livr\u00e9 dans une bo\u00eete en m\u00e9tal. Profite des propri\u00e9t\u00e9s rafra\u00eechissantes et antibact\u00e9riennes de ce savon compos\u00e9 d'huiles essentielles de citronnelle et de g\u00e9ranium.<\/p>\n<p>Ce savon est enrichi en beurre de karit\u00e9 BIO, qui poss\u00e8de des propri\u00e9t\u00e9s adoucissantes et protectrices, et en huile d'olive de Nyons, qui prot\u00e8ge et nourrit la peau. Il convient \u00e0 tous les types de peau.<\/p>\n<p>Le savon est livr\u00e9 dans une bo\u00eete m\u00e9tallique de style vintage.<\/p>\n<p><strong>Conseils d'utilisation<\/strong><\/p>\n<p>Applique le savon sur la peau humide. Fais mousser le savon et rince-le abondamment \u00e0 l'eau. \u00c9vite le contact avec les yeux. En cas de contact, rince abondamment les yeux \u00e0 l'eau claire.<\/p>","protected":false},"excerpt":{"rendered":"<p>Savon \u00e0 la citronnelle 100g dans une bo\u00eete m\u00e9tallique d\u00e9cor\u00e9e<\/p>","protected":false},"featured_media":9494,"template":"","meta":[],"product_brand":[],"product_cat":[49,48],"product_tag":[905],"woo-feed-brand":[],"class_list":{"0":"post-9493","1":"product","2":"type-product","3":"status-publish","4":"has-post-thumbnail","6":"product_cat-seifen","7":"product_cat-bad-wellness","8":"product_tag-la-rose-dor","10":"first","11":"instock","12":"taxable","13":"shipping-taxable","14":"purchasable","15":"product-type-simple"},"_links":{"self":[{"href":"https:\/\/www.fleurop-home.ch\/fr-ch\/wp-json\/wp\/v2\/product\/9493","targetHints":{"allow":["GET"]}}],"collection":[{"href":"https:\/\/www.fleurop-home.ch\/fr-ch\/wp-json\/wp\/v2\/product"}],"about":[{"href":"https:\/\/www.fleurop-home.ch\/fr-ch\/wp-json\/wp\/v2\/types\/product"}],"wp:featuredmedia":[{"embeddable":true,"href":"https:\/\/www.fleurop-home.ch\/fr-ch\/wp-json\/wp\/v2\/media\/9494"}],"wp:attachment":[{"href":"https:\/\/www.fleurop-home.ch\/fr-ch\/wp-json\/wp\/v2\/media?parent=9493"}],"wp:term":[{"taxonomy":"product_brand","embeddable":true,"href":"https:\/\/www.fleurop-home.ch\/fr-ch\/wp-json\/wp\/v2\/product_brand?post=9493"},{"taxonomy":"product_cat","embeddable":true,"href":"https:\/\/www.fleurop-home.ch\/fr-ch\/wp-json\/wp\/v2\/product_cat?post=9493"},{"taxonomy":"product_tag","embeddable":true,"href":"https:\/\/www.fleurop-home.ch\/fr-ch\/wp-json\/wp\/v2\/product_tag?post=9493"},{"taxonomy":"woo-feed-brand","embeddable":true,"href":"https:\/\/www.fleurop-home.ch\/fr-ch\/wp-json\/wp\/v2\/woo-feed-brand?post=9493"}],"curies":[{"name":"wp","href":"https:\/\/api.w.org\/{rel}","templated":true}]}}