{"id":9407,"date":"2022-08-16T14:29:33","date_gmt":"2022-08-16T14:29:33","guid":{"rendered":"https:\/\/www.fleurop-home.ch\/?product=lobsiger-overnight-oats-mit-baumnussen"},"modified":"2025-11-04T14:58:48","modified_gmt":"2025-11-04T13:58:48","slug":"lobsiger-overnight-oats-aux-noix","status":"publish","type":"product","link":"https:\/\/www.fleurop-home.ch\/fr-ch\/p\/lobsiger-overnight-oats-mit-baumnussen","title":{"rendered":"Overnight Oats de Lobsiger aux noix"},"content":{"rendered":"<p style=\"text-align: left;\">Une recette que j'ai longtemps gard\u00e9e et aim\u00e9e en tant que chef de cuisine. Cr\u00e9meux et fin, avec de pr\u00e9cieuses noix de Lobsiger et un soup\u00e7on de zeste de citron. Les graines de lin et l'\u00e9corce de psyllium compl\u00e8tent ce muesli et en font un v\u00e9ritable super aliment. Gr\u00e2ce aux gobelets en carton qui se ferment, tu peux emporter tes Oats faits maison partout avec toi. Tu trouveras la recette exacte pour pr\u00e9parer les Oats sur l'emballage.<\/p>\n<p style=\"text-align: left;\">Important : respecte la recette !<\/p>\n<p style=\"text-align: left;\">Indication de quantit\u00e9 : 80g de m\u00e9lange sec donne 280g d'Oats pr\u00eats \u00e0 l'emploi.<\/p>\n<p style=\"text-align: left;\"><strong>Ingr\u00e9dients :<br \/>\n<\/strong>Flocons d'avoine Suisse, noix, raisins secs, noix de coco, noisettes, graines de lin, \u00e9corces de psyllium, xylitol, zeste de citron<\/p>\n<p style=\"text-align: left;\"><strong>Informations sur les valeurs nutritives :<\/strong><br \/>\nEnergie : 296 kcal, total des lipides : 10.9g, acides gras satur\u00e9s : 4.1g, glucides : 38.1g, sucre : 28.2g, prot\u00e9ines : 8.8g, sel : 0.3g<\/p>\n<p style=\"text-align: left;\"><strong>Conseils pour les personnes allergiques :<br \/>\n<\/strong>Contient des noix, des noisettes, des flocons d'avoine (peut contenir du gluten).<\/p>\n<p style=\"text-align: left;\"><strong>Pays d'origine :<\/strong><br \/>\nSuisse<\/p>","protected":false},"excerpt":{"rendered":"<p>Les meilleurs \"Oats\" que tu n'aies jamais mang\u00e9s !<\/p>","protected":false},"featured_media":9408,"template":"","meta":[],"product_brand":[],"product_cat":[47,1022,910,797,1019,1018,1207,909,915,42,885],"product_tag":[309],"woo-feed-brand":[],"class_list":{"0":"post-9407","1":"product","2":"type-product","3":"status-publish","4":"has-post-thumbnail","6":"product_cat-kuechenaromen","7":"product_cat-brunch","8":"product_cat-geschenkideen","9":"product_cat-muttertag","10":"product_cat-osterbrunch","11":"product_cat-ostern","12":"product_cat-unter-25-chf","13":"product_cat-weihnachten","14":"product_cat-wichteln","15":"product_cat-kueche","16":"product_cat-koestlichkeiten","17":"product_tag-genuss-boutique-lobsigen","19":"first","20":"instock","21":"taxable","22":"shipping-taxable","23":"purchasable","24":"product-type-simple"},"_links":{"self":[{"href":"https:\/\/www.fleurop-home.ch\/fr-ch\/wp-json\/wp\/v2\/product\/9407","targetHints":{"allow":["GET"]}}],"collection":[{"href":"https:\/\/www.fleurop-home.ch\/fr-ch\/wp-json\/wp\/v2\/product"}],"about":[{"href":"https:\/\/www.fleurop-home.ch\/fr-ch\/wp-json\/wp\/v2\/types\/product"}],"wp:featuredmedia":[{"embeddable":true,"href":"https:\/\/www.fleurop-home.ch\/fr-ch\/wp-json\/wp\/v2\/media\/9408"}],"wp:attachment":[{"href":"https:\/\/www.fleurop-home.ch\/fr-ch\/wp-json\/wp\/v2\/media?parent=9407"}],"wp:term":[{"taxonomy":"product_brand","embeddable":true,"href":"https:\/\/www.fleurop-home.ch\/fr-ch\/wp-json\/wp\/v2\/product_brand?post=9407"},{"taxonomy":"product_cat","embeddable":true,"href":"https:\/\/www.fleurop-home.ch\/fr-ch\/wp-json\/wp\/v2\/product_cat?post=9407"},{"taxonomy":"product_tag","embeddable":true,"href":"https:\/\/www.fleurop-home.ch\/fr-ch\/wp-json\/wp\/v2\/product_tag?post=9407"},{"taxonomy":"woo-feed-brand","embeddable":true,"href":"https:\/\/www.fleurop-home.ch\/fr-ch\/wp-json\/wp\/v2\/woo-feed-brand?post=9407"}],"curies":[{"name":"wp","href":"https:\/\/api.w.org\/{rel}","templated":true}]}}