{"id":9337,"date":"2022-08-07T09:16:29","date_gmt":"2022-08-07T09:16:29","guid":{"rendered":"https:\/\/www.fleurop-home.ch\/?product=lippenbalsam-natur-pur"},"modified":"2025-10-03T08:10:04","modified_gmt":"2025-10-03T06:10:04","slug":"baume-a-levres-nature-pur","status":"publish","type":"product","link":"https:\/\/www.fleurop-home.ch\/fr-ch\/p\/lippenbalsam-natur-pur","title":{"rendered":"Baume \u00e0 l\u00e8vres \"Nature pure"},"content":{"rendered":"<div class=\"woocommerce-product-details__short-description\">\n<p>Ingr\u00e9dients : beurre de cacao, cire d'abeille, miel, huile d'amande, huile de coco, vitamine E.<\/p>\n<\/div>","protected":false},"excerpt":{"rendered":"<p>Baume \u00e0 l\u00e8vres \"Nature pure<br \/>\nCe baume \u00e0 l\u00e8vres est compos\u00e9 de 100% d'ingr\u00e9dients naturels.<\/p>","protected":false},"featured_media":38786,"template":"","meta":[],"product_brand":[],"product_cat":[1176,1018,1026,48],"product_tag":[313],"woo-feed-brand":[],"class_list":{"0":"post-9337","1":"product","2":"type-product","3":"status-publish","4":"has-post-thumbnail","6":"product_cat-wohlbefinden","7":"product_cat-ostern","8":"product_cat-osternest","9":"product_cat-bad-wellness","10":"product_tag-chruterei-klg","12":"first","13":"instock","14":"taxable","15":"shipping-taxable","16":"purchasable","17":"product-type-simple"},"_links":{"self":[{"href":"https:\/\/www.fleurop-home.ch\/fr-ch\/wp-json\/wp\/v2\/product\/9337","targetHints":{"allow":["GET"]}}],"collection":[{"href":"https:\/\/www.fleurop-home.ch\/fr-ch\/wp-json\/wp\/v2\/product"}],"about":[{"href":"https:\/\/www.fleurop-home.ch\/fr-ch\/wp-json\/wp\/v2\/types\/product"}],"wp:featuredmedia":[{"embeddable":true,"href":"https:\/\/www.fleurop-home.ch\/fr-ch\/wp-json\/wp\/v2\/media\/38786"}],"wp:attachment":[{"href":"https:\/\/www.fleurop-home.ch\/fr-ch\/wp-json\/wp\/v2\/media?parent=9337"}],"wp:term":[{"taxonomy":"product_brand","embeddable":true,"href":"https:\/\/www.fleurop-home.ch\/fr-ch\/wp-json\/wp\/v2\/product_brand?post=9337"},{"taxonomy":"product_cat","embeddable":true,"href":"https:\/\/www.fleurop-home.ch\/fr-ch\/wp-json\/wp\/v2\/product_cat?post=9337"},{"taxonomy":"product_tag","embeddable":true,"href":"https:\/\/www.fleurop-home.ch\/fr-ch\/wp-json\/wp\/v2\/product_tag?post=9337"},{"taxonomy":"woo-feed-brand","embeddable":true,"href":"https:\/\/www.fleurop-home.ch\/fr-ch\/wp-json\/wp\/v2\/woo-feed-brand?post=9337"}],"curies":[{"name":"wp","href":"https:\/\/api.w.org\/{rel}","templated":true}]}}