{"id":9317,"date":"2022-08-06T13:05:33","date_gmt":"2022-08-06T13:05:33","guid":{"rendered":"https:\/\/www.fleurop-home.ch\/?product=salbe-harzsalbe"},"modified":"2025-04-01T06:25:07","modified_gmt":"2025-04-01T04:25:07","slug":"pommade-de-resine","status":"publish","type":"product","link":"https:\/\/www.fleurop-home.ch\/fr-ch\/p\/salbe-harzsalbe","title":{"rendered":"Pommade \"pommade \u00e0 la r\u00e9sine"},"content":{"rendered":"<p>La pommade \u00e0 la r\u00e9sine a un effet bienfaisant et prot\u00e8ge la peau. Elle est \u00e9galement efficace en cas de rhume.<\/p>\n<p><em>Conseil d'utilisation<\/em><\/p>\n<p>Il suffit de l'appliquer sur la plante des pieds, le sternum ou directement sur la zone douloureuse. Pour un effet optimal, applique-le de pr\u00e9f\u00e9rence le soir.<\/p>\n<p>conserver au frais et au sec<br \/>\nne convient pas \u00e0 la consommation<\/p>\n<p>Ingr\u00e9dients :\u00a0<span class=\"JsGRdQ\">Huile d'olive, cire d'abeille, beurre de karit\u00e9, r\u00e9sine d'arbre<\/span><\/p>","protected":false},"excerpt":{"rendered":"<p>Pommade \"pommade \u00e0 la r\u00e9sine<br \/>\n\u00e0 partir de 100% d'ingr\u00e9dients naturels. Pommade en pot en verre de 50 ml avec bouchon \u00e0 vis.<\/p>","protected":false},"featured_media":38792,"template":"","meta":[],"product_brand":[],"product_cat":[49,1018,1026,48],"product_tag":[313],"woo-feed-brand":[],"class_list":{"0":"post-9317","1":"product","2":"type-product","3":"status-publish","4":"has-post-thumbnail","6":"product_cat-seifen","7":"product_cat-ostern","8":"product_cat-osternest","9":"product_cat-bad-wellness","10":"product_tag-chruterei-klg","12":"first","13":"instock","14":"taxable","15":"shipping-taxable","16":"purchasable","17":"product-type-simple"},"_links":{"self":[{"href":"https:\/\/www.fleurop-home.ch\/fr-ch\/wp-json\/wp\/v2\/product\/9317","targetHints":{"allow":["GET"]}}],"collection":[{"href":"https:\/\/www.fleurop-home.ch\/fr-ch\/wp-json\/wp\/v2\/product"}],"about":[{"href":"https:\/\/www.fleurop-home.ch\/fr-ch\/wp-json\/wp\/v2\/types\/product"}],"wp:featuredmedia":[{"embeddable":true,"href":"https:\/\/www.fleurop-home.ch\/fr-ch\/wp-json\/wp\/v2\/media\/38792"}],"wp:attachment":[{"href":"https:\/\/www.fleurop-home.ch\/fr-ch\/wp-json\/wp\/v2\/media?parent=9317"}],"wp:term":[{"taxonomy":"product_brand","embeddable":true,"href":"https:\/\/www.fleurop-home.ch\/fr-ch\/wp-json\/wp\/v2\/product_brand?post=9317"},{"taxonomy":"product_cat","embeddable":true,"href":"https:\/\/www.fleurop-home.ch\/fr-ch\/wp-json\/wp\/v2\/product_cat?post=9317"},{"taxonomy":"product_tag","embeddable":true,"href":"https:\/\/www.fleurop-home.ch\/fr-ch\/wp-json\/wp\/v2\/product_tag?post=9317"},{"taxonomy":"woo-feed-brand","embeddable":true,"href":"https:\/\/www.fleurop-home.ch\/fr-ch\/wp-json\/wp\/v2\/woo-feed-brand?post=9317"}],"curies":[{"name":"wp","href":"https:\/\/api.w.org\/{rel}","templated":true}]}}