{"id":9146,"date":"2022-07-13T18:08:20","date_gmt":"2022-07-13T18:08:20","guid":{"rendered":"https:\/\/www.fleurop-home.ch\/?product=das-goldene-piepei"},"modified":"2025-05-12T13:52:27","modified_gmt":"2025-05-12T11:52:27","slug":"le-piou-piou-dore","status":"publish","type":"product","link":"https:\/\/www.fleurop-home.ch\/fr-ch\/p\/das-goldene-piepei","title":{"rendered":"L'\u0153uf d'or de Piep"},"content":{"rendered":"<p>PiepEi mesure la temp\u00e9rature et calcule le degr\u00e9 de duret\u00e9 id\u00e9al \u00e0 partir de celle-ci. Il est donc important que l'\u0153uf et l'\u0153uf de poule soient stock\u00e9s ensemble avant d'\u00eatre utilis\u00e9s (par exemple au r\u00e9frig\u00e9rateur). Il est essentiel de mettre l'\u0153uf de poule et l'\u0153uf d'oiseau en m\u00eame temps dans la casserole avant de commencer la cuisson. Peu importe si tu commences avec de l'eau froide ou bouillante. Peu importe \u00e9galement si tu cuisines un \u0153uf ou une douzaine d'\u0153ufs de poule en m\u00eame temps. PiepEi fonctionne toujours et \u00e0 toutes les altitudes (\u00e0 la montagne comme \u00e0 la mer).<\/p>\n<p>D\u00e8s que l'\u0153uf de poule est parfait, PiepEi joue une m\u00e9lodie pour le degr\u00e9 de duret\u00e9 souhait\u00e9. Ensuite, refroidis l'\u0153uf de poule et PiepEi avec de l'eau froide (ainsi, l'\u0153uf de poule ne continue pas \u00e0 cuire et PiepEi se repose). Ensuite, il ne reste plus qu'\u00e0 manger. Bon app\u00e9tit.<\/p>\n<p>M\u00e9lodie : Killing me softly I would wanna be... Marche triomphale<\/p>","protected":false},"excerpt":{"rendered":"<p>L'\u0153uf d'or de Piep<\/p>","protected":false},"featured_media":9147,"template":"","meta":[],"product_brand":[],"product_cat":[44,1022,1091,797,1019,1018,1088,42],"product_tag":[312],"woo-feed-brand":[],"class_list":{"0":"post-9146","1":"product","2":"type-product","3":"status-publish","4":"has-post-thumbnail","6":"product_cat-kuechenhelfer","7":"product_cat-brunch","8":"product_cat-hobbykoch","9":"product_cat-muttertag","10":"product_cat-osterbrunch","11":"product_cat-ostern","12":"product_cat-vatertag","13":"product_cat-kueche","14":"product_tag-zimmermann-flaach-ag-blumen-gartenbau","16":"first","17":"instock","18":"taxable","19":"shipping-taxable","20":"purchasable","21":"product-type-simple"},"_links":{"self":[{"href":"https:\/\/www.fleurop-home.ch\/fr-ch\/wp-json\/wp\/v2\/product\/9146","targetHints":{"allow":["GET"]}}],"collection":[{"href":"https:\/\/www.fleurop-home.ch\/fr-ch\/wp-json\/wp\/v2\/product"}],"about":[{"href":"https:\/\/www.fleurop-home.ch\/fr-ch\/wp-json\/wp\/v2\/types\/product"}],"wp:featuredmedia":[{"embeddable":true,"href":"https:\/\/www.fleurop-home.ch\/fr-ch\/wp-json\/wp\/v2\/media\/9147"}],"wp:attachment":[{"href":"https:\/\/www.fleurop-home.ch\/fr-ch\/wp-json\/wp\/v2\/media?parent=9146"}],"wp:term":[{"taxonomy":"product_brand","embeddable":true,"href":"https:\/\/www.fleurop-home.ch\/fr-ch\/wp-json\/wp\/v2\/product_brand?post=9146"},{"taxonomy":"product_cat","embeddable":true,"href":"https:\/\/www.fleurop-home.ch\/fr-ch\/wp-json\/wp\/v2\/product_cat?post=9146"},{"taxonomy":"product_tag","embeddable":true,"href":"https:\/\/www.fleurop-home.ch\/fr-ch\/wp-json\/wp\/v2\/product_tag?post=9146"},{"taxonomy":"woo-feed-brand","embeddable":true,"href":"https:\/\/www.fleurop-home.ch\/fr-ch\/wp-json\/wp\/v2\/woo-feed-brand?post=9146"}],"curies":[{"name":"wp","href":"https:\/\/api.w.org\/{rel}","templated":true}]}}