{"id":9139,"date":"2022-07-05T19:11:11","date_gmt":"2022-07-05T19:11:11","guid":{"rendered":"https:\/\/www.fleurop-home.ch\/?product=bio-bienenwachstuch-grosse-m-25-x-25cm-streuobstwiese"},"modified":"2026-05-06T16:27:43","modified_gmt":"2026-05-06T14:27:43","slug":"toile-de-cire-dabeille-bio-grand-m-25-x-25cm-pre-de-litiere","status":"publish","type":"product","link":"https:\/\/www.fleurop-home.ch\/fr-ch\/p\/bio-bienenwachstuch-grosse-m-25-x-25cm-streuobstwiese","title":{"rendered":"Toile de cire d'abeille bio taille M (25 x 25cm) pr\u00e9 de verger"},"content":{"rendered":"<p>Le tissu en cire d'abeille est un compagnon durable dans le r\u00e9frig\u00e9rateur, la cuisine, le bureau, l'\u00e9cole et la randonn\u00e9e. La chaleur de tes mains la rend flexible et mall\u00e9able et elle adh\u00e8re \u00e0 toutes les surfaces lisses ainsi qu'\u00e0 elle-m\u00eame.<\/p>","protected":false},"excerpt":{"rendered":"<p>Toile de cire d'abeille bio taille M (25 x 25cm) pr\u00e9 de verger<\/p>","protected":false},"featured_media":9140,"template":"","meta":[],"product_brand":[],"product_cat":[44,1018,1026,42],"product_tag":[1274,312],"woo-feed-brand":[],"class_list":{"0":"post-9139","1":"product","2":"type-product","3":"status-publish","4":"has-post-thumbnail","6":"product_cat-kuechenhelfer","7":"product_cat-ostern","8":"product_cat-osternest","9":"product_cat-kueche","10":"product_tag-pos","11":"product_tag-zimmermann-flaach-ag-blumen-gartenbau","13":"first","14":"instock","15":"taxable","16":"shipping-taxable","17":"purchasable","18":"product-type-simple"},"_links":{"self":[{"href":"https:\/\/www.fleurop-home.ch\/fr-ch\/wp-json\/wp\/v2\/product\/9139","targetHints":{"allow":["GET"]}}],"collection":[{"href":"https:\/\/www.fleurop-home.ch\/fr-ch\/wp-json\/wp\/v2\/product"}],"about":[{"href":"https:\/\/www.fleurop-home.ch\/fr-ch\/wp-json\/wp\/v2\/types\/product"}],"wp:featuredmedia":[{"embeddable":true,"href":"https:\/\/www.fleurop-home.ch\/fr-ch\/wp-json\/wp\/v2\/media\/9140"}],"wp:attachment":[{"href":"https:\/\/www.fleurop-home.ch\/fr-ch\/wp-json\/wp\/v2\/media?parent=9139"}],"wp:term":[{"taxonomy":"product_brand","embeddable":true,"href":"https:\/\/www.fleurop-home.ch\/fr-ch\/wp-json\/wp\/v2\/product_brand?post=9139"},{"taxonomy":"product_cat","embeddable":true,"href":"https:\/\/www.fleurop-home.ch\/fr-ch\/wp-json\/wp\/v2\/product_cat?post=9139"},{"taxonomy":"product_tag","embeddable":true,"href":"https:\/\/www.fleurop-home.ch\/fr-ch\/wp-json\/wp\/v2\/product_tag?post=9139"},{"taxonomy":"woo-feed-brand","embeddable":true,"href":"https:\/\/www.fleurop-home.ch\/fr-ch\/wp-json\/wp\/v2\/woo-feed-brand?post=9139"}],"curies":[{"name":"wp","href":"https:\/\/api.w.org\/{rel}","templated":true}]}}