{"id":9137,"date":"2022-07-05T19:05:14","date_gmt":"2022-07-05T19:05:14","guid":{"rendered":"https:\/\/www.fleurop-home.ch\/?product=bio-bienenwachstuch-grosse-m-25-x-25cm-bienentraum"},"modified":"2025-04-01T06:32:07","modified_gmt":"2025-04-01T04:32:07","slug":"tissu-bio-en-cire-dabeille-grand-m-25-x-25cm-reve-de-abeille","status":"publish","type":"product","link":"https:\/\/www.fleurop-home.ch\/fr-ch\/p\/bio-bienenwachstuch-grosse-m-25-x-25cm-bienentraum","title":{"rendered":"Toile en cire d'abeille bio taille M (25 x 25cm) R\u00eave d'abeille"},"content":{"rendered":"<p>Le tissu en cire d'abeille est un compagnon durable dans le r\u00e9frig\u00e9rateur, la cuisine, le bureau, l'\u00e9cole et la randonn\u00e9e. La chaleur de tes mains la rend flexible et mall\u00e9able et elle adh\u00e8re \u00e0 toutes les surfaces lisses ainsi qu'\u00e0 elle-m\u00eame.<\/p>","protected":false},"excerpt":{"rendered":"<p>Toile en cire d'abeille bio taille M (25 x 25cm) R\u00eave d'abeille<\/p>","protected":false},"featured_media":9138,"template":"","meta":[],"product_brand":[],"product_cat":[44,1018,1026,42],"product_tag":[312],"woo-feed-brand":[],"class_list":{"0":"post-9137","1":"product","2":"type-product","3":"status-publish","4":"has-post-thumbnail","6":"product_cat-kuechenhelfer","7":"product_cat-ostern","8":"product_cat-osternest","9":"product_cat-kueche","10":"product_tag-zimmermann-flaach-ag-blumen-gartenbau","12":"first","13":"instock","14":"taxable","15":"shipping-taxable","16":"purchasable","17":"product-type-simple"},"_links":{"self":[{"href":"https:\/\/www.fleurop-home.ch\/fr-ch\/wp-json\/wp\/v2\/product\/9137","targetHints":{"allow":["GET"]}}],"collection":[{"href":"https:\/\/www.fleurop-home.ch\/fr-ch\/wp-json\/wp\/v2\/product"}],"about":[{"href":"https:\/\/www.fleurop-home.ch\/fr-ch\/wp-json\/wp\/v2\/types\/product"}],"wp:featuredmedia":[{"embeddable":true,"href":"https:\/\/www.fleurop-home.ch\/fr-ch\/wp-json\/wp\/v2\/media\/9138"}],"wp:attachment":[{"href":"https:\/\/www.fleurop-home.ch\/fr-ch\/wp-json\/wp\/v2\/media?parent=9137"}],"wp:term":[{"taxonomy":"product_brand","embeddable":true,"href":"https:\/\/www.fleurop-home.ch\/fr-ch\/wp-json\/wp\/v2\/product_brand?post=9137"},{"taxonomy":"product_cat","embeddable":true,"href":"https:\/\/www.fleurop-home.ch\/fr-ch\/wp-json\/wp\/v2\/product_cat?post=9137"},{"taxonomy":"product_tag","embeddable":true,"href":"https:\/\/www.fleurop-home.ch\/fr-ch\/wp-json\/wp\/v2\/product_tag?post=9137"},{"taxonomy":"woo-feed-brand","embeddable":true,"href":"https:\/\/www.fleurop-home.ch\/fr-ch\/wp-json\/wp\/v2\/woo-feed-brand?post=9137"}],"curies":[{"name":"wp","href":"https:\/\/api.w.org\/{rel}","templated":true}]}}