{"id":9131,"date":"2022-07-05T18:47:50","date_gmt":"2022-07-05T18:47:50","guid":{"rendered":"https:\/\/www.fleurop-home.ch\/?product=bio-bienenwachstuch-beutel-mittel-20-x-24cm-streuobstwiese"},"modified":"2025-04-01T06:32:13","modified_gmt":"2025-04-01T04:32:13","slug":"bio-chiffon-de-cire-dabeille-sac-moyen-20-x-24cm-pre-de-litiere","status":"publish","type":"product","link":"https:\/\/www.fleurop-home.ch\/fr-ch\/p\/bio-bienenwachstuch-beutel-mittel-20-x-24cm-streuobstwiese","title":{"rendered":"Sachet de cire d'abeille bio moyen (20 x 24cm) pr\u00e9 de verger"},"content":{"rendered":"<p>Le tissu en cire d'abeille est un compagnon durable dans le r\u00e9frig\u00e9rateur, la cuisine, le bureau, l'\u00e9cole et la randonn\u00e9e. La chaleur de tes mains la rend flexible et mall\u00e9able et elle adh\u00e8re \u00e0 toutes les surfaces lisses ainsi qu'\u00e0 elle-m\u00eame.<\/p>\n<p>Les sacs en tissu de cire d'abeille bio sont parfaits pour remplir des aliments en vrac comme de la salade, des baies, des fruits, des herbes, des champignons, des petits produits de boulangerie, ainsi que ton casse-cro\u00fbte pour la route.<br \/>\nIl suffit de le remplir, de l'enrouler sur le dessus et de le mettre au r\u00e9frig\u00e9rateur ou de l'emporter lors de ta prochaine randonn\u00e9e.<\/p>","protected":false},"excerpt":{"rendered":"<p>Sachet de cire d'abeille bio moyen (20 x 24cm) pr\u00e9 de verger<\/p>","protected":false},"featured_media":9132,"template":"","meta":[],"product_brand":[],"product_cat":[44,1022,797,1019,1018,42],"product_tag":[312],"woo-feed-brand":[],"class_list":{"0":"post-9131","1":"product","2":"type-product","3":"status-publish","4":"has-post-thumbnail","6":"product_cat-kuechenhelfer","7":"product_cat-brunch","8":"product_cat-muttertag","9":"product_cat-osterbrunch","10":"product_cat-ostern","11":"product_cat-kueche","12":"product_tag-zimmermann-flaach-ag-blumen-gartenbau","14":"first","15":"instock","16":"taxable","17":"shipping-taxable","18":"purchasable","19":"product-type-simple"},"_links":{"self":[{"href":"https:\/\/www.fleurop-home.ch\/fr-ch\/wp-json\/wp\/v2\/product\/9131","targetHints":{"allow":["GET"]}}],"collection":[{"href":"https:\/\/www.fleurop-home.ch\/fr-ch\/wp-json\/wp\/v2\/product"}],"about":[{"href":"https:\/\/www.fleurop-home.ch\/fr-ch\/wp-json\/wp\/v2\/types\/product"}],"wp:featuredmedia":[{"embeddable":true,"href":"https:\/\/www.fleurop-home.ch\/fr-ch\/wp-json\/wp\/v2\/media\/9132"}],"wp:attachment":[{"href":"https:\/\/www.fleurop-home.ch\/fr-ch\/wp-json\/wp\/v2\/media?parent=9131"}],"wp:term":[{"taxonomy":"product_brand","embeddable":true,"href":"https:\/\/www.fleurop-home.ch\/fr-ch\/wp-json\/wp\/v2\/product_brand?post=9131"},{"taxonomy":"product_cat","embeddable":true,"href":"https:\/\/www.fleurop-home.ch\/fr-ch\/wp-json\/wp\/v2\/product_cat?post=9131"},{"taxonomy":"product_tag","embeddable":true,"href":"https:\/\/www.fleurop-home.ch\/fr-ch\/wp-json\/wp\/v2\/product_tag?post=9131"},{"taxonomy":"woo-feed-brand","embeddable":true,"href":"https:\/\/www.fleurop-home.ch\/fr-ch\/wp-json\/wp\/v2\/woo-feed-brand?post=9131"}],"curies":[{"name":"wp","href":"https:\/\/api.w.org\/{rel}","templated":true}]}}