{"id":9123,"date":"2022-07-05T12:17:33","date_gmt":"2022-07-05T12:17:33","guid":{"rendered":"https:\/\/www.fleurop-home.ch\/?product=bio-bienenwachstuch-starterset-lms-bienentraum"},"modified":"2025-04-01T06:32:26","modified_gmt":"2025-04-01T04:32:26","slug":"lingette-bio-en-cire-dabeille-starterset-lms-reve-dabeille","status":"publish","type":"product","link":"https:\/\/www.fleurop-home.ch\/fr-ch\/p\/bio-bienenwachstuch-starterset-lms-bienentraum","title":{"rendered":"Kit de d\u00e9marrage en cire d'abeille bio (L\/M\/S) R\u00eave d'abeille"},"content":{"rendered":"<p>Le tissu en cire d'abeille est un compagnon durable dans le r\u00e9frig\u00e9rateur, la cuisine, le bureau, l'\u00e9cole et la randonn\u00e9e. La chaleur de tes mains la rend flexible et mall\u00e9able et elle adh\u00e8re \u00e0 toutes les surfaces lisses ainsi qu'\u00e0 elle-m\u00eame.<\/p>\n<p>1x grand tissu \"L\" (35 x 35 cm), 1x tissu moyen \"M\" (25 x 25 cm), 1x petit tissu \"S\" (15 x 15 cm)<\/p>","protected":false},"excerpt":{"rendered":"<p>Kit de d\u00e9marrage en cire d'abeille bio (L\/M\/S) R\u00eave d'abeille<\/p>","protected":false},"featured_media":36451,"template":"","meta":[],"product_brand":[],"product_cat":[44,1022,797,1019,1018,42],"product_tag":[312],"woo-feed-brand":[],"class_list":{"0":"post-9123","1":"product","2":"type-product","3":"status-publish","4":"has-post-thumbnail","6":"product_cat-kuechenhelfer","7":"product_cat-brunch","8":"product_cat-muttertag","9":"product_cat-osterbrunch","10":"product_cat-ostern","11":"product_cat-kueche","12":"product_tag-zimmermann-flaach-ag-blumen-gartenbau","14":"first","15":"instock","16":"taxable","17":"shipping-taxable","18":"purchasable","19":"product-type-simple"},"_links":{"self":[{"href":"https:\/\/www.fleurop-home.ch\/fr-ch\/wp-json\/wp\/v2\/product\/9123","targetHints":{"allow":["GET"]}}],"collection":[{"href":"https:\/\/www.fleurop-home.ch\/fr-ch\/wp-json\/wp\/v2\/product"}],"about":[{"href":"https:\/\/www.fleurop-home.ch\/fr-ch\/wp-json\/wp\/v2\/types\/product"}],"wp:featuredmedia":[{"embeddable":true,"href":"https:\/\/www.fleurop-home.ch\/fr-ch\/wp-json\/wp\/v2\/media\/36451"}],"wp:attachment":[{"href":"https:\/\/www.fleurop-home.ch\/fr-ch\/wp-json\/wp\/v2\/media?parent=9123"}],"wp:term":[{"taxonomy":"product_brand","embeddable":true,"href":"https:\/\/www.fleurop-home.ch\/fr-ch\/wp-json\/wp\/v2\/product_brand?post=9123"},{"taxonomy":"product_cat","embeddable":true,"href":"https:\/\/www.fleurop-home.ch\/fr-ch\/wp-json\/wp\/v2\/product_cat?post=9123"},{"taxonomy":"product_tag","embeddable":true,"href":"https:\/\/www.fleurop-home.ch\/fr-ch\/wp-json\/wp\/v2\/product_tag?post=9123"},{"taxonomy":"woo-feed-brand","embeddable":true,"href":"https:\/\/www.fleurop-home.ch\/fr-ch\/wp-json\/wp\/v2\/woo-feed-brand?post=9123"}],"curies":[{"name":"wp","href":"https:\/\/api.w.org\/{rel}","templated":true}]}}