{"id":9048,"date":"2022-06-14T15:12:05","date_gmt":"2022-06-14T15:12:05","guid":{"rendered":"https:\/\/www.fleurop-home.ch\/?product=salatgenuss"},"modified":"2026-02-05T14:41:58","modified_gmt":"2026-02-05T13:41:58","slug":"le-plaisir-de-la-salade","status":"publish","type":"product","link":"https:\/\/www.fleurop-home.ch\/fr-ch\/p\/salatgenuss","title":{"rendered":"Le plaisir de la salade"},"content":{"rendered":"<p>Le plaisir de la salade<br \/>\nTrio de vinaigre balsamique de haute qualit\u00e9 avec des herbes \u00e0 salade du Tessin, emball\u00e9 dans une belle bo\u00eete cadeau noire, recouverte de papier Buckram.<\/p>\n<p>Contenu :<br \/>\n- Trio de balsamiques<br \/>\n- Des herbes \u00e0 salade exclusives du Tessin<\/p>\n<p>Finition :<br \/>\nIncl. sceau rouge et boucle cadeau rouge.<\/p>","protected":false},"excerpt":{"rendered":"<p>Trio de vinaigre balsamique de haute qualit\u00e9 avec des herbes \u00e0 salade du Tessin, emball\u00e9 dans une belle bo\u00eete cadeau noire, recouverte de papier Buckram.<\/p>","protected":false},"featured_media":9049,"template":"","meta":[],"product_brand":[],"product_cat":[53,995,910,1091,984,1088,909,916,42,47,885,52,1225],"product_tag":[310],"woo-feed-brand":[],"class_list":{"0":"post-9048","1":"product","2":"type-product","3":"status-publish","4":"has-post-thumbnail","6":"product_cat-geschenksets","7":"product_cat-essen-trinken","8":"product_cat-geschenkideen","9":"product_cat-hobbykoch","10":"product_cat-silvester","11":"product_cat-vatertag","12":"product_cat-weihnachten","13":"product_cat-praesente","14":"product_cat-kueche","15":"product_cat-kuechenaromen","16":"product_cat-koestlichkeiten","17":"product_cat-geschenke","18":"product_cat-genuss","19":"product_tag-naturguet","21":"first","22":"instock","23":"taxable","24":"shipping-taxable","25":"purchasable","26":"product-type-simple"},"_links":{"self":[{"href":"https:\/\/www.fleurop-home.ch\/fr-ch\/wp-json\/wp\/v2\/product\/9048","targetHints":{"allow":["GET"]}}],"collection":[{"href":"https:\/\/www.fleurop-home.ch\/fr-ch\/wp-json\/wp\/v2\/product"}],"about":[{"href":"https:\/\/www.fleurop-home.ch\/fr-ch\/wp-json\/wp\/v2\/types\/product"}],"wp:featuredmedia":[{"embeddable":true,"href":"https:\/\/www.fleurop-home.ch\/fr-ch\/wp-json\/wp\/v2\/media\/9049"}],"wp:attachment":[{"href":"https:\/\/www.fleurop-home.ch\/fr-ch\/wp-json\/wp\/v2\/media?parent=9048"}],"wp:term":[{"taxonomy":"product_brand","embeddable":true,"href":"https:\/\/www.fleurop-home.ch\/fr-ch\/wp-json\/wp\/v2\/product_brand?post=9048"},{"taxonomy":"product_cat","embeddable":true,"href":"https:\/\/www.fleurop-home.ch\/fr-ch\/wp-json\/wp\/v2\/product_cat?post=9048"},{"taxonomy":"product_tag","embeddable":true,"href":"https:\/\/www.fleurop-home.ch\/fr-ch\/wp-json\/wp\/v2\/product_tag?post=9048"},{"taxonomy":"woo-feed-brand","embeddable":true,"href":"https:\/\/www.fleurop-home.ch\/fr-ch\/wp-json\/wp\/v2\/woo-feed-brand?post=9048"}],"curies":[{"name":"wp","href":"https:\/\/api.w.org\/{rel}","templated":true}]}}