{"id":9021,"date":"2022-06-09T13:50:54","date_gmt":"2022-06-09T13:50:54","guid":{"rendered":"https:\/\/www.fleurop-home.ch\/?product=bundner-geniesser-box"},"modified":"2026-02-05T14:11:19","modified_gmt":"2026-02-05T13:11:19","slug":"coffret-gourmand-bundner","status":"publish","type":"product","link":"https:\/\/www.fleurop-home.ch\/fr-ch\/p\/bundner-geniesser-box","title":{"rendered":"Coffret du gourmet grison"},"content":{"rendered":"<p style=\"text-align: left;\">Coffret du gourmet grison<\/p>\n<p style=\"text-align: left;\">Des friandises originales des Grisons, joliment emball\u00e9es dans une bo\u00eete noire de haute qualit\u00e9.<br \/>\nContenu :<br \/>\n- Sel de b\u0153uf du berger des Alpes<br \/>\n- Polenta \u00e0 la montagnarde<br \/>\n- Soupe \u00e0 l'orge des Grisons<br \/>\n- M\u00e9lange d'\u00e9pices \u00e0 la mode des Grisons<br \/>\n- R\u00f6tali des Grisons 10 cl<br \/>\n- G\u00e2teau aux noix des Grisons \"Schellenursli<br \/>\nFinition :<br \/>\nBo\u00eete gourmande, y compris le c\u0153ur sur l'\u00e9tiquette, avec sceau rouge et boucle cadeau rouge.<\/p>\n<p style=\"text-align: left;\"><a href=\"https:\/\/naturguet.ch\/naehrwerte\/\" target=\"_blank\" rel=\"noopener\">Informations nutritionnelles et conseils pour les personnes allergiques<\/a><\/p>","protected":false},"excerpt":{"rendered":"<p>Des friandises originales des Grisons, joliment emball\u00e9es dans une bo\u00eete noire de haute qualit\u00e9.<\/p>","protected":false},"featured_media":9022,"template":"","meta":[],"product_brand":[],"product_cat":[53,910,1091,1020,1018,984,993,1088,909,916,42,47,885,52,1225],"product_tag":[147,310],"woo-feed-brand":[],"class_list":{"0":"post-9021","1":"product","2":"type-product","3":"status-publish","4":"has-post-thumbnail","6":"product_cat-geschenksets","7":"product_cat-geschenkideen","8":"product_cat-hobbykoch","9":"product_cat-ostergeschenke","10":"product_cat-ostern","11":"product_cat-silvester","12":"product_cat-silvestergeschenke","13":"product_cat-vatertag","14":"product_cat-weihnachten","15":"product_cat-praesente","16":"product_cat-kueche","17":"product_cat-kuechenaromen","18":"product_cat-koestlichkeiten","19":"product_cat-geschenke","20":"product_cat-genuss","21":"product_tag-alkohol","22":"product_tag-naturguet","24":"first","25":"instock","26":"taxable","27":"shipping-taxable","28":"purchasable","29":"product-type-simple"},"_links":{"self":[{"href":"https:\/\/www.fleurop-home.ch\/fr-ch\/wp-json\/wp\/v2\/product\/9021","targetHints":{"allow":["GET"]}}],"collection":[{"href":"https:\/\/www.fleurop-home.ch\/fr-ch\/wp-json\/wp\/v2\/product"}],"about":[{"href":"https:\/\/www.fleurop-home.ch\/fr-ch\/wp-json\/wp\/v2\/types\/product"}],"wp:featuredmedia":[{"embeddable":true,"href":"https:\/\/www.fleurop-home.ch\/fr-ch\/wp-json\/wp\/v2\/media\/9022"}],"wp:attachment":[{"href":"https:\/\/www.fleurop-home.ch\/fr-ch\/wp-json\/wp\/v2\/media?parent=9021"}],"wp:term":[{"taxonomy":"product_brand","embeddable":true,"href":"https:\/\/www.fleurop-home.ch\/fr-ch\/wp-json\/wp\/v2\/product_brand?post=9021"},{"taxonomy":"product_cat","embeddable":true,"href":"https:\/\/www.fleurop-home.ch\/fr-ch\/wp-json\/wp\/v2\/product_cat?post=9021"},{"taxonomy":"product_tag","embeddable":true,"href":"https:\/\/www.fleurop-home.ch\/fr-ch\/wp-json\/wp\/v2\/product_tag?post=9021"},{"taxonomy":"woo-feed-brand","embeddable":true,"href":"https:\/\/www.fleurop-home.ch\/fr-ch\/wp-json\/wp\/v2\/woo-feed-brand?post=9021"}],"curies":[{"name":"wp","href":"https:\/\/api.w.org\/{rel}","templated":true}]}}