{"id":8992,"date":"2022-06-02T11:38:31","date_gmt":"2022-06-02T11:38:31","guid":{"rendered":"https:\/\/www.fleurop-home.ch\/?product=zarter-blumenkorb-mit-roter-rose-und-lavendel"},"modified":"2026-03-23T09:08:16","modified_gmt":"2026-03-23T08:08:16","slug":"corbeille-de-fleurs-avec-rose-rouge","status":"publish","type":"product","link":"https:\/\/www.fleurop-home.ch\/fr-ch\/p\/blumenkorb-mit-roter-rose","title":{"rendered":"Panier de fleurs avec rose rouge"},"content":{"rendered":"<h3 style=\"text-align: left;\">D\u00e9licate corbeille de fleurs avec rose rouge et lavande \u00d8 environ 18cm H environ 18cm<\/h3>\n<p>Avec ce cadeau tendance, la surprise sera inoubliable. Que ce soit simplement pour la Saint-Valentin, la f\u00eate des m\u00e8res ou un anniversaire. Notre bo\u00eete est d\u00e9cor\u00e9e d'une v\u00e9ritable rose stabilis\u00e9e, de fleurs textiles et de lavande.<\/p>\n<p>La corbeille de fleurs peut \u00eatre utilis\u00e9e comme cadeau, accessoire d'int\u00e9rieur ou comme d\u00e9coration de table. Les branches de fleurs &amp; de verdure sont artificielles. La lavande est s\u00e9ch\u00e9e. C'est pourquoi la corbeille de fleurs peut \u00eatre r\u00e9utilis\u00e9e toute l'ann\u00e9e pour la d\u00e9coration.<br \/>\n- Les paniers de fleurs compos\u00e9s d'une v\u00e9ritable rose stabilis\u00e9e, de fleurs textiles &amp; de mat\u00e9riaux artificiels sont compos\u00e9s individuellement par nos soins et peuvent varier en termes de disposition et de couleur.<br \/>\n- Pour la conception, on utilise aussi en partie des mat\u00e9riaux de d\u00e9coration mont\u00e9s ainsi que, comme aides techniques, du bois, du fil de fer, de la colle, du raphia et d'autres mat\u00e9riaux similaires, qui peuvent aussi \u00eatre visibles. Le panier peut varier.<\/p>\n<p><strong>Note bien<\/strong><br \/>\nIl pourrait y avoir des diff\u00e9rences entre la couleur illustr\u00e9e sur le site web et la couleur r\u00e9elle, ceci en raison de l'incidence de la lumi\u00e8re, de la luminosit\u00e9 du moniteur, du r\u00e9glage du contraste, etc. De m\u00eame que la disposition des mat\u00e9riaux et des articles de d\u00e9coration.<\/p>","protected":false},"excerpt":{"rendered":"<p>D\u00e9licate corbeille de fleurs avec rose rouge et lavande \u00d8 environ 18cm H environ 18cm<\/p>","protected":false},"featured_media":8993,"template":"","meta":[],"product_brand":[],"product_cat":[102,23,26],"product_tag":[290],"woo-feed-brand":[],"class_list":{"0":"post-8992","1":"product","2":"type-product","3":"status-publish","4":"has-post-thumbnail","6":"product_cat-infinity-rosen","7":"product_cat-home-living","8":"product_cat-blumen-pflanzen","9":"product_tag-atelier-leutwyler","11":"first","12":"instock","13":"taxable","14":"shipping-taxable","15":"purchasable","16":"product-type-simple"},"_links":{"self":[{"href":"https:\/\/www.fleurop-home.ch\/fr-ch\/wp-json\/wp\/v2\/product\/8992","targetHints":{"allow":["GET"]}}],"collection":[{"href":"https:\/\/www.fleurop-home.ch\/fr-ch\/wp-json\/wp\/v2\/product"}],"about":[{"href":"https:\/\/www.fleurop-home.ch\/fr-ch\/wp-json\/wp\/v2\/types\/product"}],"wp:featuredmedia":[{"embeddable":true,"href":"https:\/\/www.fleurop-home.ch\/fr-ch\/wp-json\/wp\/v2\/media\/8993"}],"wp:attachment":[{"href":"https:\/\/www.fleurop-home.ch\/fr-ch\/wp-json\/wp\/v2\/media?parent=8992"}],"wp:term":[{"taxonomy":"product_brand","embeddable":true,"href":"https:\/\/www.fleurop-home.ch\/fr-ch\/wp-json\/wp\/v2\/product_brand?post=8992"},{"taxonomy":"product_cat","embeddable":true,"href":"https:\/\/www.fleurop-home.ch\/fr-ch\/wp-json\/wp\/v2\/product_cat?post=8992"},{"taxonomy":"product_tag","embeddable":true,"href":"https:\/\/www.fleurop-home.ch\/fr-ch\/wp-json\/wp\/v2\/product_tag?post=8992"},{"taxonomy":"woo-feed-brand","embeddable":true,"href":"https:\/\/www.fleurop-home.ch\/fr-ch\/wp-json\/wp\/v2\/woo-feed-brand?post=8992"}],"curies":[{"name":"wp","href":"https:\/\/api.w.org\/{rel}","templated":true}]}}