{"id":8932,"date":"2022-05-12T11:43:07","date_gmt":"2022-05-12T11:43:07","guid":{"rendered":"https:\/\/www.fleurop-home.ch\/?product=geschenkset-essentiel-ombre"},"modified":"2026-04-01T16:04:07","modified_gmt":"2026-04-01T14:04:07","slug":"set-cadeau-essentiel-ombre","status":"publish","type":"product","link":"https:\/\/www.fleurop-home.ch\/fr-ch\/p\/geschenkset-essentiel-ombre","title":{"rendered":"Coffret cadeau Essentiel Ombre"},"content":{"rendered":"<p>Le coffret cadeau assorti au flair masculin !<\/p>\n<p>Contenu de la livraison :<\/p>\n<p>1 x trousse de toilette<em> basalte<\/em>\u00a0remplie de<\/p>\n<ul>\n<li>1 x savon naturel fait \u00e0 la main <em>Gentleman\u00a0<\/em><\/li>\n<li>1 x porte-savon en bois de poirier<\/li>\n<\/ul>\n<p><strong>Savon naturel fait \u00e0 la main <em>Gentleman<\/em>:<\/strong>\u00a0Composition de parfum \u00e2pre. V\u00e9g\u00e9talien. Pas d'huile de palme. Fabriqu\u00e9 en Suisse (manufacture de savon Le Savon, Aeugst am Albis).<\/p>\n<p><strong><strong>Trousse de toilette :<\/strong>\u00a0<\/strong>14.5 x 6.5 x 9 cm, en papier lavable. Fabriqu\u00e9 en Italie (Toscane).<\/p>\n<p><strong>Porte-savon :<\/strong> 11.5 x 7 cm, en bois de poirier. Fabriqu\u00e9 en Slov\u00e9nie.<\/p>","protected":false},"excerpt":{"rendered":"<p>Un cadeau qui a du sens : 3 produits durables<br \/>\nV\u00e9g\u00e9talien. Sans plastique. Zerowaste.<\/p>","protected":false},"featured_media":8933,"template":"","meta":[],"product_brand":[],"product_cat":[49,1023,1003,797,999,48,52,1224,53],"product_tag":[308],"woo-feed-brand":[],"class_list":{"0":"post-8932","1":"product","2":"type-product","3":"status-publish","4":"has-post-thumbnail","6":"product_cat-seifen","7":"product_cat-fuer-mama","8":"product_cat-fuer-sie","9":"product_cat-muttertag","10":"product_cat-valentinstag","11":"product_cat-bad-wellness","12":"product_cat-geschenke","13":"product_cat-beauty-wellness","14":"product_cat-geschenksets","15":"product_tag-le-savon","17":"first","18":"instock","19":"taxable","20":"shipping-taxable","21":"purchasable","22":"product-type-simple"},"_links":{"self":[{"href":"https:\/\/www.fleurop-home.ch\/fr-ch\/wp-json\/wp\/v2\/product\/8932","targetHints":{"allow":["GET"]}}],"collection":[{"href":"https:\/\/www.fleurop-home.ch\/fr-ch\/wp-json\/wp\/v2\/product"}],"about":[{"href":"https:\/\/www.fleurop-home.ch\/fr-ch\/wp-json\/wp\/v2\/types\/product"}],"wp:featuredmedia":[{"embeddable":true,"href":"https:\/\/www.fleurop-home.ch\/fr-ch\/wp-json\/wp\/v2\/media\/8933"}],"wp:attachment":[{"href":"https:\/\/www.fleurop-home.ch\/fr-ch\/wp-json\/wp\/v2\/media?parent=8932"}],"wp:term":[{"taxonomy":"product_brand","embeddable":true,"href":"https:\/\/www.fleurop-home.ch\/fr-ch\/wp-json\/wp\/v2\/product_brand?post=8932"},{"taxonomy":"product_cat","embeddable":true,"href":"https:\/\/www.fleurop-home.ch\/fr-ch\/wp-json\/wp\/v2\/product_cat?post=8932"},{"taxonomy":"product_tag","embeddable":true,"href":"https:\/\/www.fleurop-home.ch\/fr-ch\/wp-json\/wp\/v2\/product_tag?post=8932"},{"taxonomy":"woo-feed-brand","embeddable":true,"href":"https:\/\/www.fleurop-home.ch\/fr-ch\/wp-json\/wp\/v2\/woo-feed-brand?post=8932"}],"curies":[{"name":"wp","href":"https:\/\/api.w.org\/{rel}","templated":true}]}}