{"id":8918,"date":"2022-05-12T07:49:48","date_gmt":"2022-05-12T07:49:48","guid":{"rendered":"https:\/\/www.fleurop-home.ch\/?product=naturseife-botanica-mit-melissenblatter-extrakt"},"modified":"2025-04-01T06:34:21","modified_gmt":"2025-04-01T04:34:21","slug":"savon-naturel-botanica-a-lextrait-de-feuilles-de-melisse","status":"publish","type":"product","link":"https:\/\/www.fleurop-home.ch\/fr-ch\/p\/naturseife-botanica-mit-melissenblatter-extrakt","title":{"rendered":"Savon naturel BOTANICA \u00e0 l'extrait de feuilles de m\u00e9lisse"},"content":{"rendered":"<p style=\"text-align: left\">Le secret ? Seulement trois ingr\u00e9dients, rien d'autre :<\/p>\n<p>- R\u00e9sine d'arbre saponifi\u00e9e<br \/>\n- Huiles v\u00e9g\u00e9tales saponifi\u00e9es<br \/>\n- Extraits &amp; essences<\/p>\n<p>Tous les savons Le Savon sont bien s\u00fbr toujours v\u00e9g\u00e9taliens &amp; sans huile de palme.<\/p>\n<ul>\n<li>Le Savon : manufacture locale \u00e0 Aeugst am Albis avec proc\u00e9d\u00e9 traditionnel de saponification \u00e0 la main<\/li>\n<li>Mousse abondante &amp; tr\u00e8s haut rendement<\/li>\n<li>Pas d'additifs<\/li>\n<\/ul>\n<p><strong>Parfum\u00a0<\/strong>Cette composition olfactive surprend par ses accords contrast\u00e9s de citron vert, d'orange, de pamplemousse sucr\u00e9 et de notes discr\u00e8tement \u00e9pic\u00e9es et chaudes de gingembre.<\/p>\n<p><strong>Utilisation :<\/strong> Savon pour les mains et la douche<\/p>\n<p><strong>Les extras :<\/strong> Contient des extraits de feuilles de m\u00e9lisse suisse.<\/p>\n<p><strong>Sp\u00e9cial<\/strong> La bouteille en verre est munie d'un pendentif en papier \u00e0 graines. Profite du thym, de la m\u00e9lisse et de bien d'autres choses encore.<\/p>\n<p><strong>Le volume :<\/strong> 500ml<\/p>\n<p><strong>La dur\u00e9e de vie :<\/strong>\u00a012 Mt.<\/p>\n<p><strong>INCI :<\/strong>\u00a0Aqua, r\u00e9sinate liquide potassique (r\u00e9sine d'arbre saponifi\u00e9e), cocoate potassique*, glyc\u00e9rine*, olivate potassique*, parfum**, huile de Prunus Amygdalus Dulcis potassique**, acide citrique, extrait de feuille de Melissa Officinalis, huile de Citrus Aurantifolia**, huile de Citrus Medica Limon**, Citrus Aurantium Dulcis Oil**, Litsea Cubeba Oil**, Citrus Grandis Peel Oil**, Zingiber Officinale Root Oil**, Tocopherol, Helianthus Annuus Seed Oil, Citral**, Limonene**, Linalool** *BIO **Ingr\u00e9dients d'huiles essentielles naturelles<\/p>\n<p><strong>Emballage :<\/strong> Bouteille en verre (reciclable) avec pompe de qualit\u00e9 (reciclable) de fabrication suisse et europ\u00e9enne<\/p>","protected":false},"excerpt":{"rendered":"<p>V\u00e9ritable savon, bouilli de mani\u00e8re traditionnelle. V\u00e9g\u00e9talienne. Bio.<br \/>\nUn plaisir de lavage doux pour une sensation de peau extra douce.<\/p>","protected":false},"featured_media":8919,"template":"","meta":[],"product_brand":[],"product_cat":[49,48],"product_tag":[308],"woo-feed-brand":[],"class_list":{"0":"post-8918","1":"product","2":"type-product","3":"status-publish","4":"has-post-thumbnail","6":"product_cat-seifen","7":"product_cat-bad-wellness","8":"product_tag-le-savon","10":"first","11":"instock","12":"taxable","13":"shipping-taxable","14":"purchasable","15":"product-type-simple"},"_links":{"self":[{"href":"https:\/\/www.fleurop-home.ch\/fr-ch\/wp-json\/wp\/v2\/product\/8918","targetHints":{"allow":["GET"]}}],"collection":[{"href":"https:\/\/www.fleurop-home.ch\/fr-ch\/wp-json\/wp\/v2\/product"}],"about":[{"href":"https:\/\/www.fleurop-home.ch\/fr-ch\/wp-json\/wp\/v2\/types\/product"}],"wp:featuredmedia":[{"embeddable":true,"href":"https:\/\/www.fleurop-home.ch\/fr-ch\/wp-json\/wp\/v2\/media\/8919"}],"wp:attachment":[{"href":"https:\/\/www.fleurop-home.ch\/fr-ch\/wp-json\/wp\/v2\/media?parent=8918"}],"wp:term":[{"taxonomy":"product_brand","embeddable":true,"href":"https:\/\/www.fleurop-home.ch\/fr-ch\/wp-json\/wp\/v2\/product_brand?post=8918"},{"taxonomy":"product_cat","embeddable":true,"href":"https:\/\/www.fleurop-home.ch\/fr-ch\/wp-json\/wp\/v2\/product_cat?post=8918"},{"taxonomy":"product_tag","embeddable":true,"href":"https:\/\/www.fleurop-home.ch\/fr-ch\/wp-json\/wp\/v2\/product_tag?post=8918"},{"taxonomy":"woo-feed-brand","embeddable":true,"href":"https:\/\/www.fleurop-home.ch\/fr-ch\/wp-json\/wp\/v2\/woo-feed-brand?post=8918"}],"curies":[{"name":"wp","href":"https:\/\/api.w.org\/{rel}","templated":true}]}}