{"id":8916,"date":"2022-05-11T11:27:49","date_gmt":"2022-05-11T09:27:49","guid":{"rendered":"https:\/\/www.fleurop-home.ch\/?product=saisonale-schnittblumen-im-bund"},"modified":"2025-12-10T13:51:53","modified_gmt":"2025-12-10T12:51:53","slug":"fleurs-coupees-de-saison-en-bouquet","status":"publish","type":"product","link":"https:\/\/www.fleurop-home.ch\/fr-ch\/p\/saisonale-schnittblumen-im-bund","title":{"rendered":"Fleurs coup\u00e9es de saison en botte"},"content":{"rendered":"<p style=\"text-align: left;\">Le bouquet se compose de huit composants saisonniers dont la couleur et les vari\u00e9t\u00e9s de fleurs varient chaque semaine. Ces fleurs polyvalentes apporteront \u00e0 coup s\u00fbr de la joie dans ta maison.<\/p>\n<p>La longueur du manche varie entre 30 cm et 60 cm.<\/p>","protected":false},"excerpt":{"rendered":"<p>Des fleurs coup\u00e9es fra\u00eeches et de saison - Parfaites pour ta maison.<\/p>","protected":false},"featured_media":8917,"template":"","meta":[],"product_brand":[],"product_cat":[112,23,1023,797,984,994,26,52,55],"product_tag":[284],"woo-feed-brand":[],"class_list":{"0":"post-8916","1":"product","2":"type-product","3":"status-publish","4":"has-post-thumbnail","6":"product_cat-schnittblumen","7":"product_cat-home-living","8":"product_cat-fuer-mama","9":"product_cat-muttertag","10":"product_cat-silvester","11":"product_cat-silvestertisch","12":"product_cat-blumen-pflanzen","13":"product_cat-geschenke","14":"product_cat-blumige-geschenke","15":"product_tag-blume-3000","17":"first","18":"instock","19":"featured","20":"taxable","21":"shipping-taxable","22":"purchasable","23":"product-type-simple"},"_links":{"self":[{"href":"https:\/\/www.fleurop-home.ch\/fr-ch\/wp-json\/wp\/v2\/product\/8916","targetHints":{"allow":["GET"]}}],"collection":[{"href":"https:\/\/www.fleurop-home.ch\/fr-ch\/wp-json\/wp\/v2\/product"}],"about":[{"href":"https:\/\/www.fleurop-home.ch\/fr-ch\/wp-json\/wp\/v2\/types\/product"}],"wp:featuredmedia":[{"embeddable":true,"href":"https:\/\/www.fleurop-home.ch\/fr-ch\/wp-json\/wp\/v2\/media\/8917"}],"wp:attachment":[{"href":"https:\/\/www.fleurop-home.ch\/fr-ch\/wp-json\/wp\/v2\/media?parent=8916"}],"wp:term":[{"taxonomy":"product_brand","embeddable":true,"href":"https:\/\/www.fleurop-home.ch\/fr-ch\/wp-json\/wp\/v2\/product_brand?post=8916"},{"taxonomy":"product_cat","embeddable":true,"href":"https:\/\/www.fleurop-home.ch\/fr-ch\/wp-json\/wp\/v2\/product_cat?post=8916"},{"taxonomy":"product_tag","embeddable":true,"href":"https:\/\/www.fleurop-home.ch\/fr-ch\/wp-json\/wp\/v2\/product_tag?post=8916"},{"taxonomy":"woo-feed-brand","embeddable":true,"href":"https:\/\/www.fleurop-home.ch\/fr-ch\/wp-json\/wp\/v2\/woo-feed-brand?post=8916"}],"curies":[{"name":"wp","href":"https:\/\/api.w.org\/{rel}","templated":true}]}}