{"id":8873,"date":"2022-04-18T17:24:16","date_gmt":"2022-04-18T17:24:16","guid":{"rendered":"https:\/\/www.fleurop-home.ch\/?product=blumenbox-lila-verde"},"modified":"2026-03-24T08:32:25","modified_gmt":"2026-03-24T07:32:25","slug":"boite-a-fleurs-lilas-verde","status":"publish","type":"product","link":"https:\/\/www.fleurop-home.ch\/fr-ch\/p\/blumenbox-lila-verde","title":{"rendered":"Bo\u00eete \u00e0 fleurs \u00ablila-verde\u00bb"},"content":{"rendered":"<p style=\"text-align: left;\"><strong>Les bo\u00eetes \u00e0 fleurs dans ces teintes pastel sont les tendances d\u00e9coratives de la saison.<\/strong><\/p>\n<p>Avec ce cadeau tendance, la surprise sera inoubliable. Notre bo\u00eete est d\u00e9cor\u00e9e de fleurs s\u00e9ch\u00e9es tendance, d'un ruban et d'un accessoire en pierre pr\u00e9cieuse. Le couvercle de cette bo\u00eete \u00e9l\u00e9gante peut \u00e9galement \u00eatre r\u00e9utilis\u00e9 pour ranger de belles choses.<\/p>\n<p>La bo\u00eete \u00e0 fleurs peut \u00eatre utilis\u00e9e comme cadeau, accessoire d'int\u00e9rieur ou comme d\u00e9coration de table. Les fleurs s\u00e9ch\u00e9es et les fleurs textiles se conservent longtemps, et la bo\u00eete \u00e0 fleurs peut donc \u00eatre r\u00e9utilis\u00e9e toute l'ann\u00e9e pour la d\u00e9coration.<\/p>\n<p>- Les bo\u00eetes \u00e0 fleurs en fleurs s\u00e9ch\u00e9es sont compos\u00e9es individuellement par nos soins et peuvent donc varier en termes de disposition et de couleur.<\/p>\n<p>- Pour la conception, on utilise aussi en partie des mat\u00e9riaux de d\u00e9coration mont\u00e9s ainsi que, comme aides techniques, du bois, du fil de fer, de la colle, du raphia et d'autres mat\u00e9riaux similaires, qui peuvent aussi \u00eatre visibles. Le ruban peut varier. La bo\u00eete est con\u00e7ue en carton\/papier et peut pr\u00e9senter des ombres\/restes de colle et des bords en raison du processus de collage. Si la bo\u00eete est recouverte de tissu, il peut y avoir des changements de couleur\/d\u00e9coloration \u00e0 l'int\u00e9rieur du tissu.<\/p>\n<p><strong>Note bien<\/strong><br \/>\nIl peut y avoir des diff\u00e9rences entre la couleur illustr\u00e9e sur le site web et la couleur r\u00e9elle. Cela en raison de l'incidence de la lumi\u00e8re, de la luminosit\u00e9 du moniteur, du r\u00e9glage du contraste, etc. De m\u00eame que la disposition \/ composition des mat\u00e9riaux et des articles de d\u00e9coration.<\/p>","protected":false},"excerpt":{"rendered":"<p>Les bo\u00eetes \u00e0 fleurs dans les tons violet-blanc-vert sont les tendances d\u00e9coratives et ensoleill\u00e9es de la saison. Bo\u00eete diam\u00e8tre environ 15 cm, hauteur environ 17.5 cm<\/p>","protected":false},"featured_media":8874,"template":"","meta":[],"product_brand":[],"product_cat":[117,23,26],"product_tag":[290],"woo-feed-brand":[],"class_list":{"0":"post-8873","1":"product","2":"type-product","3":"status-publish","4":"has-post-thumbnail","6":"product_cat-trockenblumen","7":"product_cat-home-living","8":"product_cat-blumen-pflanzen","9":"product_tag-atelier-leutwyler","11":"first","12":"instock","13":"taxable","14":"shipping-taxable","15":"purchasable","16":"product-type-simple"},"_links":{"self":[{"href":"https:\/\/www.fleurop-home.ch\/fr-ch\/wp-json\/wp\/v2\/product\/8873","targetHints":{"allow":["GET"]}}],"collection":[{"href":"https:\/\/www.fleurop-home.ch\/fr-ch\/wp-json\/wp\/v2\/product"}],"about":[{"href":"https:\/\/www.fleurop-home.ch\/fr-ch\/wp-json\/wp\/v2\/types\/product"}],"wp:featuredmedia":[{"embeddable":true,"href":"https:\/\/www.fleurop-home.ch\/fr-ch\/wp-json\/wp\/v2\/media\/8874"}],"wp:attachment":[{"href":"https:\/\/www.fleurop-home.ch\/fr-ch\/wp-json\/wp\/v2\/media?parent=8873"}],"wp:term":[{"taxonomy":"product_brand","embeddable":true,"href":"https:\/\/www.fleurop-home.ch\/fr-ch\/wp-json\/wp\/v2\/product_brand?post=8873"},{"taxonomy":"product_cat","embeddable":true,"href":"https:\/\/www.fleurop-home.ch\/fr-ch\/wp-json\/wp\/v2\/product_cat?post=8873"},{"taxonomy":"product_tag","embeddable":true,"href":"https:\/\/www.fleurop-home.ch\/fr-ch\/wp-json\/wp\/v2\/product_tag?post=8873"},{"taxonomy":"woo-feed-brand","embeddable":true,"href":"https:\/\/www.fleurop-home.ch\/fr-ch\/wp-json\/wp\/v2\/woo-feed-brand?post=8873"}],"curies":[{"name":"wp","href":"https:\/\/api.w.org\/{rel}","templated":true}]}}