{"id":8831,"date":"2022-03-28T17:56:14","date_gmt":"2022-03-28T17:56:14","guid":{"rendered":"https:\/\/www.fleurop-home.ch\/?product=frohlicher-wiesenblumen-korb"},"modified":"2026-03-24T08:36:07","modified_gmt":"2026-03-24T07:36:07","slug":"panier-de-fleurs-des-champs","status":"publish","type":"product","link":"https:\/\/www.fleurop-home.ch\/fr-ch\/p\/blumenkorb-wiesenblumen","title":{"rendered":"Corbeille \u00e0 fleurs \u00abFleurs des champs\u00bb"},"content":{"rendered":"<h3 style=\"text-align: left;\">\"Corbeille de fleurs des champs\" diam\u00e8tre environ 25cm, hauteur environ 20cm<\/h3>\n<p>Avec ce joyeux cadeau, la surprise sera inoubliable. Que ce soit juste comme \u00e7a, \u00e0 P\u00e2ques, pour la f\u00eate des m\u00e8res ou pour un anniversaire. Notre panier en osier est d\u00e9cor\u00e9 de fleurs textiles.<\/p>\n<p style=\"text-align: left;\">Le panier de prairie peut \u00eatre utilis\u00e9 comme cadeau, accessoire d'int\u00e9rieur ou comme d\u00e9coration de table. Les branches de fleurs &amp; de verdure sont artificielles. C'est pourquoi le panier peut \u00eatre r\u00e9utilis\u00e9 toute l'ann\u00e9e pour la d\u00e9coration.<\/p>\n<p>- Nous composons les paniers de fleurs textiles &amp; de mat\u00e9riaux artificiels individuellement et leur disposition et leur couleur peuvent varier.<\/p>\n<p>- Pour la conception, on utilise en partie des mat\u00e9riaux de d\u00e9coration mont\u00e9s ainsi que des aides techniques telles que le bois, le fil de fer, la colle, le raphia et autres, qui peuvent \u00e9galement \u00eatre visibles.<\/p>\n<p style=\"text-align: left;\"><strong>Note bien<\/strong><br \/>\nIl pourrait y avoir des diff\u00e9rences entre la couleur illustr\u00e9e sur le site web et la couleur r\u00e9elle, ceci en raison de l'incidence de la lumi\u00e8re, de la luminosit\u00e9 du moniteur, du r\u00e9glage du contraste, etc. De m\u00eame que la disposition des mat\u00e9riaux et des articles de d\u00e9coration.<\/p>","protected":false},"excerpt":{"rendered":"<p>Joyeuse corbeille de fleurs des champs\" Diam\u00e8tre environ 25cm, hauteur environ 20cm<\/p>","protected":false},"featured_media":8832,"template":"","meta":[],"product_brand":[],"product_cat":[107,23,1021,1018,26],"product_tag":[290],"woo-feed-brand":[],"class_list":{"0":"post-8831","1":"product","2":"type-product","3":"status-publish","4":"has-post-thumbnail","6":"product_cat-kunstblumen","7":"product_cat-home-living","8":"product_cat-osterdeko","9":"product_cat-ostern","10":"product_cat-blumen-pflanzen","11":"product_tag-atelier-leutwyler","13":"first","14":"instock","15":"taxable","16":"shipping-taxable","17":"purchasable","18":"product-type-simple"},"_links":{"self":[{"href":"https:\/\/www.fleurop-home.ch\/fr-ch\/wp-json\/wp\/v2\/product\/8831","targetHints":{"allow":["GET"]}}],"collection":[{"href":"https:\/\/www.fleurop-home.ch\/fr-ch\/wp-json\/wp\/v2\/product"}],"about":[{"href":"https:\/\/www.fleurop-home.ch\/fr-ch\/wp-json\/wp\/v2\/types\/product"}],"wp:featuredmedia":[{"embeddable":true,"href":"https:\/\/www.fleurop-home.ch\/fr-ch\/wp-json\/wp\/v2\/media\/8832"}],"wp:attachment":[{"href":"https:\/\/www.fleurop-home.ch\/fr-ch\/wp-json\/wp\/v2\/media?parent=8831"}],"wp:term":[{"taxonomy":"product_brand","embeddable":true,"href":"https:\/\/www.fleurop-home.ch\/fr-ch\/wp-json\/wp\/v2\/product_brand?post=8831"},{"taxonomy":"product_cat","embeddable":true,"href":"https:\/\/www.fleurop-home.ch\/fr-ch\/wp-json\/wp\/v2\/product_cat?post=8831"},{"taxonomy":"product_tag","embeddable":true,"href":"https:\/\/www.fleurop-home.ch\/fr-ch\/wp-json\/wp\/v2\/product_tag?post=8831"},{"taxonomy":"woo-feed-brand","embeddable":true,"href":"https:\/\/www.fleurop-home.ch\/fr-ch\/wp-json\/wp\/v2\/woo-feed-brand?post=8831"}],"curies":[{"name":"wp","href":"https:\/\/api.w.org\/{rel}","templated":true}]}}