{"id":8730,"date":"2022-03-23T13:21:04","date_gmt":"2022-03-23T13:21:04","guid":{"rendered":"https:\/\/www.fleurop-home.ch\/?product=honigtrio-swiss-edition"},"modified":"2026-02-05T14:40:43","modified_gmt":"2026-02-05T13:40:43","slug":"trio-de-miel-swiss-edition","status":"publish","type":"product","link":"https:\/\/www.fleurop-home.ch\/fr-ch\/p\/honigtrio-swiss-edition","title":{"rendered":"Trio de miel \"Swiss Edition\""},"content":{"rendered":"<p>Dans le trio de miels \"Swiss Edition\", nous pr\u00e9sentons nos miels suisses premium tr\u00e8s appr\u00e9ci\u00e9s, Fleur de montagne, Fleur et For\u00eat, dans notre bo\u00eete en bois v\u00e9ritable Bee-Family. Dans ce trio suisse unique, on retrouve le spectre de saveurs vari\u00e9es des diff\u00e9rents mondes du miel de Suisse. D\u00e9couvre notre miel de fleurs de montagne intens\u00e9ment \u00e9pic\u00e9, le miel de fleurs doux et cr\u00e9meux et, \u00e0 c\u00f4t\u00e9, le miel de for\u00eat puissant et visqueux.<\/p>\n<p>Ce trio de gourmands compos\u00e9 des meilleurs miels suisses est un cadeau inoubliable pour toutes les occasions.<\/p>\n<p><strong>Factbox<\/strong><br \/>\nEmballage : bo\u00eete en bois de bouleau (L x l x h : 24.3 cm x 11.3 cm x 8.1 cm)<br \/>\nTaille du bocal : 3 x 350g<br \/>\nVari\u00e9t\u00e9s de miel : miel de fleurs de montagne suisse, miel de fleurs suisse, miel de for\u00eat suisse<\/p>\n<p style=\"text-align: left;\"><strong>Informations nutritionnelles :<\/strong><strong><br \/>\n<\/strong><a href=\"https:\/\/bee-family.com\/wp-content\/uploads\/2022\/09\/Naehrwertangaben.pdf\" target=\"_blank\" rel=\"noopener\">Informations nutritionnelles Bee-Family<\/a><\/p>\n<p style=\"text-align: left;\"><strong>Conseils pour les personnes allergiques :<br \/>\n<\/strong>Le miel n'est pas adapt\u00e9 \u00e0 la consommation par les enfants de moins de 12 mois !<\/p>","protected":false},"excerpt":{"rendered":"<p>Trio de miel \"Swiss Edition\"<\/p>","protected":false},"featured_media":37061,"template":"","meta":[],"product_brand":[],"product_cat":[101,910,1091,1088,909,916,42,885,52,1225,53],"product_tag":[291],"woo-feed-brand":[],"class_list":{"0":"post-8730","1":"product","2":"type-product","3":"status-publish","4":"has-post-thumbnail","6":"product_cat-honig","7":"product_cat-geschenkideen","8":"product_cat-hobbykoch","9":"product_cat-vatertag","10":"product_cat-weihnachten","11":"product_cat-praesente","12":"product_cat-kueche","13":"product_cat-koestlichkeiten","14":"product_cat-geschenke","15":"product_cat-genuss","16":"product_cat-geschenksets","17":"product_tag-bee-family-ag","19":"first","20":"instock","21":"taxable","22":"shipping-taxable","23":"purchasable","24":"product-type-simple"},"_links":{"self":[{"href":"https:\/\/www.fleurop-home.ch\/fr-ch\/wp-json\/wp\/v2\/product\/8730","targetHints":{"allow":["GET"]}}],"collection":[{"href":"https:\/\/www.fleurop-home.ch\/fr-ch\/wp-json\/wp\/v2\/product"}],"about":[{"href":"https:\/\/www.fleurop-home.ch\/fr-ch\/wp-json\/wp\/v2\/types\/product"}],"wp:featuredmedia":[{"embeddable":true,"href":"https:\/\/www.fleurop-home.ch\/fr-ch\/wp-json\/wp\/v2\/media\/37061"}],"wp:attachment":[{"href":"https:\/\/www.fleurop-home.ch\/fr-ch\/wp-json\/wp\/v2\/media?parent=8730"}],"wp:term":[{"taxonomy":"product_brand","embeddable":true,"href":"https:\/\/www.fleurop-home.ch\/fr-ch\/wp-json\/wp\/v2\/product_brand?post=8730"},{"taxonomy":"product_cat","embeddable":true,"href":"https:\/\/www.fleurop-home.ch\/fr-ch\/wp-json\/wp\/v2\/product_cat?post=8730"},{"taxonomy":"product_tag","embeddable":true,"href":"https:\/\/www.fleurop-home.ch\/fr-ch\/wp-json\/wp\/v2\/product_tag?post=8730"},{"taxonomy":"woo-feed-brand","embeddable":true,"href":"https:\/\/www.fleurop-home.ch\/fr-ch\/wp-json\/wp\/v2\/woo-feed-brand?post=8730"}],"curies":[{"name":"wp","href":"https:\/\/api.w.org\/{rel}","templated":true}]}}