{"id":8728,"date":"2022-03-23T13:09:05","date_gmt":"2022-03-23T13:09:05","guid":{"rendered":"https:\/\/www.fleurop-home.ch\/?product=honigduo-swiss-edition"},"modified":"2026-02-05T14:38:11","modified_gmt":"2026-02-05T13:38:11","slug":"duo-de-miel-swiss-edition","status":"publish","type":"product","link":"https:\/\/www.fleurop-home.ch\/fr-ch\/p\/honigduo-swiss-edition","title":{"rendered":"Duo de miel \"Swiss Edition"},"content":{"rendered":"<p style=\"text-align: left;\">Avec notre duo de miels \"Swiss Edition\", nous pr\u00e9sentons notre miel de fleurs suisse tr\u00e8s appr\u00e9ci\u00e9 avec notre miel de for\u00eat suisse dans une bo\u00eete en bois v\u00e9ritable Bee-Family. Ce duo passionnant de miels locaux de qualit\u00e9 donne un aper\u00e7u de l'\u00e9ventail des saveurs du miel suisse. Alors que le miel de fleurs cr\u00e9meux est doux et d\u00e9licat pour le palais, le miel de for\u00eat visqueux est domin\u00e9 par des saveurs puissantes.<\/p>\n<p>Un vrai concentr\u00e9 de puissance suisse !<\/p>\n<p><strong>Factbox<\/strong><br \/>\nEmballage : bo\u00eete en bois de bouleau (L x l x h : 24.3 cm x 11.3 cm x 8.1 cm)<br \/>\nTaille du bocal : 2 x 350g<br \/>\nTypes de miel : miel de fleurs suisse, miel de for\u00eat suisse<\/p>\n<p style=\"text-align: left;\"><strong>Informations nutritionnelles :<\/strong><strong><br \/>\n<\/strong><a href=\"https:\/\/bee-family.com\/wp-content\/uploads\/2022\/09\/Naehrwertangaben.pdf\" target=\"_blank\" rel=\"noopener\">Informations nutritionnelles Bee-Family<\/a><\/p>\n<p style=\"text-align: left;\"><strong>Conseils pour les personnes allergiques :<br \/>\n<\/strong>Le miel n'est pas adapt\u00e9 \u00e0 la consommation par les enfants de moins de 12 mois !<\/p>\n<p style=\"text-align: left;\">","protected":false},"excerpt":{"rendered":"<p>Duo de miel \"Swiss Edition<\/p>","protected":false},"featured_media":37060,"template":"","meta":[],"product_brand":[],"product_cat":[101,1022,995,910,1091,1001,797,1019,1018,984,999,1088,909,916,42,885,52,1225,53],"product_tag":[291],"woo-feed-brand":[],"class_list":{"0":"post-8728","1":"product","2":"type-product","3":"status-publish","4":"has-post-thumbnail","6":"product_cat-honig","7":"product_cat-brunch","8":"product_cat-essen-trinken","9":"product_cat-geschenkideen","10":"product_cat-hobbykoch","11":"product_cat-leckereien","12":"product_cat-muttertag","13":"product_cat-osterbrunch","14":"product_cat-ostern","15":"product_cat-silvester","16":"product_cat-valentinstag","17":"product_cat-vatertag","18":"product_cat-weihnachten","19":"product_cat-praesente","20":"product_cat-kueche","21":"product_cat-koestlichkeiten","22":"product_cat-geschenke","23":"product_cat-genuss","24":"product_cat-geschenksets","25":"product_tag-bee-family-ag","27":"first","28":"instock","29":"taxable","30":"shipping-taxable","31":"purchasable","32":"product-type-simple"},"_links":{"self":[{"href":"https:\/\/www.fleurop-home.ch\/fr-ch\/wp-json\/wp\/v2\/product\/8728","targetHints":{"allow":["GET"]}}],"collection":[{"href":"https:\/\/www.fleurop-home.ch\/fr-ch\/wp-json\/wp\/v2\/product"}],"about":[{"href":"https:\/\/www.fleurop-home.ch\/fr-ch\/wp-json\/wp\/v2\/types\/product"}],"wp:featuredmedia":[{"embeddable":true,"href":"https:\/\/www.fleurop-home.ch\/fr-ch\/wp-json\/wp\/v2\/media\/37060"}],"wp:attachment":[{"href":"https:\/\/www.fleurop-home.ch\/fr-ch\/wp-json\/wp\/v2\/media?parent=8728"}],"wp:term":[{"taxonomy":"product_brand","embeddable":true,"href":"https:\/\/www.fleurop-home.ch\/fr-ch\/wp-json\/wp\/v2\/product_brand?post=8728"},{"taxonomy":"product_cat","embeddable":true,"href":"https:\/\/www.fleurop-home.ch\/fr-ch\/wp-json\/wp\/v2\/product_cat?post=8728"},{"taxonomy":"product_tag","embeddable":true,"href":"https:\/\/www.fleurop-home.ch\/fr-ch\/wp-json\/wp\/v2\/product_tag?post=8728"},{"taxonomy":"woo-feed-brand","embeddable":true,"href":"https:\/\/www.fleurop-home.ch\/fr-ch\/wp-json\/wp\/v2\/woo-feed-brand?post=8728"}],"curies":[{"name":"wp","href":"https:\/\/api.w.org\/{rel}","templated":true}]}}