{"id":8700,"date":"2022-03-22T15:30:14","date_gmt":"2022-03-22T15:30:14","guid":{"rendered":"https:\/\/www.fleurop-home.ch\/?product=cooler-kleiner-keramik-frosch-wiese"},"modified":"2026-04-23T11:42:52","modified_gmt":"2026-04-23T09:42:52","slug":"ceramique-grenouille-prairie","status":"publish","type":"product","link":"https:\/\/www.fleurop-home.ch\/fr-ch\/p\/keramik-frosch-wiese","title":{"rendered":"Grenouille en c\u00e9ramique \u00abPrairie\u00bb"},"content":{"rendered":"<p><span style=\"font-size: 11pt;\"><strong><strong><span style=\"color: #000000;\"><strong><strong>Cool petite grenouille en c\u00e9ramique \"prairie\".<\/strong><\/strong><\/span><\/strong><\/strong><\/span><\/p>\n<p>Notre hit : grenouille cool et joyeuse, fabriqu\u00e9e en c\u00e9ramique, taille environ 10 x 10 cm. Les animaux en c\u00e9ramique sont partiellement peints \u00e0 la main ou recouverts de papier et ensuite cuits. Des supports en feutre sont plac\u00e9s sur les surfaces d'appui. Il est possible d'y ins\u00e9rer une pi\u00e8ce de 1 franc, comme dans une tirelire.<\/p>\n<p><strong>Informations importantes sur le produit :<\/strong><\/p>\n<p>- Les figurines sont fabriqu\u00e9es avec une technique de papier, de serviette et de film.<\/p>\n<p>- Elles sont en partie fabriqu\u00e9es \u00e0 la main. C'est pourquoi le motif peut varier l\u00e9g\u00e8rement selon la grenouille, m\u00eame si la couleur choisie est la m\u00eame (mais elle est similaire \u00e0 celle de l'image).<\/p>\n<p>- Les \u00e9ventuels petits points clairs qui apparaissent lors du processus de fabrication sont normaux.<\/p>\n<p>- L'exposition directe au soleil entra\u00eene une d\u00e9coloration de la surface.<\/p>\n<p>- Les figurines sont destin\u00e9es \u00e0 un usage int\u00e9rieur et ne r\u00e9sistent pas au gel.<\/p>\n<p><strong>REMARQUE :<\/strong> Selon l'exposition \u00e0 la lumi\u00e8re, la luminosit\u00e9 de l'\u00e9cran, le r\u00e9glage du contraste, etc., il peut y avoir de petites diff\u00e9rences entre la couleur repr\u00e9sent\u00e9e et la couleur r\u00e9elle.<\/p>","protected":false},"excerpt":{"rendered":"<p>Notre hit ! Cool petite grenouille joyeuse en c\u00e9ramique, taille environ 10 x 10cm<\/p>","protected":false},"featured_media":8701,"template":"","meta":[],"product_brand":[],"product_cat":[30,23,1190,34,35],"product_tag":[290],"woo-feed-brand":[],"class_list":{"0":"post-8700","1":"product","2":"type-product","3":"status-publish","4":"has-post-thumbnail","6":"product_cat-deko-accessoires","7":"product_cat-home-living","8":"product_cat-dekoobjekte","9":"product_cat-garten-balkon","10":"product_cat-gartendeko","11":"product_tag-atelier-leutwyler","13":"first","14":"instock","15":"taxable","16":"shipping-taxable","17":"purchasable","18":"product-type-simple"},"_links":{"self":[{"href":"https:\/\/www.fleurop-home.ch\/fr-ch\/wp-json\/wp\/v2\/product\/8700","targetHints":{"allow":["GET"]}}],"collection":[{"href":"https:\/\/www.fleurop-home.ch\/fr-ch\/wp-json\/wp\/v2\/product"}],"about":[{"href":"https:\/\/www.fleurop-home.ch\/fr-ch\/wp-json\/wp\/v2\/types\/product"}],"wp:featuredmedia":[{"embeddable":true,"href":"https:\/\/www.fleurop-home.ch\/fr-ch\/wp-json\/wp\/v2\/media\/8701"}],"wp:attachment":[{"href":"https:\/\/www.fleurop-home.ch\/fr-ch\/wp-json\/wp\/v2\/media?parent=8700"}],"wp:term":[{"taxonomy":"product_brand","embeddable":true,"href":"https:\/\/www.fleurop-home.ch\/fr-ch\/wp-json\/wp\/v2\/product_brand?post=8700"},{"taxonomy":"product_cat","embeddable":true,"href":"https:\/\/www.fleurop-home.ch\/fr-ch\/wp-json\/wp\/v2\/product_cat?post=8700"},{"taxonomy":"product_tag","embeddable":true,"href":"https:\/\/www.fleurop-home.ch\/fr-ch\/wp-json\/wp\/v2\/product_tag?post=8700"},{"taxonomy":"woo-feed-brand","embeddable":true,"href":"https:\/\/www.fleurop-home.ch\/fr-ch\/wp-json\/wp\/v2\/woo-feed-brand?post=8700"}],"curies":[{"name":"wp","href":"https:\/\/api.w.org\/{rel}","templated":true}]}}