{"id":8690,"date":"2022-03-21T16:02:29","date_gmt":"2022-03-21T16:02:29","guid":{"rendered":"https:\/\/www.fleurop-home.ch\/?product=honigsolo-manuka-gold-edition"},"modified":"2026-02-05T14:38:43","modified_gmt":"2026-02-05T13:38:43","slug":"mielsolo-manuka-edition-or","status":"publish","type":"product","link":"https:\/\/www.fleurop-home.ch\/fr-ch\/p\/honigsolo-manuka-gold-edition","title":{"rendered":"Solo de miel \"Manuka Gold Edition"},"content":{"rendered":"<div id=\"magicdomid22\">\n<p style=\"text-align: left;\">Le solo de miel \"Manuka Gold Edition\" comprend un pot de notre noble miel de manuka (MGO 300+) dans une bo\u00eete en bois v\u00e9ritable Bee-Family.<\/p>\n<p style=\"text-align: left;\">Puissant et \u00e9pic\u00e9 en termes de go\u00fbt et de couleur, le miel de manuka est consid\u00e9r\u00e9 comme une sp\u00e9cialit\u00e9 particuli\u00e8re pour tous les amateurs de miel. Peu d'autres miels re\u00e7oivent autant d'attention que le manuka. Il est consid\u00e9r\u00e9 comme un rem\u00e8de efficace, naturel et savoureux pour soulager les maux les plus divers. Chaque miel contient une certaine quantit\u00e9 de m\u00e9thylglyoxal (MGO), un produit de d\u00e9composition du sucre.<\/p>\n<p>La particularit\u00e9 du miel de manuka est qu'il fournit une quantit\u00e9 particuli\u00e8rement importante de MGO en haute concentration. Le m\u00e9thylglyoxal est une substance antibact\u00e9rienne que m\u00eame les germes r\u00e9sistants ne peuvent pas atteindre.<\/p>\n<p>Un cadeau exclusif qui fera plaisir \u00e0 tous les amateurs de miel !<\/p>\n<p style=\"text-align: left;\"><strong>Factbox<\/strong><br \/>\nEmballage : bo\u00eete en bois de bouleau (L x l x h : 24.3 cm x 11.3 cm x 8.1 cm)<br \/>\nTaille du bocal : 1 x 350g<br \/>\nMiel : miel de manuka<\/p>\n<p style=\"text-align: left;\"><strong>Informations nutritionnelles :<br \/>\n<\/strong><a href=\"https:\/\/bee-family.com\/wp-content\/uploads\/2022\/09\/Naehrwertangaben.pdf\" target=\"_blank\" rel=\"noopener\">Informations nutritionnelles Bee-Family<\/a><\/p>\n<p style=\"text-align: left;\"><strong>Conseils pour les personnes allergiques :<br \/>\n<\/strong>Le miel n'est pas adapt\u00e9 \u00e0 la consommation par les enfants de moins de 12 mois !<\/p>\n<p style=\"text-align: left;\">\n<\/div>","protected":false},"excerpt":{"rendered":"<p>Solo de miel \"Manuka Gold Edition<\/p>","protected":false},"featured_media":8691,"template":"","meta":[],"product_brand":[],"product_cat":[101,1022,995,910,1091,1001,797,1019,1018,984,999,1088,909,916,42,885,52,54],"product_tag":[291],"woo-feed-brand":[],"class_list":{"0":"post-8690","1":"product","2":"type-product","3":"status-publish","4":"has-post-thumbnail","6":"product_cat-honig","7":"product_cat-brunch","8":"product_cat-essen-trinken","9":"product_cat-geschenkideen","10":"product_cat-hobbykoch","11":"product_cat-leckereien","12":"product_cat-muttertag","13":"product_cat-osterbrunch","14":"product_cat-ostern","15":"product_cat-silvester","16":"product_cat-valentinstag","17":"product_cat-vatertag","18":"product_cat-weihnachten","19":"product_cat-praesente","20":"product_cat-kueche","21":"product_cat-koestlichkeiten","22":"product_cat-geschenke","23":"product_cat-feinkost","24":"product_tag-bee-family-ag","26":"first","27":"instock","28":"taxable","29":"shipping-taxable","30":"purchasable","31":"product-type-simple"},"_links":{"self":[{"href":"https:\/\/www.fleurop-home.ch\/fr-ch\/wp-json\/wp\/v2\/product\/8690","targetHints":{"allow":["GET"]}}],"collection":[{"href":"https:\/\/www.fleurop-home.ch\/fr-ch\/wp-json\/wp\/v2\/product"}],"about":[{"href":"https:\/\/www.fleurop-home.ch\/fr-ch\/wp-json\/wp\/v2\/types\/product"}],"wp:featuredmedia":[{"embeddable":true,"href":"https:\/\/www.fleurop-home.ch\/fr-ch\/wp-json\/wp\/v2\/media\/8691"}],"wp:attachment":[{"href":"https:\/\/www.fleurop-home.ch\/fr-ch\/wp-json\/wp\/v2\/media?parent=8690"}],"wp:term":[{"taxonomy":"product_brand","embeddable":true,"href":"https:\/\/www.fleurop-home.ch\/fr-ch\/wp-json\/wp\/v2\/product_brand?post=8690"},{"taxonomy":"product_cat","embeddable":true,"href":"https:\/\/www.fleurop-home.ch\/fr-ch\/wp-json\/wp\/v2\/product_cat?post=8690"},{"taxonomy":"product_tag","embeddable":true,"href":"https:\/\/www.fleurop-home.ch\/fr-ch\/wp-json\/wp\/v2\/product_tag?post=8690"},{"taxonomy":"woo-feed-brand","embeddable":true,"href":"https:\/\/www.fleurop-home.ch\/fr-ch\/wp-json\/wp\/v2\/woo-feed-brand?post=8690"}],"curies":[{"name":"wp","href":"https:\/\/api.w.org\/{rel}","templated":true}]}}