{"id":8686,"date":"2022-03-21T07:23:24","date_gmt":"2022-03-21T07:23:24","guid":{"rendered":"https:\/\/www.fleurop-home.ch\/?product=honigtrio-sommergenuss"},"modified":"2026-02-05T14:40:08","modified_gmt":"2026-02-05T13:40:08","slug":"trio-de-miel-plaisir-dete","status":"publish","type":"product","link":"https:\/\/www.fleurop-home.ch\/fr-ch\/p\/honigtrio-sommergenuss","title":{"rendered":"Trio de miel \"Plaisir d'\u00e9t\u00e9"},"content":{"rendered":"<p style=\"text-align: left;\">Avec notre trio de miels \"Plaisir d'\u00e9t\u00e9\", nous pr\u00e9sentons trois sortes de miel qui repr\u00e9sentent le go\u00fbt frais de l'\u00e9t\u00e9. Le miel de lavande est r\u00e9colt\u00e9 dans les champs de lavande inond\u00e9s de soleil du sud de la France et convainc par sa note l\u00e9g\u00e8rement am\u00e8re dans laquelle la lavande est encore bien perceptible. Il est difficile de ne pas remarquer un champ de tournesols - c'est ainsi que l'on se souvient imm\u00e9diatement du go\u00fbt frais et fruit\u00e9 du miel de tournesol. Le miel de thym compl\u00e8te le trio avec son go\u00fbt \u00e2pre et \u00e9pic\u00e9 et est parfait pour agr\u00e9menter les plats.<\/p>\n<p>Avec ce trio de miel, tu auras - mais pas seulement - un assortiment de miel parfaitement adapt\u00e9 \u00e0 la maison en \u00e9t\u00e9 ou comme cadeau lors de la prochaine soir\u00e9e barbecue.<\/p>\n<p style=\"text-align: left;\"><strong>Factbox<\/strong><br \/>\nEmballage : bo\u00eete en bois de bouleau (L x l x h : 24.3 cm x 11.3 cm x 8.1 cm)<br \/>\nTaille du bocal : 3 x 350g<br \/>\nMiel : miel de lavande, miel de thym, miel de tournesol<\/p>\n<p style=\"text-align: left;\"><strong>Informations nutritionnelles :<\/strong><strong><br \/>\n<\/strong><a href=\"https:\/\/bee-family.com\/wp-content\/uploads\/2022\/09\/Naehrwertangaben.pdf\" target=\"_blank\" rel=\"noopener\">Informations nutritionnelles Bee-Family<\/a><\/p>\n<p style=\"text-align: left;\"><strong>Conseils pour les personnes allergiques :<br \/>\n<\/strong>Le miel n'est pas adapt\u00e9 \u00e0 la consommation par les enfants de moins de 12 mois !<\/p>\n<p style=\"text-align: left;\">","protected":false},"excerpt":{"rendered":"<p>Trio de miel \"Plaisir d'\u00e9t\u00e9<\/p>","protected":false},"featured_media":8687,"template":"","meta":[],"product_brand":[],"product_cat":[101,1091,1088,42,885,52,1225,53],"product_tag":[291],"woo-feed-brand":[],"class_list":{"0":"post-8686","1":"product","2":"type-product","3":"status-publish","4":"has-post-thumbnail","6":"product_cat-honig","7":"product_cat-hobbykoch","8":"product_cat-vatertag","9":"product_cat-kueche","10":"product_cat-koestlichkeiten","11":"product_cat-geschenke","12":"product_cat-genuss","13":"product_cat-geschenksets","14":"product_tag-bee-family-ag","16":"first","17":"instock","18":"taxable","19":"shipping-taxable","20":"purchasable","21":"product-type-simple"},"_links":{"self":[{"href":"https:\/\/www.fleurop-home.ch\/fr-ch\/wp-json\/wp\/v2\/product\/8686","targetHints":{"allow":["GET"]}}],"collection":[{"href":"https:\/\/www.fleurop-home.ch\/fr-ch\/wp-json\/wp\/v2\/product"}],"about":[{"href":"https:\/\/www.fleurop-home.ch\/fr-ch\/wp-json\/wp\/v2\/types\/product"}],"wp:featuredmedia":[{"embeddable":true,"href":"https:\/\/www.fleurop-home.ch\/fr-ch\/wp-json\/wp\/v2\/media\/8687"}],"wp:attachment":[{"href":"https:\/\/www.fleurop-home.ch\/fr-ch\/wp-json\/wp\/v2\/media?parent=8686"}],"wp:term":[{"taxonomy":"product_brand","embeddable":true,"href":"https:\/\/www.fleurop-home.ch\/fr-ch\/wp-json\/wp\/v2\/product_brand?post=8686"},{"taxonomy":"product_cat","embeddable":true,"href":"https:\/\/www.fleurop-home.ch\/fr-ch\/wp-json\/wp\/v2\/product_cat?post=8686"},{"taxonomy":"product_tag","embeddable":true,"href":"https:\/\/www.fleurop-home.ch\/fr-ch\/wp-json\/wp\/v2\/product_tag?post=8686"},{"taxonomy":"woo-feed-brand","embeddable":true,"href":"https:\/\/www.fleurop-home.ch\/fr-ch\/wp-json\/wp\/v2\/woo-feed-brand?post=8686"}],"curies":[{"name":"wp","href":"https:\/\/api.w.org\/{rel}","templated":true}]}}