{"id":8656,"date":"2022-03-17T10:13:39","date_gmt":"2022-03-17T10:13:39","guid":{"rendered":"https:\/\/www.fleurop-home.ch\/?product=oasis-blumensteckschaum"},"modified":"2025-10-22T11:01:01","modified_gmt":"2025-10-22T09:01:01","slug":"mousse-a-piquer-pour-fleurs-oasis","status":"publish","type":"product","link":"https:\/\/www.fleurop-home.ch\/fr-ch\/p\/oasis-blumensteckschaum","title":{"rendered":"Oasis (mousse florale \u00e0 piquer)"},"content":{"rendered":"<p>Oasis est une mousse florale indispensable, utilis\u00e9e dans toutes les entreprises florales. Elle sert \u00e0 cr\u00e9er des compositions florales. Il suffit de placer la tuile Oasis \u00e0 la surface de l'eau dans un r\u00e9cipient ou une auge et elle s'imbibe d'elle-m\u00eame (ne l'abaisse pas, s'il te pla\u00eet). Ensuite, tu peux d\u00e9couper la tuile \u00e0 ta guise pour garantir aux fleurs coup\u00e9es une absorption optimale de l'eau.<\/p>\n<p>1 carton contient 35 briques, chacune mesurant 23 x 11 x 7,5 cm.<\/p>","protected":false},"excerpt":{"rendered":"<p>Mousse \u00e0 piquer pour fleurs pour une conception cr\u00e9ative de ta d\u00e9coration florale personnalis\u00e9e.<\/p>","protected":false},"featured_media":8657,"template":"","meta":[],"product_brand":[],"product_cat":[29,23,1195],"product_tag":[284],"woo-feed-brand":[],"class_list":{"0":"post-8656","1":"product","2":"type-product","3":"status-publish","4":"has-post-thumbnail","6":"product_cat-do-it-yourself","7":"product_cat-home-living","8":"product_cat-dekogrundlagen","9":"product_tag-blume-3000","11":"first","12":"instock","13":"taxable","14":"shipping-taxable","15":"purchasable","16":"product-type-simple"},"_links":{"self":[{"href":"https:\/\/www.fleurop-home.ch\/fr-ch\/wp-json\/wp\/v2\/product\/8656","targetHints":{"allow":["GET"]}}],"collection":[{"href":"https:\/\/www.fleurop-home.ch\/fr-ch\/wp-json\/wp\/v2\/product"}],"about":[{"href":"https:\/\/www.fleurop-home.ch\/fr-ch\/wp-json\/wp\/v2\/types\/product"}],"wp:featuredmedia":[{"embeddable":true,"href":"https:\/\/www.fleurop-home.ch\/fr-ch\/wp-json\/wp\/v2\/media\/8657"}],"wp:attachment":[{"href":"https:\/\/www.fleurop-home.ch\/fr-ch\/wp-json\/wp\/v2\/media?parent=8656"}],"wp:term":[{"taxonomy":"product_brand","embeddable":true,"href":"https:\/\/www.fleurop-home.ch\/fr-ch\/wp-json\/wp\/v2\/product_brand?post=8656"},{"taxonomy":"product_cat","embeddable":true,"href":"https:\/\/www.fleurop-home.ch\/fr-ch\/wp-json\/wp\/v2\/product_cat?post=8656"},{"taxonomy":"product_tag","embeddable":true,"href":"https:\/\/www.fleurop-home.ch\/fr-ch\/wp-json\/wp\/v2\/product_tag?post=8656"},{"taxonomy":"woo-feed-brand","embeddable":true,"href":"https:\/\/www.fleurop-home.ch\/fr-ch\/wp-json\/wp\/v2\/woo-feed-brand?post=8656"}],"curies":[{"name":"wp","href":"https:\/\/api.w.org\/{rel}","templated":true}]}}