{"id":8563,"date":"2022-02-25T13:01:05","date_gmt":"2022-02-25T12:01:05","guid":{"rendered":"https:\/\/www.fleurop-home.ch\/?product=premium-kirsch"},"modified":"2025-05-12T14:05:10","modified_gmt":"2025-05-12T12:05:10","slug":"cerise-premium","status":"publish","type":"product","link":"https:\/\/www.fleurop-home.ch\/fr-ch\/p\/premium-kirsch","title":{"rendered":"Cerise premium"},"content":{"rendered":"<div><strong>La collection exclusive de street art -<\/strong><\/div>\n<div><strong> des eaux-de-vie et des cr\u00e9ations de distillat uniques en \u00e9dition limit\u00e9e !<\/strong><\/div>\n<ul>\n<li>Cerise noble<\/li>\n<li>Saut\u00e9 dans un tonneau de whisky<\/li>\n<li>Distill\u00e9 et affin\u00e9 dans une petite boutique-distillerie de l'Unterland zurichois<\/li>\n<li>Production limit\u00e9e de petits lots<\/li>\n<li>S\u00e9rie \u201aStreet Art collection\u2018 avec \u00e9dition limit\u00e9e num\u00e9rot\u00e9e<\/li>\n<\/ul>\n<p><strong>Contenu et vol.%<\/strong><\/p>\n<ul>\n<li>500 ml<\/li>\n<li>41 Vol.%<\/li>\n<\/ul>\n<p><strong>Ingr\u00e9dients<\/strong><\/p>\n<div>\n<div>\n<div data-hook=\"info-section-description\">\n<ul>\n<li>Cerise suisse<\/li>\n<li>Finition en cask de whisky<\/li>\n<li>Produit suisse<\/li>\n<\/ul>\n<div><strong>Producteur<\/strong><\/div>\n<div>\n<ul>\n<li>Producteur : Schnapsboutique H\u00f6ritr\u00f6pfli, Schultheiss, H\u00f6ri<\/li>\n<\/ul>\n<\/div>\n<div><strong>Remarque \/ Protection des jeunes<\/strong><\/div>\n<div>\n<ul>\n<li>La loi interdit la vente de spiritueux aux mineurs<\/li>\n<\/ul>\n<p><strong>\u00c9tiquette<\/strong><\/p>\n<ul>\n<li>Life is limitless - La vie n'a pas de limites<\/li>\n<\/ul>\n<\/div>\n<\/div>\n<\/div>\n<\/div>","protected":false},"excerpt":{"rendered":"<p>Cr\u00e9ation exclusive \u00e0 base de cerises d'une petite boutique-distillerie.<\/p>","protected":false},"featured_media":8564,"template":"","meta":[],"product_brand":[],"product_cat":[115,1090,1088,42,885,52,54],"product_tag":[147,305],"woo-feed-brand":[],"class_list":{"0":"post-8563","1":"product","2":"type-product","3":"status-publish","4":"has-post-thumbnail","6":"product_cat-spirituosen","7":"product_cat-geniesser","8":"product_cat-vatertag","9":"product_cat-kueche","10":"product_cat-koestlichkeiten","11":"product_cat-geschenke","12":"product_cat-feinkost","13":"product_tag-alkohol","14":"product_tag-the-white-panther-die-schonen-dinge-des-lebens","16":"first","17":"instock","18":"taxable","19":"shipping-taxable","20":"purchasable","21":"product-type-simple"},"_links":{"self":[{"href":"https:\/\/www.fleurop-home.ch\/fr-ch\/wp-json\/wp\/v2\/product\/8563","targetHints":{"allow":["GET"]}}],"collection":[{"href":"https:\/\/www.fleurop-home.ch\/fr-ch\/wp-json\/wp\/v2\/product"}],"about":[{"href":"https:\/\/www.fleurop-home.ch\/fr-ch\/wp-json\/wp\/v2\/types\/product"}],"wp:featuredmedia":[{"embeddable":true,"href":"https:\/\/www.fleurop-home.ch\/fr-ch\/wp-json\/wp\/v2\/media\/8564"}],"wp:attachment":[{"href":"https:\/\/www.fleurop-home.ch\/fr-ch\/wp-json\/wp\/v2\/media?parent=8563"}],"wp:term":[{"taxonomy":"product_brand","embeddable":true,"href":"https:\/\/www.fleurop-home.ch\/fr-ch\/wp-json\/wp\/v2\/product_brand?post=8563"},{"taxonomy":"product_cat","embeddable":true,"href":"https:\/\/www.fleurop-home.ch\/fr-ch\/wp-json\/wp\/v2\/product_cat?post=8563"},{"taxonomy":"product_tag","embeddable":true,"href":"https:\/\/www.fleurop-home.ch\/fr-ch\/wp-json\/wp\/v2\/product_tag?post=8563"},{"taxonomy":"woo-feed-brand","embeddable":true,"href":"https:\/\/www.fleurop-home.ch\/fr-ch\/wp-json\/wp\/v2\/woo-feed-brand?post=8563"}],"curies":[{"name":"wp","href":"https:\/\/api.w.org\/{rel}","templated":true}]}}