{"id":8560,"date":"2022-02-24T16:38:19","date_gmt":"2022-02-24T15:38:19","guid":{"rendered":"https:\/\/www.fleurop-home.ch\/?product=cognac-grand-cru-dear-capitalism"},"modified":"2025-05-12T14:05:12","modified_gmt":"2025-05-12T12:05:12","slug":"cognac-grand-cru-dear-capitalism","status":"publish","type":"product","link":"https:\/\/www.fleurop-home.ch\/fr-ch\/p\/cognac-grand-cru-dear-capitalism","title":{"rendered":"Cognac - Grand Cru - Dear Capitalism"},"content":{"rendered":"<div><strong>La collection exclusive de street art -<\/strong><\/div>\n<div><strong> Des cr\u00e9ations uniques d'eaux-de-vie et de distillats en \u00e9dition limit\u00e9e !<\/strong><\/div>\n<ul>\n<li>Importation sp\u00e9ciale de la Grande Champagne<\/li>\n<li>S\u00e9lection de la maison Ferrand 1er<\/li>\n<li>S\u00e9rie \u201aStreet Art collection\u2018 avec \u00e9dition limit\u00e9e num\u00e9rot\u00e9e<\/li>\n<\/ul>\n<p><strong>Contenu et vol.%<\/strong><\/p>\n<ul>\n<li>500 ml<\/li>\n<li>46 Vol.%<\/li>\n<\/ul>\n<p><strong>Ingr\u00e9dients<\/strong><\/p>\n<div class=\"rah-static--height-auto rah-static\">\n<div class=\"fggS- cell _1yvxJ\">\n<div class=\"WncCi\" data-hook=\"info-section-description\">\n<ul>\n<li>Cru de Cognac vieilli en barrique de Sauternes<\/li>\n<li>S\u00e9lection de la maison Ferrand 1er de la Grande-Champagne, France<\/li>\n<\/ul>\n<div><strong>Importateur<\/strong><\/div>\n<div>\n<ul>\n<li>Boutique d'eau-de-vie H\u00f6ritr\u00f6pfli, Schultheiss, H\u00f6ri<\/li>\n<\/ul>\n<\/div>\n<div><strong>Remarque \/ Protection des jeunes<\/strong><\/div>\n<div>\n<ul>\n<li>La loi interdit la vente de spiritueux aux mineurs<\/li>\n<\/ul>\n<p><strong>\u00c9tiquette<\/strong><\/p>\n<ul>\n<li>Street art \u00e0 Ath\u00e8nes, 2015<\/li>\n<li>Cher capitaliste, ce n'est pas toi, c'est moi. Il suffit de se moquer. C'est toi. C'est fini !<\/li>\n<li>Cher capitalisme, ce n'est pas toi, c'est moi. Je plaisante. C'est toi. C'est tout !<\/li>\n<\/ul>\n<\/div>\n<\/div>\n<\/div>\n<\/div>","protected":false},"excerpt":{"rendered":"<p>Importation sp\u00e9ciale de la Grande-Champagne<\/p>","protected":false},"featured_media":8561,"template":"","meta":[],"product_brand":[],"product_cat":[115,995,1090,984,1088,42,885,52,54],"product_tag":[147,305],"woo-feed-brand":[],"class_list":{"0":"post-8560","1":"product","2":"type-product","3":"status-publish","4":"has-post-thumbnail","6":"product_cat-spirituosen","7":"product_cat-essen-trinken","8":"product_cat-geniesser","9":"product_cat-silvester","10":"product_cat-vatertag","11":"product_cat-kueche","12":"product_cat-koestlichkeiten","13":"product_cat-geschenke","14":"product_cat-feinkost","15":"product_tag-alkohol","16":"product_tag-the-white-panther-die-schonen-dinge-des-lebens","18":"first","19":"instock","20":"taxable","21":"shipping-taxable","22":"purchasable","23":"product-type-simple"},"_links":{"self":[{"href":"https:\/\/www.fleurop-home.ch\/fr-ch\/wp-json\/wp\/v2\/product\/8560","targetHints":{"allow":["GET"]}}],"collection":[{"href":"https:\/\/www.fleurop-home.ch\/fr-ch\/wp-json\/wp\/v2\/product"}],"about":[{"href":"https:\/\/www.fleurop-home.ch\/fr-ch\/wp-json\/wp\/v2\/types\/product"}],"wp:featuredmedia":[{"embeddable":true,"href":"https:\/\/www.fleurop-home.ch\/fr-ch\/wp-json\/wp\/v2\/media\/8561"}],"wp:attachment":[{"href":"https:\/\/www.fleurop-home.ch\/fr-ch\/wp-json\/wp\/v2\/media?parent=8560"}],"wp:term":[{"taxonomy":"product_brand","embeddable":true,"href":"https:\/\/www.fleurop-home.ch\/fr-ch\/wp-json\/wp\/v2\/product_brand?post=8560"},{"taxonomy":"product_cat","embeddable":true,"href":"https:\/\/www.fleurop-home.ch\/fr-ch\/wp-json\/wp\/v2\/product_cat?post=8560"},{"taxonomy":"product_tag","embeddable":true,"href":"https:\/\/www.fleurop-home.ch\/fr-ch\/wp-json\/wp\/v2\/product_tag?post=8560"},{"taxonomy":"woo-feed-brand","embeddable":true,"href":"https:\/\/www.fleurop-home.ch\/fr-ch\/wp-json\/wp\/v2\/woo-feed-brand?post=8560"}],"curies":[{"name":"wp","href":"https:\/\/api.w.org\/{rel}","templated":true}]}}