{"id":8556,"date":"2022-02-24T15:18:19","date_gmt":"2022-02-24T15:18:19","guid":{"rendered":"https:\/\/www.fleurop-home.ch\/?product=whisky-glen-allachie-young-enough-to-do-it-anyway"},"modified":"2025-12-08T09:01:19","modified_gmt":"2025-12-08T08:01:19","slug":"whisky-glen-allachie-assez-jeune-pour-le-faire-de-toute-facon","status":"publish","type":"product","link":"https:\/\/www.fleurop-home.ch\/fr-ch\/p\/whisky-glen-allachie-young-enough-to-do-it-anyway","title":{"rendered":"Whisky - Glen Allachie - assez jeune pour le faire de toute fa\u00e7on"},"content":{"rendered":"<div><strong>La collection exclusive de street art -<\/strong><\/div>\n<div><strong> des eaux-de-vie et des cr\u00e9ations de distillat uniques en \u00e9dition limit\u00e9e !<\/strong><\/div>\n<ul>\n<li>Importation sp\u00e9ciale de la r\u00e9gion \u00e9cossaise du Speyside<\/li>\n<li>Distillerie Glen Allachie, 12 ans d'\u00e2ge<\/li>\n<li>Raffin\u00e9 gr\u00e2ce au Sherry Cask Finish<\/li>\n<li>Production limit\u00e9e de petits lots<\/li>\n<li>S\u00e9rie \u201aStreet Art collection\u2018 avec \u00e9dition limit\u00e9e num\u00e9rot\u00e9e<\/li>\n<\/ul>\n<p><strong>Contenu et vol.%<\/strong><\/p>\n<ul>\n<li>500 ml<\/li>\n<li>46 Vol.%<\/li>\n<\/ul>\n<p><strong>Ingr\u00e9dients<\/strong><\/p>\n<div>\n<div>\n<div data-hook=\"info-section-description\">\n<ul>\n<li>Glen Allachie Speyside<\/li>\n<li>12 ans<\/li>\n<li>Sherry cask finish<\/li>\n<\/ul>\n<div><strong>Producteur<\/strong><\/div>\n<div>\n<ul>\n<li>Boutique d'eau-de-vie H\u00f6ritr\u00f6pfli, Schultheiss, H\u00f6ri<\/li>\n<\/ul>\n<\/div>\n<div><strong>Remarque \/ Protection des jeunes<\/strong><\/div>\n<div>\n<ul>\n<li>La loi interdit la vente de spiritueux aux mineurs<\/li>\n<\/ul>\n<p><strong>\u00c9tiquette<\/strong><\/p>\n<ul>\n<li>Vieille enogh to know better, young enough to do it anyway<\/li>\n<li>Assez vieux pour savoir mieux, assez jeune pour le faire quand m\u00eame<\/li>\n<\/ul>\n<\/div>\n<\/div>\n<\/div>\n<\/div>","protected":false},"excerpt":{"rendered":"<p>Importation sp\u00e9ciale de la distillerie \u00e9cossaise Speyside - Glen Allachie, 12 ans avec finition en cask sherry<\/p>","protected":false},"featured_media":8557,"template":"","meta":[],"product_brand":[],"product_cat":[115,995,984,42,885,52,54],"product_tag":[147,305],"woo-feed-brand":[],"class_list":{"0":"post-8556","1":"product","2":"type-product","3":"status-publish","4":"has-post-thumbnail","6":"product_cat-spirituosen","7":"product_cat-essen-trinken","8":"product_cat-silvester","9":"product_cat-kueche","10":"product_cat-koestlichkeiten","11":"product_cat-geschenke","12":"product_cat-feinkost","13":"product_tag-alkohol","14":"product_tag-the-white-panther-die-schonen-dinge-des-lebens","16":"first","17":"instock","18":"taxable","19":"shipping-taxable","20":"purchasable","21":"product-type-simple"},"_links":{"self":[{"href":"https:\/\/www.fleurop-home.ch\/fr-ch\/wp-json\/wp\/v2\/product\/8556","targetHints":{"allow":["GET"]}}],"collection":[{"href":"https:\/\/www.fleurop-home.ch\/fr-ch\/wp-json\/wp\/v2\/product"}],"about":[{"href":"https:\/\/www.fleurop-home.ch\/fr-ch\/wp-json\/wp\/v2\/types\/product"}],"wp:featuredmedia":[{"embeddable":true,"href":"https:\/\/www.fleurop-home.ch\/fr-ch\/wp-json\/wp\/v2\/media\/8557"}],"wp:attachment":[{"href":"https:\/\/www.fleurop-home.ch\/fr-ch\/wp-json\/wp\/v2\/media?parent=8556"}],"wp:term":[{"taxonomy":"product_brand","embeddable":true,"href":"https:\/\/www.fleurop-home.ch\/fr-ch\/wp-json\/wp\/v2\/product_brand?post=8556"},{"taxonomy":"product_cat","embeddable":true,"href":"https:\/\/www.fleurop-home.ch\/fr-ch\/wp-json\/wp\/v2\/product_cat?post=8556"},{"taxonomy":"product_tag","embeddable":true,"href":"https:\/\/www.fleurop-home.ch\/fr-ch\/wp-json\/wp\/v2\/product_tag?post=8556"},{"taxonomy":"woo-feed-brand","embeddable":true,"href":"https:\/\/www.fleurop-home.ch\/fr-ch\/wp-json\/wp\/v2\/woo-feed-brand?post=8556"}],"curies":[{"name":"wp","href":"https:\/\/api.w.org\/{rel}","templated":true}]}}