{"id":8549,"date":"2022-02-24T14:21:34","date_gmt":"2022-02-24T14:21:34","guid":{"rendered":"https:\/\/www.fleurop-home.ch\/?product=pompelmo-rosso-ballerina"},"modified":"2025-04-01T06:35:53","modified_gmt":"2025-04-01T04:35:53","slug":"pompelmo-rosso-ballerine","status":"publish","type":"product","link":"https:\/\/www.fleurop-home.ch\/fr-ch\/p\/pompelmo-rosso-ballerina","title":{"rendered":"Pompelmo Rosso - Ballerine"},"content":{"rendered":"<div style=\"text-align: left\"><strong>Collection exclusive de street art -<\/strong><\/div>\n<div style=\"text-align: left\"><strong> des eaux-de-vie et des cr\u00e9ations de distillat uniques en \u00e9dition limit\u00e9e !<\/strong><\/div>\n<ul style=\"text-align: left\">\n<li>A d\u00e9guster avec du prosecco ou du champagne - comme ap\u00e9ritif sp\u00e9cialement amer<\/li>\n<li>Distill\u00e9 et affin\u00e9 dans une petite distillerie boutique de l'Unterland zurichois<\/li>\n<li>Production limit\u00e9e de petits lots<\/li>\n<li>S\u00e9rie \u201aStreet Art collection\u2018 avec \u00e9dition limit\u00e9e num\u00e9rot\u00e9e<\/li>\n<\/ul>\n<p style=\"text-align: left\"><strong>Contenu et vol.%<\/strong><\/p>\n<ul style=\"text-align: left\">\n<li>500 ml<\/li>\n<li>18 Vol.%<\/li>\n<\/ul>\n<p style=\"text-align: left\"><strong>Ingr\u00e9dients<\/strong><\/p>\n<div>\n<div>\n<div data-hook=\"info-section-description\">\n<ul style=\"text-align: left\">\n<li>Eau<\/li>\n<li>Sucre<\/li>\n<li>Alcool<\/li>\n<li>Gin<\/li>\n<li>pamplemousse rouge<\/li>\n<li>Acide citrique<\/li>\n<li>Ar\u00f4mes naturels<\/li>\n<li>E129<\/li>\n<li>E133<\/li>\n<li>Produit suisse<\/li>\n<\/ul>\n<div style=\"text-align: left\"><strong>Producteur<\/strong><\/div>\n<div style=\"text-align: left\">\n<ul>\n<li>Producteur : Schnapsboutique H\u00f6ritr\u00f6pfli, Schultheiss, H\u00f6ri<\/li>\n<\/ul>\n<\/div>\n<div style=\"text-align: left\"><strong>Remarque \/ Protection des jeunes<\/strong><\/div>\n<div>\n<ul style=\"text-align: left\">\n<li>La loi interdit la vente de spiritueux aux mineurs<\/li>\n<\/ul>\n<p style=\"text-align: left\"><strong>\u00c9tiquette<\/strong><\/p>\n<ul>\n<li style=\"text-align: left\">Sao Paulo, 2020<\/li>\n<li style=\"text-align: left\">Interpr\u00e9tation street art des ballerines D\u00e9gas<\/li>\n<\/ul>\n<\/div>\n<\/div>\n<\/div>\n<\/div>","protected":false},"excerpt":{"rendered":"<p>Pompelmo Rosso exclusif - id\u00e9al comme coup d'ap\u00e9ritif amer dans n'importe quel prosecco ou champagne - d'une petite boutique-distillerie suisse<\/p>","protected":false},"featured_media":8550,"template":"","meta":[],"product_brand":[],"product_cat":[115,995,1003,984,999,42,885,52,54],"product_tag":[147,305],"woo-feed-brand":[],"class_list":{"0":"post-8549","1":"product","2":"type-product","3":"status-publish","4":"has-post-thumbnail","6":"product_cat-spirituosen","7":"product_cat-essen-trinken","8":"product_cat-fuer-sie","9":"product_cat-silvester","10":"product_cat-valentinstag","11":"product_cat-kueche","12":"product_cat-koestlichkeiten","13":"product_cat-geschenke","14":"product_cat-feinkost","15":"product_tag-alkohol","16":"product_tag-the-white-panther-die-schonen-dinge-des-lebens","18":"first","19":"instock","20":"taxable","21":"shipping-taxable","22":"purchasable","23":"product-type-simple"},"_links":{"self":[{"href":"https:\/\/www.fleurop-home.ch\/fr-ch\/wp-json\/wp\/v2\/product\/8549","targetHints":{"allow":["GET"]}}],"collection":[{"href":"https:\/\/www.fleurop-home.ch\/fr-ch\/wp-json\/wp\/v2\/product"}],"about":[{"href":"https:\/\/www.fleurop-home.ch\/fr-ch\/wp-json\/wp\/v2\/types\/product"}],"wp:featuredmedia":[{"embeddable":true,"href":"https:\/\/www.fleurop-home.ch\/fr-ch\/wp-json\/wp\/v2\/media\/8550"}],"wp:attachment":[{"href":"https:\/\/www.fleurop-home.ch\/fr-ch\/wp-json\/wp\/v2\/media?parent=8549"}],"wp:term":[{"taxonomy":"product_brand","embeddable":true,"href":"https:\/\/www.fleurop-home.ch\/fr-ch\/wp-json\/wp\/v2\/product_brand?post=8549"},{"taxonomy":"product_cat","embeddable":true,"href":"https:\/\/www.fleurop-home.ch\/fr-ch\/wp-json\/wp\/v2\/product_cat?post=8549"},{"taxonomy":"product_tag","embeddable":true,"href":"https:\/\/www.fleurop-home.ch\/fr-ch\/wp-json\/wp\/v2\/product_tag?post=8549"},{"taxonomy":"woo-feed-brand","embeddable":true,"href":"https:\/\/www.fleurop-home.ch\/fr-ch\/wp-json\/wp\/v2\/woo-feed-brand?post=8549"}],"curies":[{"name":"wp","href":"https:\/\/api.w.org\/{rel}","templated":true}]}}