{"id":8535,"date":"2022-02-24T12:12:09","date_gmt":"2022-02-24T12:12:09","guid":{"rendered":"https:\/\/www.fleurop-home.ch\/?product=special-rum-revolutionlove"},"modified":"2025-05-12T14:05:31","modified_gmt":"2025-05-12T12:05:31","slug":"rhum-special-revolutionlove","status":"publish","type":"product","link":"https:\/\/www.fleurop-home.ch\/fr-ch\/p\/special-rum-revolutionlove","title":{"rendered":"Rhum sp\u00e9cial - Revolution\/Love"},"content":{"rendered":"<div style=\"text-align: left\"><strong>La collection exclusive de street art -<\/strong><\/div>\n<div style=\"text-align: left\"><strong> des eaux-de-vie et des cr\u00e9ations de distillat uniques en \u00e9dition limit\u00e9e !<\/strong><\/div>\n<ul style=\"text-align: left\">\n<li>Un r\u00e9gal pour tout amateur de rhum<\/li>\n<li>Blend de 4 rhums : un panam\u00e9en, un cubain, un jama\u00efcain et un rhum bio suisse composent ce rhum exquis d'un autre genre.<\/li>\n<li>Distill\u00e9 et affin\u00e9 dans une petite boutique-distillerie de l'Unterland zurichois<\/li>\n<li>Production limit\u00e9e de petits lots<\/li>\n<li>S\u00e9rie \u201aStreet Art collection\u2018 avec \u00e9dition limit\u00e9e num\u00e9rot\u00e9e<\/li>\n<\/ul>\n<p style=\"text-align: left\"><strong>Contenu et vol.%<\/strong><\/p>\n<ul style=\"text-align: left\">\n<li>500 ml<\/li>\n<li>45 Vol.%<\/li>\n<\/ul>\n<p style=\"text-align: left\"><strong>Ingr\u00e9dients<\/strong><\/p>\n<div class=\"rah-static--height-auto rah-static\">\n<div class=\"fggS- cell _1yvxJ\">\n<div class=\"WncCi\" data-hook=\"info-section-description\">\n<ul style=\"text-align: left\">\n<li>Rhum Solera Blended 23 ans<\/li>\n<li>Mountain Spring Water<\/li>\n<li>Finition en cask de bourbon<\/li>\n<\/ul>\n<div style=\"text-align: left\"><strong>Producteur\u00a0<\/strong><\/div>\n<div style=\"text-align: left\">\n<ul>\n<li>Boutique d'eau-de-vie H\u00f6ritr\u00f6pfli, Schultheiss, H\u00f6ri<\/li>\n<\/ul>\n<\/div>\n<div style=\"text-align: left\"><strong>Remarque \/ Protection des jeunes<\/strong><\/div>\n<div>\n<ul>\n<li style=\"text-align: left\">La loi interdit la vente de spiritueux aux mineurs<\/li>\n<\/ul>\n<\/div>\n<\/div>\n<\/div>\n<\/div>","protected":false},"excerpt":{"rendered":"<p>Cr\u00e9ation exclusive d'une cuv\u00e9e de rhum (23 ans) d'une petite boutique-distillerie suisse<\/p>","protected":false},"featured_media":8536,"template":"","meta":[],"product_brand":[],"product_cat":[115,995,1090,910,984,1088,909,916,42,885,52,54],"product_tag":[147,305],"woo-feed-brand":[],"class_list":{"0":"post-8535","1":"product","2":"type-product","3":"status-publish","4":"has-post-thumbnail","6":"product_cat-spirituosen","7":"product_cat-essen-trinken","8":"product_cat-geniesser","9":"product_cat-geschenkideen","10":"product_cat-silvester","11":"product_cat-vatertag","12":"product_cat-weihnachten","13":"product_cat-praesente","14":"product_cat-kueche","15":"product_cat-koestlichkeiten","16":"product_cat-geschenke","17":"product_cat-feinkost","18":"product_tag-alkohol","19":"product_tag-the-white-panther-die-schonen-dinge-des-lebens","21":"first","22":"instock","23":"taxable","24":"shipping-taxable","25":"purchasable","26":"product-type-simple"},"_links":{"self":[{"href":"https:\/\/www.fleurop-home.ch\/fr-ch\/wp-json\/wp\/v2\/product\/8535","targetHints":{"allow":["GET"]}}],"collection":[{"href":"https:\/\/www.fleurop-home.ch\/fr-ch\/wp-json\/wp\/v2\/product"}],"about":[{"href":"https:\/\/www.fleurop-home.ch\/fr-ch\/wp-json\/wp\/v2\/types\/product"}],"wp:featuredmedia":[{"embeddable":true,"href":"https:\/\/www.fleurop-home.ch\/fr-ch\/wp-json\/wp\/v2\/media\/8536"}],"wp:attachment":[{"href":"https:\/\/www.fleurop-home.ch\/fr-ch\/wp-json\/wp\/v2\/media?parent=8535"}],"wp:term":[{"taxonomy":"product_brand","embeddable":true,"href":"https:\/\/www.fleurop-home.ch\/fr-ch\/wp-json\/wp\/v2\/product_brand?post=8535"},{"taxonomy":"product_cat","embeddable":true,"href":"https:\/\/www.fleurop-home.ch\/fr-ch\/wp-json\/wp\/v2\/product_cat?post=8535"},{"taxonomy":"product_tag","embeddable":true,"href":"https:\/\/www.fleurop-home.ch\/fr-ch\/wp-json\/wp\/v2\/product_tag?post=8535"},{"taxonomy":"woo-feed-brand","embeddable":true,"href":"https:\/\/www.fleurop-home.ch\/fr-ch\/wp-json\/wp\/v2\/woo-feed-brand?post=8535"}],"curies":[{"name":"wp","href":"https:\/\/api.w.org\/{rel}","templated":true}]}}