{"id":8528,"date":"2022-02-24T11:37:23","date_gmt":"2022-02-24T11:37:23","guid":{"rendered":"https:\/\/www.fleurop-home.ch\/?product=special-gin-organize-cranberry"},"modified":"2025-04-01T06:36:13","modified_gmt":"2025-04-01T04:36:13","slug":"gin-special-organize-cranberry","status":"publish","type":"product","link":"https:\/\/www.fleurop-home.ch\/fr-ch\/p\/special-gin-organize-cranberry","title":{"rendered":"Gin sp\u00e9cial - Organize ! - Cranberry"},"content":{"rendered":"<div style=\"text-align: left\"><strong>La collection exclusive de street art -<\/strong><\/div>\n<div style=\"text-align: left\"><strong> des eaux-de-vie et des cr\u00e9ations de distillat uniques en \u00e9dition limit\u00e9e !<\/strong><\/div>\n<ul style=\"text-align: left\">\n<li>Gin noble au go\u00fbt de cranberry<\/li>\n<li>A d\u00e9guster pur ou avec du tonic<\/li>\n<li>Distill\u00e9 et affin\u00e9 dans une petite boutique-distillerie de l'Unterland zurichois<\/li>\n<li>Production limit\u00e9e de petits lots<\/li>\n<li>S\u00e9rie \u201aStreet Art collection\u2018 avec \u00e9dition limit\u00e9e num\u00e9rot\u00e9e<\/li>\n<\/ul>\n<p style=\"text-align: left\"><strong>Contenu et vol.%<\/strong><\/p>\n<ul style=\"text-align: left\">\n<li>500 ml<\/li>\n<li>47 Vol.%<\/li>\n<\/ul>\n<p style=\"text-align: left\"><strong>Ingr\u00e9dients<\/strong><\/p>\n<div>\n<div>\n<div data-hook=\"info-section-description\">\n<ul style=\"text-align: left\">\n<li>Gen\u00e9vrier suisse<\/li>\n<li>divers botaniques \u00e0 base d'essences naturelles<\/li>\n<li>Canneberge<\/li>\n<li>Produit suisse<\/li>\n<\/ul>\n<div style=\"text-align: left\"><strong>Producteur<\/strong><\/div>\n<div style=\"text-align: left\">\n<ul>\n<li>Producteur : Schnapsboutique H\u00f6ritr\u00f6pfli, Schultheiss, H\u00f6ri<\/li>\n<\/ul>\n<\/div>\n<div style=\"text-align: left\"><strong>Remarque \/ Protection des jeunes<\/strong><\/div>\n<div>\n<ul style=\"text-align: left\">\n<li>La loi interdit la vente de spiritueux aux mineurs<\/li>\n<\/ul>\n<p style=\"text-align: left\"><strong>\u00c9tiquette<\/strong><\/p>\n<ul>\n<li style=\"text-align: left\">Bucarest 2018<\/li>\n<li style=\"text-align: left\">Organisons-nous !<\/li>\n<\/ul>\n<\/div>\n<\/div>\n<\/div>\n<\/div>","protected":false},"excerpt":{"rendered":"<p>Cr\u00e9ation exclusive de gin d'une petite boutique-distillerie.<\/p>","protected":false},"featured_media":8529,"template":"","meta":[],"product_brand":[],"product_cat":[115,42,885,52,54],"product_tag":[147,305],"woo-feed-brand":[],"class_list":{"0":"post-8528","1":"product","2":"type-product","3":"status-publish","4":"has-post-thumbnail","6":"product_cat-spirituosen","7":"product_cat-kueche","8":"product_cat-koestlichkeiten","9":"product_cat-geschenke","10":"product_cat-feinkost","11":"product_tag-alkohol","12":"product_tag-the-white-panther-die-schonen-dinge-des-lebens","14":"first","15":"instock","16":"taxable","17":"shipping-taxable","18":"purchasable","19":"product-type-simple"},"_links":{"self":[{"href":"https:\/\/www.fleurop-home.ch\/fr-ch\/wp-json\/wp\/v2\/product\/8528","targetHints":{"allow":["GET"]}}],"collection":[{"href":"https:\/\/www.fleurop-home.ch\/fr-ch\/wp-json\/wp\/v2\/product"}],"about":[{"href":"https:\/\/www.fleurop-home.ch\/fr-ch\/wp-json\/wp\/v2\/types\/product"}],"wp:featuredmedia":[{"embeddable":true,"href":"https:\/\/www.fleurop-home.ch\/fr-ch\/wp-json\/wp\/v2\/media\/8529"}],"wp:attachment":[{"href":"https:\/\/www.fleurop-home.ch\/fr-ch\/wp-json\/wp\/v2\/media?parent=8528"}],"wp:term":[{"taxonomy":"product_brand","embeddable":true,"href":"https:\/\/www.fleurop-home.ch\/fr-ch\/wp-json\/wp\/v2\/product_brand?post=8528"},{"taxonomy":"product_cat","embeddable":true,"href":"https:\/\/www.fleurop-home.ch\/fr-ch\/wp-json\/wp\/v2\/product_cat?post=8528"},{"taxonomy":"product_tag","embeddable":true,"href":"https:\/\/www.fleurop-home.ch\/fr-ch\/wp-json\/wp\/v2\/product_tag?post=8528"},{"taxonomy":"woo-feed-brand","embeddable":true,"href":"https:\/\/www.fleurop-home.ch\/fr-ch\/wp-json\/wp\/v2\/woo-feed-brand?post=8528"}],"curies":[{"name":"wp","href":"https:\/\/api.w.org\/{rel}","templated":true}]}}