{"id":8414,"date":"2022-02-02T17:37:57","date_gmt":"2022-02-02T17:37:57","guid":{"rendered":"https:\/\/www.fleurop-home.ch\/?product=biedermeierstrausschen-mit-vase-kunstblumen"},"modified":"2026-04-07T14:57:01","modified_gmt":"2026-04-07T12:57:01","slug":"bouquet-de-fleurs-artificielles-biedermeier-avec-vase","status":"publish","type":"product","link":"https:\/\/www.fleurop-home.ch\/fr-ch\/p\/kunstblumenstrauss-biedermeier-mit-vase","title":{"rendered":"Bouquet de fleurs artificielles Biedermeier avec vase"},"content":{"rendered":"<p style=\"text-align: left\">De magnifiques fleurs artificielles raffin\u00e9es, compl\u00e9t\u00e9es par des fleurs s\u00e9ch\u00e9es. Gr\u00e2ce aux fibres synth\u00e9tiques modernes, les fleurs artificielles se distinguent \u00e0 peine des vraies.<br \/>\nParticuli\u00e8rement d\u00e9coratif dans la maison, le bureau ou m\u00eame dans le cabinet m\u00e9dical. Ces fleurs artificielles mettent de bonne humeur rien qu'en les regardant. Le bouquet peut \u00eatre plac\u00e9 dans un endroit sombre ou m\u00eame \u00e0 l'abri des courants d'air et, de plus, il ne n\u00e9cessite aucun entretien.<\/p>\n<p style=\"text-align: left\">Le prix s'entend par bouquet, vase inclus (le vase peut varier).<\/p>\n<p>Il peut y avoir des diff\u00e9rences entre la couleur illustr\u00e9e sur le site Web et la couleur r\u00e9elle, en raison de l'incidence de la lumi\u00e8re, de la luminosit\u00e9 de l'\u00e9cran, du r\u00e9glage du contraste, etc. Lors du d\u00e9ballage, les fleurs artificielles doivent \u00e9ventuellement \u00eatre mises en forme avec pr\u00e9caution.<\/p>","protected":false},"excerpt":{"rendered":"<p>Magnifique bouquet Biedermeier avec vase ; gr\u00e2ce aux fibres synth\u00e9tiques modernes, les fleurs artificielles ne se distinguent presque plus des vraies. H environ 28cm \/ L environ 18cm \/ Vase vide sans bouquet H environ 14 cm<\/p>","protected":false},"featured_media":45882,"template":"","meta":[],"product_brand":[],"product_cat":[107,23,26],"product_tag":[290],"woo-feed-brand":[],"class_list":{"0":"post-8414","1":"product","2":"type-product","3":"status-publish","4":"has-post-thumbnail","6":"product_cat-kunstblumen","7":"product_cat-home-living","8":"product_cat-blumen-pflanzen","9":"product_tag-atelier-leutwyler","11":"first","12":"instock","13":"taxable","14":"shipping-taxable","15":"purchasable","16":"product-type-simple"},"_links":{"self":[{"href":"https:\/\/www.fleurop-home.ch\/fr-ch\/wp-json\/wp\/v2\/product\/8414","targetHints":{"allow":["GET"]}}],"collection":[{"href":"https:\/\/www.fleurop-home.ch\/fr-ch\/wp-json\/wp\/v2\/product"}],"about":[{"href":"https:\/\/www.fleurop-home.ch\/fr-ch\/wp-json\/wp\/v2\/types\/product"}],"wp:featuredmedia":[{"embeddable":true,"href":"https:\/\/www.fleurop-home.ch\/fr-ch\/wp-json\/wp\/v2\/media\/45882"}],"wp:attachment":[{"href":"https:\/\/www.fleurop-home.ch\/fr-ch\/wp-json\/wp\/v2\/media?parent=8414"}],"wp:term":[{"taxonomy":"product_brand","embeddable":true,"href":"https:\/\/www.fleurop-home.ch\/fr-ch\/wp-json\/wp\/v2\/product_brand?post=8414"},{"taxonomy":"product_cat","embeddable":true,"href":"https:\/\/www.fleurop-home.ch\/fr-ch\/wp-json\/wp\/v2\/product_cat?post=8414"},{"taxonomy":"product_tag","embeddable":true,"href":"https:\/\/www.fleurop-home.ch\/fr-ch\/wp-json\/wp\/v2\/product_tag?post=8414"},{"taxonomy":"woo-feed-brand","embeddable":true,"href":"https:\/\/www.fleurop-home.ch\/fr-ch\/wp-json\/wp\/v2\/woo-feed-brand?post=8414"}],"curies":[{"name":"wp","href":"https:\/\/api.w.org\/{rel}","templated":true}]}}