{"id":8391,"date":"2022-02-02T10:16:18","date_gmt":"2022-02-02T10:16:18","guid":{"rendered":"https:\/\/www.fleurop-home.ch\/?product=trockenblumen-strauss-bund-mix-turkis-weiss-mit-vase"},"modified":"2026-04-07T14:57:06","modified_gmt":"2026-04-07T12:57:06","slug":"bouquet-de-fleurs-seches-mix-turquoise-blanc-avec-vase","status":"publish","type":"product","link":"https:\/\/www.fleurop-home.ch\/fr-ch\/p\/trockenblumenstrauss-mix-tuerkis-weiss-mit-vase","title":{"rendered":"Bouquet de fleurs s\u00e9ch\u00e9es Mix turquoise-blanc avec vase"},"content":{"rendered":"<h3>Fleurs s\u00e9ch\u00e9es<br \/>\nUne touche de Scandinavie pour ta maison - notre bouquet de fleurs s\u00e9ch\u00e9es, amoureusement li\u00e9 \u00e0 la main, combine de d\u00e9licates nuances de cr\u00e8me et de nature avec du turquoise frais et du bleu lavande profond. Le bouquet s\u00e9duit par sa composition harmonieuse de lavande s\u00e9ch\u00e9e, de lagurus (herbe \u00e0 queue de lapin), de statice, de mini fleurs de paille, etc. arrang\u00e9s avec style dans un vase.<\/h3>\n<p>Chaque bouquet est unique, fabriqu\u00e9 avec beaucoup de passion dans l'atelier Leutwyler \u00e0 Ebikon pr\u00e8s de Lucerne.<br \/>\nParticuli\u00e8rement beau comme cadeau ou comme accroche-regard \u00e9l\u00e9gant dans le salon, le couloir ou le bureau.<\/p>\n<p>Le prix se r\u00e9f\u00e8re \u00e0 un bouquet, un vase inclus. (le vase peut varier)<\/p>\n<p><strong>Note bien<\/strong><br \/>\n- Retire soigneusement les fleurs s\u00e9ch\u00e9es du papier. Les branches s\u00e9ch\u00e9es sont plus fragiles que les branches encore vertes. Le bouquet est li\u00e9. Si tu souhaites que les fleurs s\u00e9ch\u00e9es soient un peu moins serr\u00e9es dans le vase, comme c'est le cas sur l'image, d\u00e9fais les liens et personnalise les fleurs s\u00e9ch\u00e9es comme tu le souhaites.<br \/>\n- Les fleurs s\u00e9ch\u00e9es sont un produit naturel et les bouquets \/ fleurs individuelles sont compos\u00e9s individuellement selon la saison et peuvent donc varier dans le choix des fleurs, leur disposition et leur couleur.<br \/>\n- Pour la cr\u00e9ation, nous utilisons en partie du fil de fer, du bambou fendu, de la colle et d'autres moyens techniques similaires qui peuvent \u00e9galement \u00eatre visibles. Nos fleurs s\u00e9ch\u00e9es sont en partie blanchies ou color\u00e9es. La couleur utilis\u00e9e dans le bouquet d'\u00e9chantillons (photo) peut donc varier d'un bouquet \u00e0 l'autre. Il en va de m\u00eame pour le papier utilis\u00e9 pour l'emballage.<br \/>\n- Il pourrait y avoir des diff\u00e9rences entre la couleur illustr\u00e9e sur le site web et la couleur r\u00e9elle, ceci en raison de l'incidence de la lumi\u00e8re, de la luminosit\u00e9 du moniteur, du r\u00e9glage du contraste, etc.<\/p>\n<p>Si la photo montre un tuf avec plusieurs bouquets de fleurs s\u00e9ch\u00e9es ou des vases, il s'agit d'une id\u00e9e\/d'un mod\u00e8le pour une conception possible et ne fait pas partie du prix du produit.<\/p>","protected":false},"excerpt":{"rendered":"<p>Fleurs s\u00e9ch\u00e9es - la nouvelle tendance en mati\u00e8re d'int\u00e9rieur ; bouquet de fleurs s\u00e9ch\u00e9es Bund mix \"turquoise-blanc\" avec vase \u00d8 env.17 cm H env.30 cm \/ vase vide sans bouquet H env.18 cm<\/p>","protected":false},"featured_media":54627,"template":"","meta":[],"product_brand":[],"product_cat":[117,23],"product_tag":[290],"woo-feed-brand":[],"class_list":{"0":"post-8391","1":"product","2":"type-product","3":"status-publish","4":"has-post-thumbnail","6":"product_cat-trockenblumen","7":"product_cat-home-living","8":"product_tag-atelier-leutwyler","10":"first","11":"instock","12":"taxable","13":"shipping-taxable","14":"purchasable","15":"product-type-simple"},"_links":{"self":[{"href":"https:\/\/www.fleurop-home.ch\/fr-ch\/wp-json\/wp\/v2\/product\/8391","targetHints":{"allow":["GET"]}}],"collection":[{"href":"https:\/\/www.fleurop-home.ch\/fr-ch\/wp-json\/wp\/v2\/product"}],"about":[{"href":"https:\/\/www.fleurop-home.ch\/fr-ch\/wp-json\/wp\/v2\/types\/product"}],"wp:featuredmedia":[{"embeddable":true,"href":"https:\/\/www.fleurop-home.ch\/fr-ch\/wp-json\/wp\/v2\/media\/54627"}],"wp:attachment":[{"href":"https:\/\/www.fleurop-home.ch\/fr-ch\/wp-json\/wp\/v2\/media?parent=8391"}],"wp:term":[{"taxonomy":"product_brand","embeddable":true,"href":"https:\/\/www.fleurop-home.ch\/fr-ch\/wp-json\/wp\/v2\/product_brand?post=8391"},{"taxonomy":"product_cat","embeddable":true,"href":"https:\/\/www.fleurop-home.ch\/fr-ch\/wp-json\/wp\/v2\/product_cat?post=8391"},{"taxonomy":"product_tag","embeddable":true,"href":"https:\/\/www.fleurop-home.ch\/fr-ch\/wp-json\/wp\/v2\/product_tag?post=8391"},{"taxonomy":"woo-feed-brand","embeddable":true,"href":"https:\/\/www.fleurop-home.ch\/fr-ch\/wp-json\/wp\/v2\/woo-feed-brand?post=8391"}],"curies":[{"name":"wp","href":"https:\/\/api.w.org\/{rel}","templated":true}]}}