{"id":8354,"date":"2022-01-19T19:23:16","date_gmt":"2022-01-19T19:23:16","guid":{"rendered":"https:\/\/www.fleurop-home.ch\/?product=edler-magnolienzweig-textilblume-mit-weissen-bluten"},"modified":"2026-03-26T08:12:27","modified_gmt":"2026-03-26T07:12:27","slug":"fleur-textile-branche-de-magnolia-avec-fleurs-blanches","status":"publish","type":"product","link":"https:\/\/www.fleurop-home.ch\/fr-ch\/p\/textilblume-magnolienzweig-mit-weissen-blueten","title":{"rendered":"Fleur textile branche de magnolia avec fleurs blanches"},"content":{"rendered":"<h3 style=\"text-align: left;\">Branche de magnolia (fleur textile) avec des fleurs blanches<\/h3>\n<p style=\"text-align: left;\">De magnifiques fleurs artificielles raffin\u00e9es et gr\u00e2ce aux fibres synth\u00e9tiques modernes, la fleur artificielle ne se distingue presque plus de la vraie.<br \/>\nParticuli\u00e8rement d\u00e9corative dans la maison, le bureau ou m\u00eame le cabinet m\u00e9dical.  Cette fleur artificielle met de bonne humeur rien qu'en la regardant, elle peut \u00eatre plac\u00e9e dans un endroit sombre ou m\u00eame \u00e0 l'abri des courants d'air et, en plus, elle ne n\u00e9cessite aucun entretien.<br \/>\nMagnolia\" avec environ 3 fleurs et 1 bourgeon.<\/p>\n<p>couleur : blanc<br \/>\nLongueur : environ : 70cm<\/p>\n<p style=\"text-align: left;\">Le prix se r\u00e9f\u00e8re \u00e0 une seule branche.<\/p>\n<p style=\"text-align: left;\">Si la photo repr\u00e9sente en plus un tuf avec plusieurs fleurs artificielles et \u00e9ventuellement un vase, il s'agit d'une id\u00e9e\/d'un mod\u00e8le pour un am\u00e9nagement possible et ne fait pas partie du prix du produit.<\/p>\n<p style=\"text-align: left;\">Il pourrait y avoir des diff\u00e9rences entre la couleur illustr\u00e9e sur le site web et la couleur r\u00e9elle, ceci en raison de l'incidence de la lumi\u00e8re, de la luminosit\u00e9 du moniteur, du r\u00e9glage du contraste, etc.<\/p>","protected":false},"excerpt":{"rendered":"<p>Un magnifique magnolia artificiel en blanc et gr\u00e2ce aux fibres synth\u00e9tiques modernes, la fleur artificielle ne se distingue presque plus de la vraie.<\/p>","protected":false},"featured_media":8355,"template":"","meta":[],"product_brand":[],"product_cat":[107,23,26],"product_tag":[290],"woo-feed-brand":[],"class_list":{"0":"post-8354","1":"product","2":"type-product","3":"status-publish","4":"has-post-thumbnail","6":"product_cat-kunstblumen","7":"product_cat-home-living","8":"product_cat-blumen-pflanzen","9":"product_tag-atelier-leutwyler","11":"first","12":"instock","13":"taxable","14":"shipping-taxable","15":"purchasable","16":"product-type-simple"},"_links":{"self":[{"href":"https:\/\/www.fleurop-home.ch\/fr-ch\/wp-json\/wp\/v2\/product\/8354","targetHints":{"allow":["GET"]}}],"collection":[{"href":"https:\/\/www.fleurop-home.ch\/fr-ch\/wp-json\/wp\/v2\/product"}],"about":[{"href":"https:\/\/www.fleurop-home.ch\/fr-ch\/wp-json\/wp\/v2\/types\/product"}],"wp:featuredmedia":[{"embeddable":true,"href":"https:\/\/www.fleurop-home.ch\/fr-ch\/wp-json\/wp\/v2\/media\/8355"}],"wp:attachment":[{"href":"https:\/\/www.fleurop-home.ch\/fr-ch\/wp-json\/wp\/v2\/media?parent=8354"}],"wp:term":[{"taxonomy":"product_brand","embeddable":true,"href":"https:\/\/www.fleurop-home.ch\/fr-ch\/wp-json\/wp\/v2\/product_brand?post=8354"},{"taxonomy":"product_cat","embeddable":true,"href":"https:\/\/www.fleurop-home.ch\/fr-ch\/wp-json\/wp\/v2\/product_cat?post=8354"},{"taxonomy":"product_tag","embeddable":true,"href":"https:\/\/www.fleurop-home.ch\/fr-ch\/wp-json\/wp\/v2\/product_tag?post=8354"},{"taxonomy":"woo-feed-brand","embeddable":true,"href":"https:\/\/www.fleurop-home.ch\/fr-ch\/wp-json\/wp\/v2\/woo-feed-brand?post=8354"}],"curies":[{"name":"wp","href":"https:\/\/api.w.org\/{rel}","templated":true}]}}