{"id":8328,"date":"2022-01-18T20:33:25","date_gmt":"2022-01-18T20:33:25","guid":{"rendered":"https:\/\/www.fleurop-home.ch\/?product=tulpentuff-gelb-in-kleiner-holzbox-mit-2-herzen"},"modified":"2026-03-26T08:15:24","modified_gmt":"2026-03-26T07:15:24","slug":"tulipes-jaunes-dans-une-petite-boite-en-bois","status":"publish","type":"product","link":"https:\/\/www.fleurop-home.ch\/fr-ch\/p\/tulpen-gelb-in-kleiner-holzbox","title":{"rendered":"Tulipes jaunes dans une petite bo\u00eete en bois"},"content":{"rendered":"<p><strong>Un magnifique tulipe dans une petite bo\u00eete en bois avec 2 c\u0153urs<\/strong><\/p>\n<p style=\"text-align: left;\">Un magnifique tuf de tulipe dans une petite bo\u00eete en bois avec 2 c\u0153urs et gr\u00e2ce aux fibres synth\u00e9tiques modernes, les fleurs artificielles ne se distinguent presque plus des vraies.<\/p>\n<p style=\"text-align: left;\">Particuli\u00e8rement d\u00e9coratif dans le salon, le bureau ou m\u00eame le cabinet m\u00e9dical.  Ces tulipes printani\u00e8res mettent de bonne humeur rien qu'en les regardant. Elles peuvent \u00eatre plac\u00e9es dans un endroit sombre ou m\u00eame \u00e0 l'abri des courants d'air et ne n\u00e9cessitent en outre aucun entretien.<\/p>\n<p style=\"text-align: left;\">Tulipes dans un petit pot en verre avec 3 fleurs\/tiges<br \/>\nHauteur avec le r\u00e9cipient en bois : 27cm \/ Largeur : 6 cm (la structure et la couleur du r\u00e9cipient en bois peuvent changer).<\/p>\n<p style=\"text-align: left;\">- Il pourrait y avoir des diff\u00e9rences entre la couleur illustr\u00e9e sur le site web et la couleur r\u00e9elle, ceci en raison de l'incidence de la lumi\u00e8re, de la luminosit\u00e9 du moniteur, du r\u00e9glage du contraste, etc.<\/p>","protected":false},"excerpt":{"rendered":"<p>Un magnifique tulipe dans une petite bo\u00eete en bois avec 2 c\u0153urs<\/p>","protected":false},"featured_media":8329,"template":"","meta":[],"product_brand":[],"product_cat":[107,23,26,52,55],"product_tag":[290],"woo-feed-brand":[],"class_list":{"0":"post-8328","1":"product","2":"type-product","3":"status-publish","4":"has-post-thumbnail","6":"product_cat-kunstblumen","7":"product_cat-home-living","8":"product_cat-blumen-pflanzen","9":"product_cat-geschenke","10":"product_cat-blumige-geschenke","11":"product_tag-atelier-leutwyler","13":"first","14":"instock","15":"taxable","16":"shipping-taxable","17":"purchasable","18":"product-type-simple"},"_links":{"self":[{"href":"https:\/\/www.fleurop-home.ch\/fr-ch\/wp-json\/wp\/v2\/product\/8328","targetHints":{"allow":["GET"]}}],"collection":[{"href":"https:\/\/www.fleurop-home.ch\/fr-ch\/wp-json\/wp\/v2\/product"}],"about":[{"href":"https:\/\/www.fleurop-home.ch\/fr-ch\/wp-json\/wp\/v2\/types\/product"}],"wp:featuredmedia":[{"embeddable":true,"href":"https:\/\/www.fleurop-home.ch\/fr-ch\/wp-json\/wp\/v2\/media\/8329"}],"wp:attachment":[{"href":"https:\/\/www.fleurop-home.ch\/fr-ch\/wp-json\/wp\/v2\/media?parent=8328"}],"wp:term":[{"taxonomy":"product_brand","embeddable":true,"href":"https:\/\/www.fleurop-home.ch\/fr-ch\/wp-json\/wp\/v2\/product_brand?post=8328"},{"taxonomy":"product_cat","embeddable":true,"href":"https:\/\/www.fleurop-home.ch\/fr-ch\/wp-json\/wp\/v2\/product_cat?post=8328"},{"taxonomy":"product_tag","embeddable":true,"href":"https:\/\/www.fleurop-home.ch\/fr-ch\/wp-json\/wp\/v2\/product_tag?post=8328"},{"taxonomy":"woo-feed-brand","embeddable":true,"href":"https:\/\/www.fleurop-home.ch\/fr-ch\/wp-json\/wp\/v2\/woo-feed-brand?post=8328"}],"curies":[{"name":"wp","href":"https:\/\/api.w.org\/{rel}","templated":true}]}}