{"id":8319,"date":"2022-01-18T19:15:11","date_gmt":"2022-01-18T19:15:11","guid":{"rendered":"https:\/\/www.fleurop-home.ch\/?product=echte-rote-stabilisierte-rosenbluten-rosenblatter-zum-streuen"},"modified":"2026-04-06T19:11:28","modified_gmt":"2026-04-06T17:11:28","slug":"feuilles-de-roses-rouges-a-saupoudrer-stabilisees","status":"publish","type":"product","link":"https:\/\/www.fleurop-home.ch\/fr-ch\/p\/rote-rosenblaetter-zum-streuen-stabilisiert","title":{"rendered":"P\u00e9tales de rose rouges \u00e0 saupoudrer - stabilis\u00e9s"},"content":{"rendered":"<p><strong><span style=\"font-size: 11pt;\">V\u00e9ritables p\u00e9tales de roses rouges stabilis\u00e9es \u00e0 saupoudrer en bo\u00eete<\/span><\/strong><\/p>\n<p>De magnifiques p\u00e9tales de roses rouges stabilis\u00e9es \u00e0 saupoudrer dans une bo\u00eete. Ils ont \u00e9t\u00e9 stabilis\u00e9s (c'est-\u00e0-dire rendus durables) gr\u00e2ce \u00e0 une m\u00e9thode sp\u00e9ciale.<\/p>\n<p>Les magnifiques p\u00e9tales de roses rouges, authentiques et stabilis\u00e9s, sont merveilleux \u00e0 saupoudrer. Comme surprise autour d'un cadeau ou pour cr\u00e9er un c\u0153ur d'amour. Cela convient \u00e0 chaque occasion, que ce soit pour un mariage, la Saint-Valentin ou \"juste comme \u00e7a\". Les p\u00e9tales de rose sont livr\u00e9s prot\u00e9g\u00e9s dans une bo\u00eete assortie. Ils conviennent \u00e9galement comme d\u00e9coration de table durable et comme accessoire d'int\u00e9rieur.<\/p>\n<p>D\u00e9tails : P\u00e9tales de rose individuels dans une bo\u00eete, se conservent 2 \u00e0 3 ans.<\/p>\n<p>Dans la bo\u00eete, on place en partie aussi bien des fleurs de t\u00eates de roses que des p\u00e9tales de roses. En d\u00e9tachant d\u00e9licatement les p\u00e9tales de rose des fleurs de boutons de rose et les p\u00e9tales de rose entre eux, on obtient un volume total de plus de 250 magnifiques p\u00e9tales de rose individuels \u00e0 saupoudrer.<\/p>\n<p>Si un objet de d\u00e9coration suppl\u00e9mentaire est pr\u00e9sent sur les images, en plus des p\u00e9tales de rose, il n'est pas inclus dans le prix du produit, mais sert uniquement \u00e0 une \u00e9ventuelle utilisation comme d\u00e9coration. Il est possible de commander cet article ou d'autres, s'ils sont disponibles, \u00e9galement ici directement via FleuropHOME de notre part dans la gamme \"Atelier Leutwyler\"\".<\/p>\n<p><strong>Merci de suivre nos conseils d'entretien :<\/strong><br \/>\nNos p\u00e9tales de rose stabilis\u00e9s n'ont besoin ni de soins ni d'eau. Ils se conservent pendant des ann\u00e9es, tout simplement. C'est \u00e0 temp\u00e9rature ambiante et dans des endroits ombrag\u00e9s que nos p\u00e9tales de rose stabilis\u00e9s durent le plus longtemps.<\/p>\n<p>L'humidit\u00e9 peut entra\u00eener une perte de couleur des p\u00e9tales de rose sur le support. Avant de saupoudrer sur une surface sensible, fais donc un test.<\/p>\n<p><em>Les p\u00e9tales de rose peuvent perdre leur forme et leur couleur si tu les laisses :<\/em><br \/>\nen contact avec de l'eau (ne surtout pas arroser), en le manipulant souvent ou grossi\u00e8rement (enlever la poussi\u00e8re avec un pinceau doux), en l'exposant \u00e0 une humidit\u00e9 trop \u00e9lev\u00e9e ou aux rayons directs du soleil.<\/p>\n<p>Il pourrait y avoir des diff\u00e9rences entre la couleur illustr\u00e9e sur le site web et la couleur r\u00e9elle, ceci en raison de l'incidence de la lumi\u00e8re, de la luminosit\u00e9 du moniteur, du r\u00e9glage du contraste, etc.<\/p>","protected":false},"excerpt":{"rendered":"<p>De magnifiques roses rouges authentiques stabilis\u00e9es - des fleurs - des feuilles \u00e0 saupoudrer. Les p\u00e9tales de rose sont dans une bo\u00eete. Ce sont les feuilles des p\u00e9tales de rose.<\/p>","protected":false},"featured_media":71877,"template":"","meta":[],"product_brand":[],"product_cat":[29,23,1000,1196,999],"product_tag":[290],"woo-feed-brand":[],"class_list":{"0":"post-8319","1":"product","2":"type-product","3":"status-publish","4":"has-post-thumbnail","6":"product_cat-do-it-yourself","7":"product_cat-home-living","8":"product_cat-valentinstagsdeko","9":"product_cat-natur-deko","10":"product_cat-valentinstag","11":"product_tag-atelier-leutwyler","13":"first","14":"instock","15":"featured","16":"taxable","17":"shipping-taxable","18":"purchasable","19":"product-type-simple"},"_links":{"self":[{"href":"https:\/\/www.fleurop-home.ch\/fr-ch\/wp-json\/wp\/v2\/product\/8319","targetHints":{"allow":["GET"]}}],"collection":[{"href":"https:\/\/www.fleurop-home.ch\/fr-ch\/wp-json\/wp\/v2\/product"}],"about":[{"href":"https:\/\/www.fleurop-home.ch\/fr-ch\/wp-json\/wp\/v2\/types\/product"}],"wp:featuredmedia":[{"embeddable":true,"href":"https:\/\/www.fleurop-home.ch\/fr-ch\/wp-json\/wp\/v2\/media\/71877"}],"wp:attachment":[{"href":"https:\/\/www.fleurop-home.ch\/fr-ch\/wp-json\/wp\/v2\/media?parent=8319"}],"wp:term":[{"taxonomy":"product_brand","embeddable":true,"href":"https:\/\/www.fleurop-home.ch\/fr-ch\/wp-json\/wp\/v2\/product_brand?post=8319"},{"taxonomy":"product_cat","embeddable":true,"href":"https:\/\/www.fleurop-home.ch\/fr-ch\/wp-json\/wp\/v2\/product_cat?post=8319"},{"taxonomy":"product_tag","embeddable":true,"href":"https:\/\/www.fleurop-home.ch\/fr-ch\/wp-json\/wp\/v2\/product_tag?post=8319"},{"taxonomy":"woo-feed-brand","embeddable":true,"href":"https:\/\/www.fleurop-home.ch\/fr-ch\/wp-json\/wp\/v2\/woo-feed-brand?post=8319"}],"curies":[{"name":"wp","href":"https:\/\/api.w.org\/{rel}","templated":true}]}}