{"id":8310,"date":"2021-11-24T16:14:02","date_gmt":"2021-11-24T15:14:02","guid":{"rendered":"https:\/\/www.fleurop-home.ch\/?product=sommerflor-rot-orange-tone-ampel-hange-basket"},"modified":"2026-04-28T11:31:16","modified_gmt":"2026-04-28T09:31:16","slug":"-185","status":"publish","type":"product","link":"https:\/\/www.fleurop-home.ch\/fr-ch\/p\/sommerflor-rot-orange-tone-ampel-hange-basket","title":{"rendered":"Fleurs d'\u00e9t\u00e9 rouge-orange-tons - Basket suspendu de feuillage"},"content":{"rendered":"<p>Ce feuillage luxuriant apporte des tons rouges et orange vifs \u00e0 ton espace ext\u00e9rieur. Le m\u00e9lange de plantes polyvalent d\u00e9ploie tout son effet dans des endroits ensoleill\u00e9s \u00e0 mi-ombrag\u00e9s et prot\u00e9g\u00e9s et atteint une hauteur d'environ 80 cm. Comme il s'agit d'une plante saisonni\u00e8re, cette suspension offre des accents de couleur impressionnants tout au long de la saison. Elle appr\u00e9cie un sol perm\u00e9able et un approvisionnement en eau mod\u00e9r\u00e9. La plante provient d'une production suisse 100 % et est synonyme de splendeur florale locale de haute qualit\u00e9.<\/p>\n<p>Hauteur : 80 cm<br \/>\nTaille du pot : pot de 30<br \/>\nR\u00e9sistance au froid : pas de r\u00e9sistance au froid<br \/>\nLumi\u00e8re : ensoleill\u00e9e \u00e0 semi-ombrag\u00e9e<br \/>\nP\u00e9riode de floraison : de mai \u00e0 octobre<br \/>\nSol : perm\u00e9able<\/p>","protected":false},"excerpt":{"rendered":"<p>Fleurs d'\u00e9t\u00e9 pendantes en rouge-orange pour les endroits ensoleill\u00e9s<\/p>","protected":false},"featured_media":42565,"template":"","meta":[],"product_brand":[],"product_cat":[109,34,41],"product_tag":[299],"woo-feed-brand":[],"class_list":{"0":"post-8310","1":"product","2":"type-product","3":"status-publish","4":"has-post-thumbnail","6":"product_cat-saisonale-pflanzen","7":"product_cat-garten-balkon","8":"product_cat-outdoorpflanzen","9":"product_tag-santispracht","11":"first","12":"instock","13":"taxable","14":"shipping-taxable","15":"purchasable","16":"product-type-simple"},"_links":{"self":[{"href":"https:\/\/www.fleurop-home.ch\/fr-ch\/wp-json\/wp\/v2\/product\/8310","targetHints":{"allow":["GET"]}}],"collection":[{"href":"https:\/\/www.fleurop-home.ch\/fr-ch\/wp-json\/wp\/v2\/product"}],"about":[{"href":"https:\/\/www.fleurop-home.ch\/fr-ch\/wp-json\/wp\/v2\/types\/product"}],"wp:featuredmedia":[{"embeddable":true,"href":"https:\/\/www.fleurop-home.ch\/fr-ch\/wp-json\/wp\/v2\/media\/42565"}],"wp:attachment":[{"href":"https:\/\/www.fleurop-home.ch\/fr-ch\/wp-json\/wp\/v2\/media?parent=8310"}],"wp:term":[{"taxonomy":"product_brand","embeddable":true,"href":"https:\/\/www.fleurop-home.ch\/fr-ch\/wp-json\/wp\/v2\/product_brand?post=8310"},{"taxonomy":"product_cat","embeddable":true,"href":"https:\/\/www.fleurop-home.ch\/fr-ch\/wp-json\/wp\/v2\/product_cat?post=8310"},{"taxonomy":"product_tag","embeddable":true,"href":"https:\/\/www.fleurop-home.ch\/fr-ch\/wp-json\/wp\/v2\/product_tag?post=8310"},{"taxonomy":"woo-feed-brand","embeddable":true,"href":"https:\/\/www.fleurop-home.ch\/fr-ch\/wp-json\/wp\/v2\/woo-feed-brand?post=8310"}],"curies":[{"name":"wp","href":"https:\/\/api.w.org\/{rel}","templated":true}]}}