{"id":8306,"date":"2021-11-24T16:09:34","date_gmt":"2021-11-24T15:09:34","guid":{"rendered":"https:\/\/www.fleurop-home.ch\/?product=sommerflor-blau-weiss-tone-ampel-hange-basket"},"modified":"2026-04-28T11:29:27","modified_gmt":"2026-04-28T09:29:27","slug":"-184","status":"publish","type":"product","link":"https:\/\/www.fleurop-home.ch\/fr-ch\/p\/sommerflor-blau-weiss-tone-ampel-hange-basket","title":{"rendered":"Fleurs d'\u00e9t\u00e9 bleu-blanc-ton - Basket suspendu de feuillage"},"content":{"rendered":"<p>Cette ampoule soigneusement plant\u00e9e de plantes saisonni\u00e8res \u00e0 fleurs bleues et blanches embellit les places assises et les balcons de mai \u00e0 octobre. Le m\u00e9lange de plantes robustes pr\u00e9f\u00e8re les emplacements ensoleill\u00e9s \u00e0 mi-ombrag\u00e9s et prot\u00e9g\u00e9s. Un sol perm\u00e9able et des apports d'eau mod\u00e9r\u00e9s garantissent une floraison durable. Les fleurs cultiv\u00e9es garantissent la Suisse Garantie et sont synonymes de qualit\u00e9 r\u00e9gionale et de culture durable.<\/p>\n<p>Hauteur : 80 cm<br \/>\nTaille du pot : pot de 30<br \/>\nR\u00e9sistance au froid : pas de r\u00e9sistance au froid<br \/>\nLumi\u00e8re : ensoleill\u00e9e \u00e0 semi-ombrag\u00e9e<br \/>\nP\u00e9riode de floraison : de mai \u00e0 octobre<br \/>\nSol : perm\u00e9able<\/p>","protected":false},"excerpt":{"rendered":"<p>Suspensions Fleurs d'\u00e9t\u00e9 bleu-blanc, plante saisonni\u00e8re en suspension de 30 pi\u00e8ces<\/p>","protected":false},"featured_media":40641,"template":"","meta":[],"product_brand":[],"product_cat":[109,34,41],"product_tag":[299],"woo-feed-brand":[],"class_list":{"0":"post-8306","1":"product","2":"type-product","3":"status-publish","4":"has-post-thumbnail","6":"product_cat-saisonale-pflanzen","7":"product_cat-garten-balkon","8":"product_cat-outdoorpflanzen","9":"product_tag-santispracht","11":"first","12":"instock","13":"taxable","14":"shipping-taxable","15":"purchasable","16":"product-type-simple"},"_links":{"self":[{"href":"https:\/\/www.fleurop-home.ch\/fr-ch\/wp-json\/wp\/v2\/product\/8306","targetHints":{"allow":["GET"]}}],"collection":[{"href":"https:\/\/www.fleurop-home.ch\/fr-ch\/wp-json\/wp\/v2\/product"}],"about":[{"href":"https:\/\/www.fleurop-home.ch\/fr-ch\/wp-json\/wp\/v2\/types\/product"}],"wp:featuredmedia":[{"embeddable":true,"href":"https:\/\/www.fleurop-home.ch\/fr-ch\/wp-json\/wp\/v2\/media\/40641"}],"wp:attachment":[{"href":"https:\/\/www.fleurop-home.ch\/fr-ch\/wp-json\/wp\/v2\/media?parent=8306"}],"wp:term":[{"taxonomy":"product_brand","embeddable":true,"href":"https:\/\/www.fleurop-home.ch\/fr-ch\/wp-json\/wp\/v2\/product_brand?post=8306"},{"taxonomy":"product_cat","embeddable":true,"href":"https:\/\/www.fleurop-home.ch\/fr-ch\/wp-json\/wp\/v2\/product_cat?post=8306"},{"taxonomy":"product_tag","embeddable":true,"href":"https:\/\/www.fleurop-home.ch\/fr-ch\/wp-json\/wp\/v2\/product_tag?post=8306"},{"taxonomy":"woo-feed-brand","embeddable":true,"href":"https:\/\/www.fleurop-home.ch\/fr-ch\/wp-json\/wp\/v2\/woo-feed-brand?post=8306"}],"curies":[{"name":"wp","href":"https:\/\/api.w.org\/{rel}","templated":true}]}}