{"id":8256,"date":"2021-11-24T09:28:05","date_gmt":"2021-11-24T08:28:05","guid":{"rendered":"https:\/\/www.fleurop-home.ch\/?product=brauner-storchschnabel-geranium-phaeum-1709032240"},"modified":"2026-04-28T11:26:48","modified_gmt":"2026-04-28T09:26:48","slug":"-167","status":"publish","type":"product","link":"https:\/\/www.fleurop-home.ch\/fr-ch\/p\/brauner-storchschnabel-geranium-phaeum-1709032240","title":{"rendered":"Bec de cigogne brun - Geranium phaeum"},"content":{"rendered":"<p>La cig\u00fce brune Klepper se distingue comme une plante \u00e0 fleurs polyvalente au rayonnement naturel. Ses fleurs violettes apparaissent de mai \u00e0 juillet et attirent de nombreux insectes, ce qui la recommande particuli\u00e8rement pour les plantations proches de la nature. Cette plante vivace supporte tr\u00e8s bien les endroits semi-ombrag\u00e9s et s'accommode parfaitement d'un sol perm\u00e9able et mod\u00e9r\u00e9ment humide. Gr\u00e2ce \u00e0 sa r\u00e9sistance \u00e0 l'hiver, la cig\u00fce brune convient parfaitement \u00e0 une utilisation toute l'ann\u00e9e dans le jardin, m\u00eame en bordure de bois ou dans le cadre de m\u00e9langes de plantes vivaces sauvages. Avec son caract\u00e8re peu exigeant et sa production 100 % suisse, elle est synonyme de plaisir durable et de splendeur florale vivante.<\/p>\n<p>Hauteur : 70 cm<br \/>\nTaille du pot : pot de 21<br \/>\nR\u00e9sistance au froid : r\u00e9sistant au froid<br \/>\nLumi\u00e8re : semi-ombrag\u00e9e<br \/>\nP\u00e9riode de floraison : mai \u00e0 juillet<br \/>\nSol : perm\u00e9able<\/p>","protected":false},"excerpt":{"rendered":"<p>Bec de cigogne brun Klepper - plante \u00e0 fleurs r\u00e9sistante \u00e0 l'hiver et aimant les insectes<\/p>","protected":false},"featured_media":41407,"template":"","meta":[],"product_brand":[],"product_cat":[109,34,41],"product_tag":[299],"woo-feed-brand":[],"class_list":{"0":"post-8256","1":"product","2":"type-product","3":"status-publish","4":"has-post-thumbnail","6":"product_cat-saisonale-pflanzen","7":"product_cat-garten-balkon","8":"product_cat-outdoorpflanzen","9":"product_tag-santispracht","11":"first","12":"instock","13":"taxable","14":"shipping-taxable","15":"purchasable","16":"product-type-simple"},"_links":{"self":[{"href":"https:\/\/www.fleurop-home.ch\/fr-ch\/wp-json\/wp\/v2\/product\/8256","targetHints":{"allow":["GET"]}}],"collection":[{"href":"https:\/\/www.fleurop-home.ch\/fr-ch\/wp-json\/wp\/v2\/product"}],"about":[{"href":"https:\/\/www.fleurop-home.ch\/fr-ch\/wp-json\/wp\/v2\/types\/product"}],"wp:featuredmedia":[{"embeddable":true,"href":"https:\/\/www.fleurop-home.ch\/fr-ch\/wp-json\/wp\/v2\/media\/41407"}],"wp:attachment":[{"href":"https:\/\/www.fleurop-home.ch\/fr-ch\/wp-json\/wp\/v2\/media?parent=8256"}],"wp:term":[{"taxonomy":"product_brand","embeddable":true,"href":"https:\/\/www.fleurop-home.ch\/fr-ch\/wp-json\/wp\/v2\/product_brand?post=8256"},{"taxonomy":"product_cat","embeddable":true,"href":"https:\/\/www.fleurop-home.ch\/fr-ch\/wp-json\/wp\/v2\/product_cat?post=8256"},{"taxonomy":"product_tag","embeddable":true,"href":"https:\/\/www.fleurop-home.ch\/fr-ch\/wp-json\/wp\/v2\/product_tag?post=8256"},{"taxonomy":"woo-feed-brand","embeddable":true,"href":"https:\/\/www.fleurop-home.ch\/fr-ch\/wp-json\/wp\/v2\/woo-feed-brand?post=8256"}],"curies":[{"name":"wp","href":"https:\/\/api.w.org\/{rel}","templated":true}]}}