{"id":8149,"date":"2021-11-15T08:31:06","date_gmt":"2021-11-15T08:31:06","guid":{"rendered":"https:\/\/www.fleurop-home.ch\/?product=heissklebepistole-hb180-80w"},"modified":"2025-10-22T10:47:34","modified_gmt":"2025-10-22T08:47:34","slug":"pistolet-a-colle-hb180-80w","status":"publish","type":"product","link":"https:\/\/www.fleurop-home.ch\/fr-ch\/p\/heissklebepistole-hb180-80w","title":{"rendered":"Pistolet \u00e0 colle, HB180, 80W"},"content":{"rendered":"<p style=\"text-align: left\">Avec un pistolet \u00e0 colle, tu peux assembler diff\u00e9rents mat\u00e9riaux de mani\u00e8re durable et avec peu d'efforts.<\/p>\n<p style=\"text-align: left\">La colle chaude convient au bricolage, \u00e0 la d\u00e9coration, \u00e0 la fixation et \u00e0 la r\u00e9paration.<\/p>\n<p><strong>Info :<br \/>\n<\/strong>80Watt, 220-240V<br \/>\nB\u00e2tons de colle \u00d8 12mm<br \/>\n190\u00b0<\/p>","protected":false},"excerpt":{"rendered":"<p>Pistolet \u00e0 colle, HB180, 80W<\/p>","protected":false},"featured_media":8150,"template":"","meta":[],"product_brand":[],"product_cat":[29,23,1178,1194,909,911],"product_tag":[282],"woo-feed-brand":[],"class_list":{"0":"post-8149","1":"product","2":"type-product","3":"status-publish","4":"has-post-thumbnail","6":"product_cat-do-it-yourself","7":"product_cat-home-living","8":"product_cat-diy","9":"product_cat-diy-helfer","10":"product_cat-weihnachten","11":"product_cat-accessoires","12":"product_tag-fleurop-interflora","14":"first","15":"instock","16":"taxable","17":"shipping-taxable","18":"purchasable","19":"product-type-simple"},"_links":{"self":[{"href":"https:\/\/www.fleurop-home.ch\/fr-ch\/wp-json\/wp\/v2\/product\/8149","targetHints":{"allow":["GET"]}}],"collection":[{"href":"https:\/\/www.fleurop-home.ch\/fr-ch\/wp-json\/wp\/v2\/product"}],"about":[{"href":"https:\/\/www.fleurop-home.ch\/fr-ch\/wp-json\/wp\/v2\/types\/product"}],"wp:featuredmedia":[{"embeddable":true,"href":"https:\/\/www.fleurop-home.ch\/fr-ch\/wp-json\/wp\/v2\/media\/8150"}],"wp:attachment":[{"href":"https:\/\/www.fleurop-home.ch\/fr-ch\/wp-json\/wp\/v2\/media?parent=8149"}],"wp:term":[{"taxonomy":"product_brand","embeddable":true,"href":"https:\/\/www.fleurop-home.ch\/fr-ch\/wp-json\/wp\/v2\/product_brand?post=8149"},{"taxonomy":"product_cat","embeddable":true,"href":"https:\/\/www.fleurop-home.ch\/fr-ch\/wp-json\/wp\/v2\/product_cat?post=8149"},{"taxonomy":"product_tag","embeddable":true,"href":"https:\/\/www.fleurop-home.ch\/fr-ch\/wp-json\/wp\/v2\/product_tag?post=8149"},{"taxonomy":"woo-feed-brand","embeddable":true,"href":"https:\/\/www.fleurop-home.ch\/fr-ch\/wp-json\/wp\/v2\/woo-feed-brand?post=8149"}],"curies":[{"name":"wp","href":"https:\/\/api.w.org\/{rel}","templated":true}]}}