{"id":8121,"date":"2021-11-09T19:11:21","date_gmt":"2021-11-09T19:11:21","guid":{"rendered":"https:\/\/www.fleurop-home.ch\/?product=sternkerze-aus-reinem-rapswachs-in-creme-mittel"},"modified":"2025-10-16T14:57:00","modified_gmt":"2025-10-16T12:57:00","slug":"bougie-etoile-en-cire-de-colza-pure-creme-moyenne","status":"publish","type":"product","link":"https:\/\/www.fleurop-home.ch\/fr-ch\/p\/sternkerze-aus-reinem-rapswachs-in-creme-mittel","title":{"rendered":"Bougie \u00e9toile en cire de colza pure, cr\u00e8me, moyenne"},"content":{"rendered":"<p style=\"text-align: left\">Bougie \u00e9toile en cire de colza - l'alternative durable<\/p>\n<p>La couleur blanc cr\u00e8me, semblable \u00e0 la porcelaine, la fine structure de la surface<br \/>\net le toucher velout\u00e9 qui en r\u00e9sulte conf\u00e8rent \u00e0 la bougie \u00e9toil\u00e9e en cire de colza un aspect noble.<\/p>\n<p style=\"text-align: left\">Bougie \u00e9toile moyenne (12cm\/\u00f811cm)<\/p>","protected":false},"excerpt":{"rendered":"<p>Bougie \u00e9toile moyenne (12cm\/\u00f811cm) en cire de colza pure cr\u00e8me<\/p>","protected":false},"featured_media":36535,"template":"","meta":[],"product_brand":[],"product_cat":[103,23,909,1179,911,28],"product_tag":[304],"woo-feed-brand":[],"class_list":{"0":"post-8121","1":"product","2":"type-product","3":"status-publish","4":"has-post-thumbnail","6":"product_cat-kerzen","7":"product_cat-home-living","8":"product_cat-weihnachten","9":"product_cat-weihnachtsdeko","10":"product_cat-accessoires","11":"product_cat-kerzen-lichter","12":"product_tag-blumen-villiger-gmbh-hochdorf","14":"first","15":"instock","16":"taxable","17":"shipping-taxable","18":"purchasable","19":"product-type-simple"},"_links":{"self":[{"href":"https:\/\/www.fleurop-home.ch\/fr-ch\/wp-json\/wp\/v2\/product\/8121","targetHints":{"allow":["GET"]}}],"collection":[{"href":"https:\/\/www.fleurop-home.ch\/fr-ch\/wp-json\/wp\/v2\/product"}],"about":[{"href":"https:\/\/www.fleurop-home.ch\/fr-ch\/wp-json\/wp\/v2\/types\/product"}],"wp:featuredmedia":[{"embeddable":true,"href":"https:\/\/www.fleurop-home.ch\/fr-ch\/wp-json\/wp\/v2\/media\/36535"}],"wp:attachment":[{"href":"https:\/\/www.fleurop-home.ch\/fr-ch\/wp-json\/wp\/v2\/media?parent=8121"}],"wp:term":[{"taxonomy":"product_brand","embeddable":true,"href":"https:\/\/www.fleurop-home.ch\/fr-ch\/wp-json\/wp\/v2\/product_brand?post=8121"},{"taxonomy":"product_cat","embeddable":true,"href":"https:\/\/www.fleurop-home.ch\/fr-ch\/wp-json\/wp\/v2\/product_cat?post=8121"},{"taxonomy":"product_tag","embeddable":true,"href":"https:\/\/www.fleurop-home.ch\/fr-ch\/wp-json\/wp\/v2\/product_tag?post=8121"},{"taxonomy":"woo-feed-brand","embeddable":true,"href":"https:\/\/www.fleurop-home.ch\/fr-ch\/wp-json\/wp\/v2\/woo-feed-brand?post=8121"}],"curies":[{"name":"wp","href":"https:\/\/api.w.org\/{rel}","templated":true}]}}