{"id":8106,"date":"2021-11-09T10:08:17","date_gmt":"2021-11-09T10:08:17","guid":{"rendered":"https:\/\/www.fleurop-home.ch\/?product=sternkerze-aus-reinem-bienenwachs-mittel"},"modified":"2025-10-16T14:57:01","modified_gmt":"2025-10-16T12:57:01","slug":"bougie-etoile-en-cire-dabeille-pure-moyenne","status":"publish","type":"product","link":"https:\/\/www.fleurop-home.ch\/fr-ch\/p\/sternkerze-aus-reinem-bienenwachs-mittel","title":{"rendered":"Bougie \u00e9toile en cire d'abeille pure, moyenne"},"content":{"rendered":"<p style=\"text-align: left\">La cire d'abeille pure est un produit naturel. La bougie \u00e9toil\u00e9e obtient son parfum envo\u00fbtant au contact du miel, du nectar et du pollen.<\/p>\n<p style=\"text-align: left\">Profite de la d\u00e9licieuse odeur de la cire d'abeille, m\u00eame lorsque la bougie n'est pas allum\u00e9e.<br \/>\nLes bougies sont fabriqu\u00e9es \u00e0 la main en Suisse avec le plus grand soin et ont une structure de surface fascinante et vivante.<\/p>\n<p style=\"text-align: left\">Bougie \u00e9toile moyenne (6cm\/\u00f811cm)<\/p>","protected":false},"excerpt":{"rendered":"<p>Bougie \u00e9toile moyenne (6cm\/\u00f811cm) en cire d'abeille pure, fabriqu\u00e9e \u00e0 la main avec le plus grand soin en Suisse, dans les couleurs jaune or, rouge cardinal et cr\u00e8me.<\/p>","protected":false},"featured_media":8107,"template":"","meta":[],"product_brand":[],"product_cat":[103,23,909,1179,911,28],"product_tag":[304],"woo-feed-brand":[],"class_list":{"0":"post-8106","1":"product","2":"type-product","3":"status-publish","4":"has-post-thumbnail","6":"product_cat-kerzen","7":"product_cat-home-living","8":"product_cat-weihnachten","9":"product_cat-weihnachtsdeko","10":"product_cat-accessoires","11":"product_cat-kerzen-lichter","12":"product_tag-blumen-villiger-gmbh-hochdorf","14":"first","15":"instock","16":"taxable","17":"shipping-taxable","18":"purchasable","19":"product-type-variable"},"_links":{"self":[{"href":"https:\/\/www.fleurop-home.ch\/fr-ch\/wp-json\/wp\/v2\/product\/8106","targetHints":{"allow":["GET"]}}],"collection":[{"href":"https:\/\/www.fleurop-home.ch\/fr-ch\/wp-json\/wp\/v2\/product"}],"about":[{"href":"https:\/\/www.fleurop-home.ch\/fr-ch\/wp-json\/wp\/v2\/types\/product"}],"wp:featuredmedia":[{"embeddable":true,"href":"https:\/\/www.fleurop-home.ch\/fr-ch\/wp-json\/wp\/v2\/media\/8107"}],"wp:attachment":[{"href":"https:\/\/www.fleurop-home.ch\/fr-ch\/wp-json\/wp\/v2\/media?parent=8106"}],"wp:term":[{"taxonomy":"product_brand","embeddable":true,"href":"https:\/\/www.fleurop-home.ch\/fr-ch\/wp-json\/wp\/v2\/product_brand?post=8106"},{"taxonomy":"product_cat","embeddable":true,"href":"https:\/\/www.fleurop-home.ch\/fr-ch\/wp-json\/wp\/v2\/product_cat?post=8106"},{"taxonomy":"product_tag","embeddable":true,"href":"https:\/\/www.fleurop-home.ch\/fr-ch\/wp-json\/wp\/v2\/product_tag?post=8106"},{"taxonomy":"woo-feed-brand","embeddable":true,"href":"https:\/\/www.fleurop-home.ch\/fr-ch\/wp-json\/wp\/v2\/woo-feed-brand?post=8106"}],"curies":[{"name":"wp","href":"https:\/\/api.w.org\/{rel}","templated":true}]}}